{"id":28859,"date":"2025-10-26T11:15:13","date_gmt":"2025-10-26T02:15:13","guid":{"rendered":"https:\/\/sword-auction.com\/?post_type=product&#038;p=28859"},"modified":"2025-10-26T11:26:16","modified_gmt":"2025-10-26T02:26:16","slug":"as24746-katana-inshu-ju-kuroemon-no-jo-kanesakinbthk-hozon-token","status":"publish","type":"product","link":"https:\/\/sword-auction.com\/en\/product\/28859\/as24746-katana-inshu-ju-kuroemon-no-jo-kanesakinbthk-hozon-token\/","title":{"rendered":"AS24746 Katana: Insh\u016b-j\u016b Kur\u014demon-no-j\u014d Kanesaki(NBTHK Hozon Token)"},"content":{"rendered":"<p>Katana in Shirasaya (NBTHK Hozon Token)<\/p>\n<p>Signature:<br \/>\nInsh\u016b-j\u016b Kur\u014demon-no-j\u014d Kanesaki \u56e0\u5dde\u4f4f\u4e5d\u90ce\u53f3\u885b\u9580\u5c09\u517c\u5148<\/p>\n<p>We divide 4 sections for each sword as Saijyo Saku, Jyojyo Saku, Jyo Saku and Regular Saku.<br \/>\nThis sword is ranked as Jyo Saku among the works by Insh\u016b-j\u016b Kur\u014demon-no-j\u014d Kanesaki.<\/p>\n<p>Habaki: Plain copper\u3000with coloring<br \/>\nBlade Length: 68.3 cm (26.89 in)<br \/>\nCurvature: 1.31 cm (0.52 in)<br \/>\nMekugi Hole: 2<br \/>\nWidth at Base (Motohaba): 3.15 cm (1.24 in)<br \/>\nWidth at Tip (Sakihaba): 2.2 cm (0.86 in)<br \/>\nThickness (Kasane): 0.9 cm (0.34 in)<br \/>\nSword Weight: 985 g<\/p>\n<p>Era: the early Edo priod, mid17th century<br \/>\nShape: wide, thick blade with a small curveture and slightly long kissaki.<br \/>\nJigane: fine Koitame hada with Chikei<br \/>\nHamon: Nioi base pointed Gunome midare with Nie <\/p>\n<p>Features:<br \/>\nShinto: Jyo Saku: Inaba<br \/>\nThe Insh\u016b Kanesaki school was a group that relocated from Mino to Inaba.<br \/>\nThis piece is a heavy and solidly built sword.<br \/>\nA Sanskrit character (Bonji) is carved on the blade.<\/p>\n<p>NBTHK Hozon Certificate<br \/>\nAoi Art Estimation Paper: Whole Oshigata included<br \/>\n<a href=\"https:\/\/www.aoijapan.com\/img\/sword\/2024\/24746-2.jpg\"><img decoding=\"async\" src=\"https:\/\/www.aoijapan.com\/img\/sword\/2024\/24746-2.jpg\" alt=\"\" width=\"32%\" height=\"32%\" \/><\/a><a href=\"https:\/\/www.aoijapan.com\/img\/sword\/2024\/24746-3.jpg\"><img decoding=\"async\" src=\"https:\/\/www.aoijapan.com\/img\/sword\/2024\/24746-3.jpg\" alt=\"\" width=\"25%\" height=\"25%\" \/><\/a><a href=\"https:\/\/www.aoijapan.com\/img\/sword\/2024\/24746-4.jpg\"><img decoding=\"async\" src=\"https:\/\/www.aoijapan.com\/img\/sword\/2024\/24746-4.jpg\" alt=\"\" width=\"27%\" height=\"27%\" \/><\/a><a href=\"https:\/\/www.aoijapan.com\/img\/sword\/2024\/24746paper-1.jpg\"><img decoding=\"async\" src=\"https:\/\/www.aoijapan.com\/img\/sword\/2024\/24746paper-1.jpg\" alt=\"\" width=\"40%\" height=\"40%\" \/><\/a>\u3000\u3000<\/p>\n","protected":false},"excerpt":{"rendered":"<p>Katana in Shirasaya (NBTHK Hozon Token) Signature: Insh\u016b-j\u016b Kur\u014demon-no-j\u014d Kanesaki \u56e0\u5dde\u4f4f\u4e5d\u90ce\u53f3\u885b\u9580\u5c09\u517c\u5148 We divide 4 sections for each sword as Saijyo Saku, Jyojyo Saku, Jyo Saku and Regular Saku. This sword is ranked as Jyo Saku among the works by Insh\u016b-j\u016b Kur\u014demon-no-j\u014d Kanesaki. Habaki: Plain copper\u3000with coloring Blade Length: 68.3 cm (26.89 in) Curvature: 1.31 cm [&#8230;]\n","protected":false},"featured_media":0,"template":"","meta":[],"class_list":["post-28859","product","type-product","status-publish","hentry","product_cat-katana-en","product_cat-sword-en"],"_links":{"self":[{"href":"https:\/\/sword-auction.com\/en\/wp-json\/wp\/v2\/product\/28859","targetHints":{"allow":["GET"]}}],"collection":[{"href":"https:\/\/sword-auction.com\/en\/wp-json\/wp\/v2\/product"}],"about":[{"href":"https:\/\/sword-auction.com\/en\/wp-json\/wp\/v2\/types\/product"}],"wp:attachment":[{"href":"https:\/\/sword-auction.com\/en\/wp-json\/wp\/v2\/media?parent=28859"}],"curies":[{"name":"wp","href":"https:\/\/api.w.org\/{rel}","templated":true}]}}