{"id":28822,"date":"2025-10-23T15:15:12","date_gmt":"2025-10-23T06:15:12","guid":{"rendered":"https:\/\/sword-auction.com\/?post_type=product&#038;p=28822"},"modified":"2025-10-23T15:15:12","modified_gmt":"2025-10-23T06:15:12","slug":"as25219-katana-bushu-ju-ishido-hata-torennbthk-tokubetsu-hozon-tokenconsignment-sale","status":"publish","type":"product","link":"https:\/\/sword-auction.com\/en\/product\/28822\/as25219-katana-bushu-ju-ishido-hata-torennbthk-tokubetsu-hozon-tokenconsignment-sale\/","title":{"rendered":"AS25219 Katana: Bushu Ju Ishido Hata Toren(NBTHK Tokubetsu Hozon Token)(Consignment Sale)"},"content":{"rendered":"<p>Katana in Shirasaya\u3000with Kohisrae(NBTHK Tokubetsu Hozon Paper)<\/p>\n<p>Signature: Bushu Ju Ishido Hata Toren(Morihisa) \u6b66\u5dde\u4f4f\u77f3\u5802\u79e6\u6771\u9023<br \/>\nKanbun 6 nen 2 gatsuhi \u5bdb\u6587\u516d\u5e74\u4e8c\u6708\u65e5<\/p>\n<p>We divide 4 sections for each sword as Saijyo Saku, Jyojyo Saku, Jyo Saku and Regular Saku.<br \/>\nThis work is ranked as Jyojyo Saku.<\/p>\n<p>Habaki: Double-layered gold-covered<br \/>\nBlade length : 68.79 cm (27.08 in)<br \/>\nSori: 1.1 cm (0.43 in)<br \/>\nMekugi: 2<br \/>\nWidth at the hamachi: 3.38 cm (1.33 in)<br \/>\nWide at the Kissaki: 2.18 cm (0.86 in)<br \/>\nKasane: 0.72 cm (0.28 in)<br \/>\nEra: the early Edo period, 1666<\/p>\n<p>Shape: wide,thick blade with small curveture, typical shape of Kanbun blade<br \/>\nJigane: Koitame hada with Jinie and faint Utsuri<br \/>\nHamon: Nioi-deki little blurring Ko-gunome and Choji with much Ashi and Yo. <\/p>\n<p>Special feature:<br \/>\nBush\u016b Ishid\u014d Hata Toren was a swordsmith from the Edo Ishid\u014d school and also signed as Morihisa.<br \/>\nThe hamon of this piece, with a fine pattern and slightly blurred, seems to emulate the style of old Ichimonji, the faint Utsuri on the Jigane also indicates that. This piece stands out as an exceptionally healthy and well-crafted work among Azumaren\u2019s works.\u3000This piece was featured as a kantei-to (appraisal sword) in Token Bijutsu No. 555, published in April, Heisei 15 (2003).<\/p>\n<p>Koshirae:<br \/>\nTsuba: iron base with a design of paulownia.<br \/>\nFuchikashira: Shakudo base with a design of waves.<br \/>\nMenuki: a design of octopus.<\/p>\n<p>NBTHK Tokubetsu Hozon Certificate<br \/>\nAoi Art estimation paper : whole Oshigata.<br \/>\n<a href=\"https:\/\/www.aoijapan.com\/img\/sword\/2025\/25519-2.jpg\"><img decoding=\"async\" src=\"https:\/\/www.aoijapan.com\/img\/sword\/2025\/25519-2.jpg\" alt=\"\" width=\"24%\" height=\"24%\" \/><\/a> <a href=\"https:\/\/www.aoijapan.com\/img\/sword\/2025\/25519-3.jpg\"><img decoding=\"async\" src=\"https:\/\/www.aoijapan.com\/img\/sword\/2025\/25519-3.jpg\" alt=\"\" width=\"20%\" height=\"20%\" \/><\/a> <a href=\"https:\/\/www.aoijapan.com\/img\/sword\/2025\/25519-4.jpg\"><img decoding=\"async\" src=\"https:\/\/www.aoijapan.com\/img\/sword\/2025\/25519-4.jpg\" alt=\"\" width=\"20%\" height=\"20%\" \/><\/a> <a href=\"https:\/\/www.aoijapan.com\/img\/sword\/2025\/25519koshirae.jpg\"><img decoding=\"async\" src=\"https:\/\/www.aoijapan.com\/img\/sword\/2025\/25519koshirae.jpg\" alt=\"\" width=\"20%\" height=\"20%\" \/><\/a><br \/>\n<a href=\"https:\/\/www.aoijapan.com\/img\/sword\/2025\/25519paper-1.jpg\"><img decoding=\"async\" src=\"https:\/\/www.aoijapan.com\/img\/sword\/2025\/25519paper-1.jpg\n\" alt=\"\" width=\u201c60%\" height=\u201c60%\" \/><\/a><br \/>\n<a href=\"https:\/\/www.aoijapan.com\/img\/sword\/2025\/25519sayagaki.jpg\"><img decoding=\"async\" src=\"https:\/\/www.aoijapan.com\/img\/sword\/2025\/25519sayagaki.jpg\" alt=\"\" width=\"30%\" height=\"30%\" \/><\/a><br \/>\n<a href=\"https:\/\/www.aoijapan.com\/img\/sword\/2025\/25519_p.jpg\"><img decoding=\"async\" src=\"https:\/\/www.aoijapan.com\/img\/sword\/2025\/25519_p.jpg\" alt=\"\" width=\u201c70%\u201d height=\u201c70%\u201d \/><\/a><\/p>\n","protected":false},"excerpt":{"rendered":"<p>Katana in Shirasaya\u3000with Kohisrae(NBTHK Tokubetsu Hozon Paper) Signature: Bushu Ju Ishido Hata Toren(Morihisa) \u6b66\u5dde\u4f4f\u77f3\u5802\u79e6\u6771\u9023 Kanbun 6 nen 2 gatsuhi \u5bdb\u6587\u516d\u5e74\u4e8c\u6708\u65e5 We divide 4 sections for each sword as Saijyo Saku, Jyojyo Saku, Jyo Saku and Regular Saku. This work is ranked as Jyojyo Saku. Habaki: Double-layered gold-covered Blade length : 68.79 cm (27.08 in) Sori: [&#8230;]\n","protected":false},"featured_media":0,"template":"","meta":[],"class_list":["post-28822","product","type-product","status-publish","hentry","product_cat-katana-en","product_cat-sword-en"],"_links":{"self":[{"href":"https:\/\/sword-auction.com\/en\/wp-json\/wp\/v2\/product\/28822","targetHints":{"allow":["GET"]}}],"collection":[{"href":"https:\/\/sword-auction.com\/en\/wp-json\/wp\/v2\/product"}],"about":[{"href":"https:\/\/sword-auction.com\/en\/wp-json\/wp\/v2\/types\/product"}],"wp:attachment":[{"href":"https:\/\/sword-auction.com\/en\/wp-json\/wp\/v2\/media?parent=28822"}],"curies":[{"name":"wp","href":"https:\/\/api.w.org\/{rel}","templated":true}]}}