{"id":28502,"date":"2025-09-28T09:33:00","date_gmt":"2025-09-28T00:33:00","guid":{"rendered":"https:\/\/sword-auction.com\/?post_type=product&#038;p=28502"},"modified":"2025-09-28T09:33:01","modified_gmt":"2025-09-28T00:33:01","slug":"as23098-katana-doshu-ju-hidehiro-kore-tsukuru-1867nbthk-hozon-token","status":"publish","type":"product","link":"https:\/\/sword-auction.com\/en\/product\/28502\/as23098-katana-doshu-ju-hidehiro-kore-tsukuru-1867nbthk-hozon-token\/","title":{"rendered":"AS23098 Katana: Dosh\u016b-j\u016b Hidehiro Kore Tsukuru (1867)(NBTHK Hozon Token)"},"content":{"rendered":"<p>Katana in Shirasaya (NBTHK Hozon Token)<\/p>\n<p>Signature:<br \/>\nDosh\u016b-j\u016b Hidehiro Kore Tsukuru \u571f\u5dde\u4f4f\u79c0\u5f18\u9020\u4e4b<br \/>\nAuspicious day, 2nd month, Keio 3 \u6176\u5fdc\u4e09\u5e74\u4e8c\u6708\u5409\u65e5<br \/>\n (1867)<\/p>\n<p>We divide 4 sections for each sword as Saijyo Saku, Jyojyo Saku, Jyo Saku and Regular Saku.<br \/>\nThis piece is ranked as Jyojyo Saku for works by T\u014dsh\u016b-j\u016b Hidehiro.<\/p>\n<p>Habaki: gold-plated single habaki<br \/>\nBlade Length: 77.0 cm (30.31 in)<br \/>\nCurvature: 0.8 cm (0.31 in)<br \/>\nMekugi Hole: 1<br \/>\nWidth at Base (Motohaba): 3.74 cm (1.47 in)<br \/>\nWidth at Tip (Sakihaba): 2.76 cm (1.09 in)<br \/>\nThickness of rim (Kasane): 0.74 cm (0.29 in)<br \/>\nSword Weight: 1160 grams<br \/>\nEra: Late Edo period, 1867<\/p>\n<p>Shape: wide, thick and almost straight blade with big Kissaki.<br \/>\nJigane: intense graine pattern of Itame and Masame<br \/>\nHamon: Nie-deki suguha with many ko-ashi. <\/p>\n<p>Features:<br \/>\nShinshinto: Jyojyo Saku, Tosa<br \/>\nDoshu-j\u016b Hidehiro was a Tosa domain smith active in the late Edo period and a disciple of Yukihide (\u5de6\u884c\u79c0).<br \/>\nThis blade has an imposing, powerful shape, with well-forged jigane.<br \/>\nThere are scratches and small rusts on the blade. Polishing can be arranged upon request for an additional 50,000 JPY.<\/p>\n<p>NBTHK Hozon Certificate<br \/>\nAoi Art estimation paper<br \/>\nWhole Oshigata<br \/>\n<a href=\"https:\/\/www.aoijapan.com\/img\/sword\/2023\/23098-2.jpg\"><img decoding=\"async\" src=\"https:\/\/www.aoijapan.com\/img\/sword\/2023\/23098-2.jpg\" alt=\"\" width=\"35%\" height=\"35%\" \/><\/a><a href=\"https:\/\/www.aoijapan.com\/img\/sword\/2023\/23098-3.jpg\"><img decoding=\"async\" src=\"https:\/\/www.aoijapan.com\/img\/sword\/2023\/23098-3.jpg\" alt=\"\" width=\"24%\" height=\"24%\" \/><\/a><a href=\"https:\/\/www.aoijapan.com\/img\/sword\/2023\/23098-4.jpg\"><img decoding=\"async\" src=\"https:\/\/www.aoijapan.com\/img\/sword\/2023\/23098-4.jpg\" alt=\"\" width=\"27%\" height=\"27%\" \/><\/a><a href=\"https:\/\/www.aoijapan.com\/img\/sword\/2023\/23098paper-1.jpg\"><img decoding=\"async\" src=\"https:\/\/www.aoijapan.com\/img\/sword\/2023\/23098paper-1.jpg\" alt=\"\" width=\"40%\" height=\"40%\" \/><\/a><br \/>\n<a href=\"https:\/\/www.aoijapan.com\/img\/sword\/2023\/23098_p.jpg\"><img decoding=\"async\" src=\"https:\/\/www.aoijapan.com\/img\/sword\/2023\/23098_p.jpg\" alt=\"\" width=\"70%\" height=\"70%\" \/><\/a>   <\/p>\n","protected":false},"excerpt":{"rendered":"<p>Katana in Shirasaya (NBTHK Hozon Token) Signature: Dosh\u016b-j\u016b Hidehiro Kore Tsukuru \u571f\u5dde\u4f4f\u79c0\u5f18\u9020\u4e4b Auspicious day, 2nd month, Keio 3 \u6176\u5fdc\u4e09\u5e74\u4e8c\u6708\u5409\u65e5 (1867) We divide 4 sections for each sword as Saijyo Saku, Jyojyo Saku, Jyo Saku and Regular Saku. This piece is ranked as Jyojyo Saku for works by T\u014dsh\u016b-j\u016b Hidehiro. Habaki: gold-plated single habaki Blade Length: [&#8230;]\n","protected":false},"featured_media":0,"template":"","meta":[],"class_list":["post-28502","product","type-product","status-publish","hentry","product_cat-katana-en","product_cat-sword-en"],"_links":{"self":[{"href":"https:\/\/sword-auction.com\/en\/wp-json\/wp\/v2\/product\/28502","targetHints":{"allow":["GET"]}}],"collection":[{"href":"https:\/\/sword-auction.com\/en\/wp-json\/wp\/v2\/product"}],"about":[{"href":"https:\/\/sword-auction.com\/en\/wp-json\/wp\/v2\/types\/product"}],"wp:attachment":[{"href":"https:\/\/sword-auction.com\/en\/wp-json\/wp\/v2\/media?parent=28502"}],"curies":[{"name":"wp","href":"https:\/\/api.w.org\/{rel}","templated":true}]}}