{"id":28288,"date":"2025-09-11T14:41:56","date_gmt":"2025-09-11T05:41:56","guid":{"rendered":"https:\/\/sword-auction.com\/product\/28288\/af25385-%e9%90%94%e7%84%a1%e9%8a%98-%e9%9b%b2%e9%be%8d%e5%9b%b3\/"},"modified":"2025-09-11T14:42:24","modified_gmt":"2025-09-11T05:42:24","slug":"af25385-%e9%90%94%e7%84%a1%e9%8a%98-%e9%9b%b2%e9%be%8d%e5%9b%b3","status":"publish","type":"product","link":"https:\/\/sword-auction.com\/en\/product\/28288\/af25385-%e9%90%94%e7%84%a1%e9%8a%98-%e9%9b%b2%e9%be%8d%e5%9b%b3\/","title":{"rendered":"AF25385 Tsuba: Mumei(unsigned) cloud and dragon"},"content":{"rendered":"<p>Ordering Number: AF25385<\/p>\n<p>Tsuba:<br \/>\nInscription: Mumei(unsigned)<\/p>\n<p>Dimensions: 6.62 cm \u00d7 5.72 cm (2.61 in \u00d7 2.25 in)<br \/>\nThickness (Seppa-dai): 0.39 cm (0.15 in)<br \/>\nWeight: 80 grams<br \/>\nEra: Edo period<\/p>\n<p>Features: An iron Mokk\u014d shape Tsuba decorated with a cloud and dragon design in gold.<\/p>\n<p>In Kiri box<br \/>\nAoi Art estimation paper<\/p>\n<p><a href=\"https:\/\/www.aoijapan.com\/img\/fittings\/2025\/F25385.jpg\"><img decoding=\"async\" src=\"https:\/\/www.aoijapan.com\/img\/fittings\/2025\/F25385.jpg\" alt=\"\" width=\"100%\" height=\"100%\" \/><\/a><\/p>\n","protected":false},"excerpt":{"rendered":"<p>Ordering Number: AF25385 Tsuba: Inscription: Mumei(unsigned) Dimensions: 6.62 cm \u00d7 5.72 cm (2.61 in \u00d7 2.25 in) Thickness (Seppa-dai): 0.39 cm (0.15 in) Weight: 80 grams Era: Edo period Features: An iron Mokk\u014d shape Tsuba decorated with a cloud and dragon design in gold. In Kiri box Aoi Art estimation paper<\/p>\n","protected":false},"featured_media":0,"template":"","meta":[],"class_list":["post-28288","product","type-product","status-publish","hentry","product_cat-tsuba-en","product_cat-fittings-en"],"_links":{"self":[{"href":"https:\/\/sword-auction.com\/en\/wp-json\/wp\/v2\/product\/28288","targetHints":{"allow":["GET"]}}],"collection":[{"href":"https:\/\/sword-auction.com\/en\/wp-json\/wp\/v2\/product"}],"about":[{"href":"https:\/\/sword-auction.com\/en\/wp-json\/wp\/v2\/types\/product"}],"wp:attachment":[{"href":"https:\/\/sword-auction.com\/en\/wp-json\/wp\/v2\/media?parent=28288"}],"curies":[{"name":"wp","href":"https:\/\/api.w.org\/{rel}","templated":true}]}}