{"id":28223,"date":"2025-09-06T16:26:22","date_gmt":"2025-09-06T07:26:22","guid":{"rendered":"https:\/\/sword-auction.com\/?post_type=product&#038;p=28223"},"modified":"2025-09-06T16:26:22","modified_gmt":"2025-09-06T07:26:22","slug":"af25372-fuchi-kashira-seneishi-nomura-kanenori","status":"publish","type":"product","link":"https:\/\/sword-auction.com\/en\/product\/28223\/af25372-fuchi-kashira-seneishi-nomura-kanenori\/","title":{"rendered":"AF25372  Fuchi Kashira: Seneishi Nomura Kanenori"},"content":{"rendered":"<p>Fuchi Kashira: <\/p>\n<p>Signature: Seneishi Nomura Kanenori<br \/>\n\u5343\u82f1\u5b50 \u91ce\u6751\u5305\u6559<\/p>\n<p>Fuchi Dimension\uff1a4.00 cm \u00d7 2.51 cm \u00d7 1.21 cm (1.57 in \u00d7 0.99 in \u00d7 0.48 in)<br \/>\nKashira Dimension:3.44 cm \u00d7 1.81 cm \u00d7 0.74 cm (1.35 in \u00d7 0.71 in \u00d7 0.29 in)<\/p>\n<p>Era: The Edo period<\/p>\n<p>Special Feature: Shakudo base. A figure resembling a senior officials are engraved with gold.<\/p>\n<p>In Kiri box<br \/>\nAoi Art estimation paper<\/p>\n<p><a href=\"https:\/\/www.aoijapan.com\/img\/fittings\/2025\/F25372.jpg\"><img decoding=\"async\" src=\"https:\/\/www.aoijapan.com\/img\/fittings\/2025\/F25372.jpg\" alt=\"\" width=\"100%\" height=\"100%\" \/><\/a><\/p>\n<p><a href=\"https:\/\/www.aoijapan.com\/img\/fittings\/2025\/F25372paper-1.jpg\"><img decoding=\"async\" src=\"https:\/\/www.aoijapan.com\/img\/fittings\/2025\/F25372paper-1.jpg\" alt=\"\" width=\"100%\" height=\"100%\" \/><\/a><\/p>\n","protected":false},"excerpt":{"rendered":"<p>Fuchi Kashira: Signature: Seneishi Nomura Kanenori \u5343\u82f1\u5b50 \u91ce\u6751\u5305\u6559 Fuchi Dimension\uff1a4.00 cm \u00d7 2.51 cm \u00d7 1.21 cm (1.57 in \u00d7 0.99 in \u00d7 0.48 in) Kashira Dimension:3.44 cm \u00d7 1.81 cm \u00d7 0.74 cm (1.35 in \u00d7 0.71 in \u00d7 0.29 in) Era: The Edo period Special Feature: Shakudo base. A figure resembling a senior [&#8230;]\n","protected":false},"featured_media":0,"template":"","meta":[],"class_list":["post-28223","product","type-product","status-publish","hentry","product_cat-fuchikashira-en","product_cat-fittings-en"],"_links":{"self":[{"href":"https:\/\/sword-auction.com\/en\/wp-json\/wp\/v2\/product\/28223","targetHints":{"allow":["GET"]}}],"collection":[{"href":"https:\/\/sword-auction.com\/en\/wp-json\/wp\/v2\/product"}],"about":[{"href":"https:\/\/sword-auction.com\/en\/wp-json\/wp\/v2\/types\/product"}],"wp:attachment":[{"href":"https:\/\/sword-auction.com\/en\/wp-json\/wp\/v2\/media?parent=28223"}],"curies":[{"name":"wp","href":"https:\/\/api.w.org\/{rel}","templated":true}]}}