{"id":28053,"date":"2025-08-24T10:51:12","date_gmt":"2025-08-24T01:51:12","guid":{"rendered":"https:\/\/sword-auction.com\/?post_type=product&#038;p=28053"},"modified":"2025-08-24T10:51:13","modified_gmt":"2025-08-24T01:51:13","slug":"as25029-tanto-bizen-koku-ju-unjinbthk-tokubetsu-hozon-token","status":"publish","type":"product","link":"https:\/\/sword-auction.com\/en\/product\/28053\/as25029-tanto-bizen-koku-ju-unjinbthk-tokubetsu-hozon-token\/","title":{"rendered":"AS25029 Tanto: Bizen Koku Ju Unji(NBTHK Tokubetsu Hozon Token)"},"content":{"rendered":"<p>Tanto in Shirasaya with Koshirae (NBTHK Tokubetsu Hozon Token)<\/p>\n<p>Signature: Bizen Koku Ju Unji \u5099\u524d\u56fd\u4f4f\u96f2\u6b21<\/p>\n<p>We divide 4 sections for each sword as Saijyo Saku, Jyojyo Saku, Jyo Saku and Regular Saku.<br \/>\nThis work is ranked as Jyojyo Saku among the works by Unji.<\/p>\n<p>Habaki: Double-layered with gold foil.<br \/>\nBlade Length: 27.7 cm (10.9in)<br \/>\nCurvature: 0.0 cm (0.0in)<br \/>\nMekugi Hole: 1<br \/>\nWidth at Base (Motohaba): 2.51 cm (0.99 in)<br \/>\nThickness of Rim (Kasane): 0.62 cm (0.24 in)<br \/>\nSword Weight: 195 g<\/p>\n<p>Era: late Kamakura to Nanbokucho<br \/>\nShape: slightly long and thick Tanto<br \/>\nJigane: A mixture of Koitame and Mokume<br \/>\nHamon: niebase, Suguha mixed with much Nie composing Sunagashi, Hotsure, Nijuba that blend in Jigane. <\/p>\n<p>Features:<br \/>\nBizen no Kuni-j\u016b Unji was a swordsmith who worked in Ukai-sh\u014d, Bizen Province, from the late Kamakura period to the early Nanbokuch\u014d period. There are dated works from the Sh\u014dwa, Bunp\u014d, Kenmu eras. Within this school, there were other smiths who bore the character \u201cUn\u201d (\u96f2) in their names, such as Unsho and Unju Their style differs from that of the Bizen Osafune school, incorporating Yamashiro or Yamato influences within the Bizen tradition, and showing workmanship reminiscent of the Rai and Aoe schools.<\/p>\n<p>Koshirae:<br \/>\nTsuba: copper Tsuba carved with a design of shells.<br \/>\nMenuki: a design of waves and a rabbit.<br \/>\nFuchikashira: Shakudo base carved with shells.<br \/>\nKurikata: imitated to a clam.<br \/>\nKozuka: Shakudo with wave design. <\/p>\n<p>Aoi Art\u2019s Comment: This is a valuable signed work by Unji.<br \/>\nThe clearly visible file marks (yasurime) are remarkable.<\/p>\n<p>NBTHK Tokubetsu Hozon Certificate<br \/>\nAoi Art estimation paper<br \/>\nWhole Oshigata<br \/>\n<a href=\"https:\/\/www.aoijapan.com\/img\/sword\/2025\/25029-2.jpg\"><img decoding=\"async\" src=\"https:\/\/www.aoijapan.com\/img\/sword\/2025\/25029-2.jpg\" alt=\"\" width=\"30%\" height=\"30%\" \/><\/a> <a href=\"https:\/\/www.aoijapan.com\/img\/sword\/2025\/25029-3.jpg\"><img decoding=\"async\" src=\"https:\/\/www.aoijapan.com\/img\/sword\/2025\/25029-3.jpg\" alt=\"\" width=\"27%\" height=\"27%\" \/><\/a> <a href=\"https:\/\/www.aoijapan.com\/img\/sword\/2025\/25029-4.jpg\"><img decoding=\"async\" src=\"https:\/\/www.aoijapan.com\/img\/sword\/2025\/25029-4.jpg\" alt=\"\" width=\"20%\" height=\"20%\" \/><\/a> <a href=\"https:\/\/www.aoijapan.com\/img\/sword\/2025\/25029koshirae.jpg\"><img decoding=\"async\" src=\"https:\/\/www.aoijapan.com\/img\/sword\/2025\/25029koshirae.jpg\" alt=\"\" width=\"15%\" height=\"15%\" \/><\/a><br \/>\n<a href=\"https:\/\/www.aoijapan.com\/img\/sword\/2025\/25029paper-1.jpg\"><img decoding=\"async\" src=\"https:\/\/www.aoijapan.com\/img\/sword\/2025\/25029paper-1.jpg\" alt=\"\" width=\"60%\" height=\"60%\" \/><\/a> <a href=\"https:\/\/www.aoijapan.com\/img\/sword\/2025\/25029paper-2.jpg\"><img decoding=\"async\" src=\"https:\/\/www.aoijapan.com\/img\/sword\/2025\/25029paper-2.jpg\" alt=\"\" width=\"60%\" height=\"60%\" \/><\/a><br \/>\n<a href=\"https:\/\/www.aoijapan.com\/img\/sword\/2025\/25029sayagaki.jpg\"><img decoding=\"async\" src=\"https:\/\/www.aoijapan.com\/img\/sword\/2025\/25029sayagaki.jpg\" alt=\"\" width=\"30%\" height=\"30%\" \/><\/a><br \/>\n<a href=\"https:\/\/www.aoijapan.com\/img\/sword\/2025\/25029_p.jpg\"><img decoding=\"async\" src=\"https:\/\/www.aoijapan.com\/img\/sword\/2025\/25029_p.jpg\" alt=\"\" width=\"70%\" height=\"70%\" \/><\/a><\/p>\n","protected":false},"excerpt":{"rendered":"<p>Tanto in Shirasaya with Koshirae (NBTHK Tokubetsu Hozon Token) Signature: Bizen Koku Ju Unji \u5099\u524d\u56fd\u4f4f\u96f2\u6b21 We divide 4 sections for each sword as Saijyo Saku, Jyojyo Saku, Jyo Saku and Regular Saku. This work is ranked as Jyojyo Saku among the works by Unji. Habaki: Double-layered with gold foil. Blade Length: 27.7 cm (10.9in) Curvature: [&#8230;]\n","protected":false},"featured_media":0,"template":"","meta":[],"class_list":["post-28053","product","type-product","status-publish","hentry","product_cat-sword-en","product_cat-tanto-en"],"_links":{"self":[{"href":"https:\/\/sword-auction.com\/en\/wp-json\/wp\/v2\/product\/28053","targetHints":{"allow":["GET"]}}],"collection":[{"href":"https:\/\/sword-auction.com\/en\/wp-json\/wp\/v2\/product"}],"about":[{"href":"https:\/\/sword-auction.com\/en\/wp-json\/wp\/v2\/types\/product"}],"wp:attachment":[{"href":"https:\/\/sword-auction.com\/en\/wp-json\/wp\/v2\/media?parent=28053"}],"curies":[{"name":"wp","href":"https:\/\/api.w.org\/{rel}","templated":true}]}}