{"id":28046,"date":"2025-08-23T14:05:57","date_gmt":"2025-08-23T05:05:57","guid":{"rendered":"https:\/\/sword-auction.com\/?post_type=product&#038;p=28046"},"modified":"2025-08-23T14:13:23","modified_gmt":"2025-08-23T05:13:23","slug":"af25337-kozukatsujo-saku-mitsuyoshinbthk-tokubetsu-hozon-tosogu","status":"publish","type":"product","link":"https:\/\/sword-auction.com\/en\/product\/28046\/af25337-kozukatsujo-saku-mitsuyoshinbthk-tokubetsu-hozon-tosogu\/","title":{"rendered":"AF25337 Kozuka:Tsujo Saku Mitsuyoshi(NBTHK Tokubetsu Hozon Tosogu)"},"content":{"rendered":"<p>Kozuka:(NBTHK Tokubetsu Hozon Tosogu)<br \/>\nKiritsuke-mei: Tsujo Saku \u901a\u4e57\u4f5c\u3000 Mitsuyoshi \u5149\u7f8e<\/p>\n<p>Dimension:\u30009.67cm x 1.35cm (3.81in x 0.53in)<\/p>\n<p>Era: the late Edo period, 17-18th century<br \/>\nFeatures:<br \/>\nA design of Mt. Fuji is rendered in high relief with inlaid colored metal on Shakudo nanako plate.<br \/>\nThe inscription on this piece was an attribution inscription later engraved by Mitsuyoshi, the 15th head of the Got\u014d family.<br \/>\nTs\u016bj\u014d was the 11th-generation metalworker of the Got\u014d family who was active in the mid-Edo period. <\/p>\n<p>In Kiri Box<br \/>\nNBTHK Hozon Certificate<br \/>\nNBTHK Tokubetsu Kicho Kodogu Certificate<br \/>\nAoi Art estimation paper<br \/>\n<a href=\"https:\/\/www.aoijapan.com\/img\/fittings\/2025\/F25337.jpg\"><img decoding=\"async\" src=\"https:\/\/www.aoijapan.com\/img\/fittings\/2025\/F25337.jpg\" alt=\"\" width=\"100%\" height=\"100%\" \/><\/a><br \/>\n<a href=\"https:\/\/www.aoijapan.com\/img\/fittings\/2025\/F25337paper-1.jpg\"><img decoding=\"async\" src=\"https:\/\/www.aoijapan.com\/img\/fittings\/2025\/F25337paper-1.jpg\" alt=\"\" width=\"100%\" height=\"100%\" \/><\/a><br \/>\n<a href=\"https:\/\/www.aoijapan.com\/img\/fittings\/2025\/F25337paper-2.jpg\"><img decoding=\"async\" src=\"https:\/\/www.aoijapan.com\/img\/fittings\/2025\/F25337paper-2.jpg\" alt=\"\" width=\"100%\" height=\"100%\" \/><\/a><\/p>\n","protected":false},"excerpt":{"rendered":"<p>Kozuka:(NBTHK Tokubetsu Hozon Tosogu) Kiritsuke-mei: Tsujo Saku \u901a\u4e57\u4f5c\u3000 Mitsuyoshi \u5149\u7f8e Dimension:\u30009.67cm x 1.35cm (3.81in x 0.53in) Era: the late Edo period, 17-18th century Features: A design of Mt. Fuji is rendered in high relief with inlaid colored metal on Shakudo nanako plate. The inscription on this piece was an attribution inscription later engraved by Mitsuyoshi, [&#8230;]\n","protected":false},"featured_media":0,"template":"","meta":[],"class_list":["post-28046","product","type-product","status-publish","hentry","product_cat-fittings-en","product_cat-kozuka-en"],"_links":{"self":[{"href":"https:\/\/sword-auction.com\/en\/wp-json\/wp\/v2\/product\/28046","targetHints":{"allow":["GET"]}}],"collection":[{"href":"https:\/\/sword-auction.com\/en\/wp-json\/wp\/v2\/product"}],"about":[{"href":"https:\/\/sword-auction.com\/en\/wp-json\/wp\/v2\/types\/product"}],"wp:attachment":[{"href":"https:\/\/sword-auction.com\/en\/wp-json\/wp\/v2\/media?parent=28046"}],"curies":[{"name":"wp","href":"https:\/\/api.w.org\/{rel}","templated":true}]}}