{"id":28043,"date":"2025-08-23T11:29:05","date_gmt":"2025-08-23T02:29:05","guid":{"rendered":"https:\/\/sword-auction.com\/?post_type=product&#038;p=28043"},"modified":"2025-08-23T11:29:05","modified_gmt":"2025-08-23T02:29:05","slug":"as25287-tanto-mumei-unsignedappraised-as-sa-kunihironbthk-36th-juyo-token","status":"publish","type":"product","link":"https:\/\/sword-auction.com\/en\/product\/28043\/as25287-tanto-mumei-unsignedappraised-as-sa-kunihironbthk-36th-juyo-token\/","title":{"rendered":"AS25287 Tanto: Mumei (Unsigned)(appraised as Sa Kunihiro)(NBTHK 36th Juyo Token)"},"content":{"rendered":"<p>Tanto: Shirasaya with Koshirae (NBTHK 36th Juyo Token)<\/p>\n<p>Signature: Mumei (Unsigned)(appraised as Sa Kunihiro, \u5de6\u56fd\u5f18)<\/p>\n<p>Sayagaki translation:<br \/>\nthe 36th Juyo Touken designated piece<br \/>\nChikuzen Sa Kunihiro<br \/>\nLength: 9 Sun 1bu and half<br \/>\nThis blade is an outstanding work that beautifully demonstrates the refinement of a nie-deki construction. The distinctive characteristics of the boshi clearly reflect the unique traits of the Sa school, and the dynamically expressive irregular pattern strongly indicates the hand of this smith(Kunihiro). The remarkable clarity and brilliance of the jigane and Hamon evoke the quality seen in the works of O-sa. Among the creations of this swordsmith, this piece can be regarded as truly exceptional \u2014 a highly rare and precious masterpiece.<br \/>\nwritten By Mr.Tanobe in March, 2012. <\/p>\n<p>We divide 4 sections for each sword as Saijyo Saku, Jyojyo Saku, Jyo Saku and Regular Saku.<br \/>\nThis piece is ranked as Saijyo Saku (highest grade) among works attributed to Mumei (Sakonihiro).<\/p>\n<p>Habaki: Double gold foiled habaki<br \/>\nBlade Length: 27.8 cm (10.94 in)<br \/>\nCurvature: 0.2 cm (0.08 in)<br \/>\nMekugi Hole: 3<br \/>\nWidth at Base (Motohaba): 2.56 cm (1.01 in)<br \/>\nThickness of rim (Kasane): 0.43 cm (0.17 in)<br \/>\nSword Weight: 150 grams<br \/>\nEra: Nanbokucho period, mid-14th century <\/p>\n<p>Shape: slightly wide and thick Mitsumune Tanto with slight carvature.<br \/>\nJigane: intense Itame hada with much Jinie and Chikei.<br \/>\nHamon: Nie base Gunomemidare with Sunagashi and Kinsuji. Boshi is midare and pointed with Hakikake. <\/p>\n<p>Features: Ch\u016bk\u014dto: Ry\u014dwazamono: Jyojyo Saku: Chikuzen<br \/>\nThe Samonji school, active in Chikuzen during the Nanbokucho period, was founded by the O-sa and included many distinguished smiths. This school established a distinctive Soshu-den style, characterized by a brilliantly clear Jigane and Hamon that differed from the conventional works made in Kyushu area. Among the group, Kunihiro was renowned for forging blades with flamboyant, irregular hamon. This blade is an excellent example of the school\u2019s artistry, featuring a well-forged, nie-rich construction with abundant activity throughout the Jigane and Hamon. The boshi, sharply turning back, exemplifies the hallmark traits of the Samonji school. <\/p>\n<p>Koshirae:<br \/>\nTsuba: Mokko-shaped shakudo plate with designs of Daruma, landscape, and gourds. Signed: Koeishi Nomura Kaneaki.<br \/>\nFuchi-Kashira: Shakudo ground with an engraved depiction of Jurojin, the God of Longevity, accompanied by a turtle symbolizing long life.<br \/>\nKozuka: Shakudo with two figures on a boat, with small knife attached.<\/p>\n<p>36th NBTHK Juyo Certificate<br \/>\nAoi Art estimation paper: Whole Oshigata<br \/>\n<a href=\"https:\/\/www.aoijapan.com\/img\/sword\/2025\/25287-2.jpg\"><img decoding=\"async\" src=\"https:\/\/www.aoijapan.com\/img\/sword\/2025\/25287-2.jpg\" alt=\"\" width=\"37%\" height=\"37%\" \/><\/a> <a href=\"https:\/\/www.aoijapan.com\/img\/sword\/2025\/25287-3.jpg\"><img decoding=\"async\" src=\"https:\/\/www.aoijapan.com\/img\/sword\/2025\/25287-3.jpg\" alt=\"\" width=\"17%\" height=\"17%\" \/><\/a> <a href=\"https:\/\/www.aoijapan.com\/img\/sword\/2025\/25287-4.jpg\"><img decoding=\"async\" src=\"https:\/\/www.aoijapan.com\/img\/sword\/2025\/25287-4.jpg\" alt=\"\" width=\"28%\" height=\"28%\" \/><\/a> <a href=\"https:\/\/www.aoijapan.com\/img\/sword\/2025\/25287koshirae.jpg\"><img decoding=\"async\" src=\"https:\/\/www.aoijapan.com\/img\/sword\/2025\/25287koshirae.jpg\" alt=\"\" width=\"11%\" height=\"11%\" \/><\/a><br \/>\n<a href=\"https:\/\/www.aoijapan.com\/img\/sword\/2025\/25287paper-1.jpg\"><img decoding=\"async\" src=\"https:\/\/www.aoijapan.com\/img\/sword\/2025\/25287paper-1.jpg\" alt=\"\" width=\"45%\" height=\"45%\" \/><\/a> <a href=\"https:\/\/www.aoijapan.com\/img\/sword\/2025\/25287paper-2.jpg\"><img decoding=\"async\" src=\"https:\/\/www.aoijapan.com\/img\/sword\/2025\/25287paper-2.jpg\" alt=\"\" width=\"53%\" height=\"53%\" \/><\/a><br \/>\n<a href=\"https:\/\/www.aoijapan.com\/img\/sword\/2025\/25287sayagaki.jpg\"><img decoding=\"async\" src=\"https:\/\/www.aoijapan.com\/img\/sword\/2025\/25287sayagaki.jpg\" alt=\"\" width=\"30%\" height=\"30%\" \/><\/a><br \/>\n<a href=\"https:\/\/www.aoijapan.com\/img\/sword\/2025\/25287_p.jpg\"><img decoding=\"async\" src=\"https:\/\/www.aoijapan.com\/img\/sword\/2025\/25287_p.jpg\" alt=\"\" width=\"70%\" height=\"70%\" \/><\/a><\/p>\n","protected":false},"excerpt":{"rendered":"<p>Tanto: Shirasaya with Koshirae (NBTHK 36th Juyo Token) Signature: Mumei (Unsigned)(appraised as Sa Kunihiro, \u5de6\u56fd\u5f18) Sayagaki translation: the 36th Juyo Touken designated piece Chikuzen Sa Kunihiro Length: 9 Sun 1bu and half This blade is an outstanding work that beautifully demonstrates the refinement of a nie-deki construction. The distinctive characteristics of the boshi clearly reflect [&#8230;]\n","protected":false},"featured_media":0,"template":"","meta":[],"class_list":["post-28043","product","type-product","status-publish","hentry","product_cat-sword-en","product_cat-tanto-en"],"_links":{"self":[{"href":"https:\/\/sword-auction.com\/en\/wp-json\/wp\/v2\/product\/28043","targetHints":{"allow":["GET"]}}],"collection":[{"href":"https:\/\/sword-auction.com\/en\/wp-json\/wp\/v2\/product"}],"about":[{"href":"https:\/\/sword-auction.com\/en\/wp-json\/wp\/v2\/types\/product"}],"wp:attachment":[{"href":"https:\/\/sword-auction.com\/en\/wp-json\/wp\/v2\/media?parent=28043"}],"curies":[{"name":"wp","href":"https:\/\/api.w.org\/{rel}","templated":true}]}}