{"id":28020,"date":"2025-08-21T10:37:33","date_gmt":"2025-08-21T01:37:33","guid":{"rendered":"https:\/\/sword-auction.com\/?post_type=product&#038;p=28020"},"modified":"2025-08-21T10:37:33","modified_gmt":"2025-08-21T01:37:33","slug":"as25382-katana-kyushu-higo-dotanuki-kozuke-no-suke-nbthk-tokubetsu-hozon-token","status":"publish","type":"product","link":"https:\/\/sword-auction.com\/en\/product\/28020\/as25382-katana-kyushu-higo-dotanuki-kozuke-no-suke-nbthk-tokubetsu-hozon-token\/","title":{"rendered":"AS25382 Katana: Kyushu Higo D\u014dtanuki K\u014dzuke no Suke (NBTHK Tokubetsu Hozon Token)"},"content":{"rendered":"<p>Katana in Shirasaya with Koshirae (NBTHK Tokubetsu Hozon Token)<br \/>\nSignature:<br \/>\nKyushu Higo D\u014dtanuki K\u014dzuke no Suke<br \/>\n\u4e5d\u5dde\u80a5\u5f8c\u540c\u7530\u8cab\u4e0a\u91ce\u4ecb<\/p>\n<p>We divide 4 sections for each sword as Saijyo Saku, Jyojyo Saku, Jyo Saku and Regular Saku.<br \/>\nThis piece is ranked as Jyojyo Saku among works by Kyushu Higo D\u014dtanuki K\u014dzuke no Suke.<\/p>\n<p>Habaki: Silver single habaki<br \/>\nBlade Length: 68.0 cm (26.8 in)<br \/>\nCurvature: 1.4 cm (0.6 in)<br \/>\nMekugi-ana: 2 holes<br \/>\nMotohaba (Width at Base): 3.3 cm (1.3 in)<br \/>\nSakihaba (Width at Tip): 2.4 cm (0.9 in)<br \/>\nKasane (Thickness): 0.5 cm (0.2 in)<br \/>\nSword Weight: 755 grams<br \/>\nEra: Azuchi-Momoyama period, around 1600 <\/p>\n<p>Shape: the wide blade with small curvature and long kissaki, the typical shape from Keicho period.<br \/>\nJigane: intense Itame pattern with jinie.<br \/>\nHamon: Nie base Suguha with Ashi. Boshi is midarekomi. <\/p>\n<p>Features:<br \/>\nThe D\u014dtanuki were a school of swordsmiths active in Kikuchi, Kumamoto. They flourished under the patronage of Kat\u014d Kiyomasa but are said to have ceased their craft with the decline of the Kat\u014d family.<br \/>\nThey are known for a style that emphasizes practicality and rugged strength\u2014qualities favored by Kiyomasa himself.<\/p>\n<p>Koshirae: Japanese Army mount<\/p>\n<p>NBTHK Tokubetsu Hozon\u3000Certificate<br \/>\nAoi Art estimation paper: Whole Oshigata<br \/>\n<a href=\"https:\/\/www.aoijapan.com\/img\/sword\/2025\/25382-2.jpg\"><img decoding=\"async\" src=\"https:\/\/www.aoijapan.com\/img\/sword\/2025\/25382-2.jpg\" alt=\"\" width=\"27%\" height=\"27%\" \/><\/a> <a href=\"https:\/\/www.aoijapan.com\/img\/sword\/2025\/25382-3.jpg\"><img decoding=\"async\" src=\"https:\/\/www.aoijapan.com\/img\/sword\/2025\/25382-3.jpg\" alt=\"\" width=\"20%\" height=\"20%\" \/><\/a> <a href=\"https:\/\/www.aoijapan.com\/img\/sword\/2025\/25382-4.jpg\"><img decoding=\"async\" src=\"https:\/\/www.aoijapan.com\/img\/sword\/2025\/25382-4.jpg\" alt=\"\" width=\"20%\" height=\"20%\" \/><\/a> <a href=\"https:\/\/www.aoijapan.com\/img\/sword\/2025\/25382koshirae.jpg\"><img decoding=\"async\" src=\"https:\/\/www.aoijapan.com\/img\/sword\/2025\/25382koshirae.jpg\" alt=\"\" width=\"18%\" height=\"18%\" \/><\/a><br \/>\n<a href=\"https:\/\/www.aoijapan.com\/img\/sword\/2025\/25382paper-1.jpg\"><img decoding=\"async\" src=\"https:\/\/www.aoijapan.com\/img\/sword\/2025\/25382paper-1.jpg\" alt=\"\" width=\"60%\" height=\"60%\" \/><\/a> <\/p>\n","protected":false},"excerpt":{"rendered":"<p>Katana in Shirasaya with Koshirae (NBTHK Tokubetsu Hozon Token) Signature: Kyushu Higo D\u014dtanuki K\u014dzuke no Suke \u4e5d\u5dde\u80a5\u5f8c\u540c\u7530\u8cab\u4e0a\u91ce\u4ecb We divide 4 sections for each sword as Saijyo Saku, Jyojyo Saku, Jyo Saku and Regular Saku. This piece is ranked as Jyojyo Saku among works by Kyushu Higo D\u014dtanuki K\u014dzuke no Suke. Habaki: Silver single habaki Blade [&#8230;]\n","protected":false},"featured_media":0,"template":"","meta":[],"class_list":["post-28020","product","type-product","status-publish","hentry","product_cat-katana-en","product_cat-sword-en"],"_links":{"self":[{"href":"https:\/\/sword-auction.com\/en\/wp-json\/wp\/v2\/product\/28020","targetHints":{"allow":["GET"]}}],"collection":[{"href":"https:\/\/sword-auction.com\/en\/wp-json\/wp\/v2\/product"}],"about":[{"href":"https:\/\/sword-auction.com\/en\/wp-json\/wp\/v2\/types\/product"}],"wp:attachment":[{"href":"https:\/\/sword-auction.com\/en\/wp-json\/wp\/v2\/media?parent=28020"}],"curies":[{"name":"wp","href":"https:\/\/api.w.org\/{rel}","templated":true}]}}