{"id":27988,"date":"2025-08-19T12:15:27","date_gmt":"2025-08-19T03:15:27","guid":{"rendered":"https:\/\/sword-auction.com\/product\/27988\/as24572-%e5%88%80%e4%bc%af%e8%80%86%e5%9b%bd%e4%bd%8f%e6%9b%99%e5%b3%af%e8%bb%92%e5%90%89%e5%b9%b8%e4%bf%9d%e5%ad%98%e5%88%80%e5%89%a3\/"},"modified":"2025-08-19T12:18:13","modified_gmt":"2025-08-19T03:18:13","slug":"as24572-%e5%88%80%e4%bc%af%e8%80%86%e5%9b%bd%e4%bd%8f%e6%9b%99%e5%b3%af%e8%bb%92%e5%90%89%e5%b9%b8%e4%bf%9d%e5%ad%98%e5%88%80%e5%89%a3","status":"publish","type":"product","link":"https:\/\/sword-auction.com\/en\/product\/27988\/as24572-%e5%88%80%e4%bc%af%e8%80%86%e5%9b%bd%e4%bd%8f%e6%9b%99%e5%b3%af%e8%bb%92%e5%90%89%e5%b9%b8%e4%bf%9d%e5%ad%98%e5%88%80%e5%89%a3\/","title":{"rendered":"AS24572  Katana : H\u014dki no Kuni-j\u016b Shokuh\u014dken Yoshiyuki(NBTHK Hozon Token)"},"content":{"rendered":"<p>Katana in Shirasaya with Koshirae (NBTHK Hozon Token)<\/p>\n<p>Signature: H\u014dki no Kuni-j\u016b Shokuh\u014dken Yoshiyuki<br \/>\nAnsei 6 Nen 2 Gatsu Hi (February, 1859)<br \/>\n\u4f2f\u8006\u56fd\u4f4f\u66d9\u5cef\u8ed2\u5409\u5e78<br \/>\n\u5b89\u653f\u516d\u5e74\u4e8c\u6708\u65e5<\/p>\n<p>Shinshinto: Jyojyo Saku: H\u014dki<br \/>\nWe divide 4 sections for each sword as Saijyo Saku, Jyojyo Saku, Jyo Saku and Regular Saku.<br \/>\nThis work is ranked as Jyojyo Saku among the works of Shokuh\u014dken Yoshiyuki from H\u014dki Province.<br \/>\nHabaki: Plain copper<br \/>\nBlade Length: 74.6 cm (29.37 in)<br \/>\nCurvature: 1.8 cm (0.71 in)<br \/>\nMekugi Hole: 1<br \/>\nWidth at Base (Motohaba): 2.95 cm (1.16 in)<br \/>\nWidth at Tip (Sakihaba): 2.01 cm (0.79 in)<br \/>\nThickness of rim (Kasane): 0.66 cm (0.26 in)<br \/>\nSword Weight: 775 grams<br \/>\nEra: Edo period, around Ansei era (1854\u20131860)<br \/>\nShape: The blade has a wide body, thick kasane, deep curvature, and an extended kissaki.<br \/>\nJigane: Well-forged ko-itame hada with deep curvature and extended kissaki.<br \/>\nHamon: Gunome-midare with well-forged pattern and slightly wide midare entering the kissaki.<\/p>\n<p>Features: Shokuh\u014dken Yoshiyuki, residing in Yonago of H\u014dki Province, was also known as Shimizu T\u014dshir\u014d.<br \/>\nHis works typically feature suguha or hako-midare hamon.<\/p>\n<p>Koshirae:<br \/>\nTsuba: Large iron tsuba with openwork carving and intertwined iron wire.<br \/>\nFuchikashira: Iron base with engraved patterns.<br \/>\nSaya (Scabbard): Black glossy lacquered saya decorated with designs using sprinkled aogai (blue shell inlay).<br \/>\nMenuki: Design of birds.<br \/>\nNBTHK Hozon Token<br \/>\nAoi Art estimation paper: Whole Oshigata<\/p>\n<p><a href=\"https:\/\/www.aoijapan.com\/img\/sword\/2024\/24572-2.jpg\"><img decoding=\"async\" src=\"https:\/\/www.aoijapan.com\/img\/sword\/2024\/24572-2.jpg\" alt=\"\" width=\"20%\" height=\"20%\" \/><\/a> <a href=\"https:\/\/www.aoijapan.com\/img\/sword\/2024\/24572-3.jpg\"><img decoding=\"async\" src=\"https:\/\/www.aoijapan.com\/img\/sword\/2024\/24572-3.jpg\" alt=\"\" width=\"20%\" height=\"20%\" \/><\/a> <a href=\"https:\/\/www.aoijapan.com\/img\/sword\/2024\/24572-4.jpg\"><img decoding=\"async\" src=\"https:\/\/www.aoijapan.com\/img\/sword\/2024\/24572-4.jpg\" alt=\"\" width=\"20%\" height=\"20%\" \/><\/a>  <a href=\"https:\/\/www.aoijapan.com\/img\/sword\/2024\/24572koshirae.jpg\"><img decoding=\"async\" src=\"https:\/\/www.aoijapan.com\/img\/sword\/2024\/24572koshirae.jpg\" alt=\"\" width=\"20%\" height=\"20%\" \/><\/a><br \/>\n<a href=\"https:\/\/www.aoijapan.com\/img\/sword\/2024\/24572paper-1.jpg\"><img decoding=\"async\" src=\"https:\/\/www.aoijapan.com\/img\/sword\/2024\/24572paper-1.jpg\" alt=\"\" width=\u201c60%\" height=\u201c60%\" \/><\/a> <a href=\"https:\/\/www.aoijapan.com\/img\/sword\/2024\/24572paper-2.jpg\"><img decoding=\"async\" src=\"https:\/\/www.aoijapan.com\/img\/sword\/2024\/24572paper-2.jpg\" alt=\"\" width=\u201c60%\" height=\u201c60%\" \/><\/a><br \/>\n<a href=\"https:\/\/www.aoijapan.com\/img\/sword\/2024\/24572sayagaki.jpg\"><img decoding=\"async\" src=\"https:\/\/www.aoijapan.com\/img\/sword\/2024\/24572sayagaki.jpg\" alt=\"\" width=\"30%\" height=\"30%\" \/><\/a><br \/>\n<a href=\"https:\/\/www.aoijapan.com\/img\/sword\/2024\/24572_p.jpg\"><img decoding=\"async\" src=\"https:\/\/www.aoijapan.com\/img\/sword\/2024\/24572_p.jpg\" alt=\"\" width=\u201c70%\u201d height=\u201c70%\u201d \/><\/a><\/p>\n","protected":false},"excerpt":{"rendered":"<p>Katana in Shirasaya with Koshirae (NBTHK Hozon Token) Signature: H\u014dki no Kuni-j\u016b Shokuh\u014dken Yoshiyuki Ansei 6 Nen 2 Gatsu Hi (February, 1859) \u4f2f\u8006\u56fd\u4f4f\u66d9\u5cef\u8ed2\u5409\u5e78 \u5b89\u653f\u516d\u5e74\u4e8c\u6708\u65e5 Shinshinto: Jyojyo Saku: H\u014dki We divide 4 sections for each sword as Saijyo Saku, Jyojyo Saku, Jyo Saku and Regular Saku. This work is ranked as Jyojyo Saku among the works [&#8230;]\n","protected":false},"featured_media":0,"template":"","meta":[],"class_list":["post-27988","product","type-product","status-publish","hentry","product_cat-katana-en","product_cat-sword-en"],"_links":{"self":[{"href":"https:\/\/sword-auction.com\/en\/wp-json\/wp\/v2\/product\/27988","targetHints":{"allow":["GET"]}}],"collection":[{"href":"https:\/\/sword-auction.com\/en\/wp-json\/wp\/v2\/product"}],"about":[{"href":"https:\/\/sword-auction.com\/en\/wp-json\/wp\/v2\/types\/product"}],"wp:attachment":[{"href":"https:\/\/sword-auction.com\/en\/wp-json\/wp\/v2\/media?parent=27988"}],"curies":[{"name":"wp","href":"https:\/\/api.w.org\/{rel}","templated":true}]}}