{"id":27983,"date":"2025-08-17T15:23:47","date_gmt":"2025-08-17T06:23:47","guid":{"rendered":"https:\/\/sword-auction.com\/?post_type=product&#038;p=27983"},"modified":"2025-08-17T15:23:47","modified_gmt":"2025-08-17T06:23:47","slug":"af25289-bo-shurikenthrowing-spike","status":"publish","type":"product","link":"https:\/\/sword-auction.com\/en\/product\/27983\/af25289-bo-shurikenthrowing-spike\/","title":{"rendered":"AF25289 B\u014d-shuriken(throwing spike)"},"content":{"rendered":"<p>B\u014d-shuriken(throwing spike): Meifu Shinkage-ry\u016b \u660e\u5e9c\u771f\u5f71\u6d41<\/p>\n<p>Mei (Signature): None<\/p>\n<p>Length: Approximately 15 cm each<br \/>\nPeriod: Modern<\/p>\n<p>Features: These are used in Meifu Shinkage-ry\u016b, a martial arts school specializing in the use of shuriken.<br \/>\n<a href=\"https:\/\/www.aoijapan.com\/img\/fittings\/2025\/F25289.jpg\"><img decoding=\"async\" src=\"https:\/\/www.aoijapan.com\/img\/fittings\/2025\/F25289.jpg\" alt=\"\" width=\"100%\" height=\"100%\" \/><\/a><br \/>\n<a href=\"https:\/\/www.aoijapan.com\/img\/fittings\/2025\/F25289paper-1.jpg\"><img decoding=\"async\" src=\"https:\/\/www.aoijapan.com\/img\/fittings\/2025\/F25289paper-1.jpg\" alt=\"\" width=\"100%\" height=\"100%\" \/><\/a><\/p>\n","protected":false},"excerpt":{"rendered":"<p>B\u014d-shuriken(throwing spike): Meifu Shinkage-ry\u016b \u660e\u5e9c\u771f\u5f71\u6d41 Mei (Signature): None Length: Approximately 15 cm each Period: Modern Features: These are used in Meifu Shinkage-ry\u016b, a martial arts school specializing in the use of shuriken.<\/p>\n","protected":false},"featured_media":0,"template":"","meta":[],"class_list":["post-27983","product","type-product","status-publish","hentry","product_cat-fittings-en","product_cat-other-en"],"_links":{"self":[{"href":"https:\/\/sword-auction.com\/en\/wp-json\/wp\/v2\/product\/27983","targetHints":{"allow":["GET"]}}],"collection":[{"href":"https:\/\/sword-auction.com\/en\/wp-json\/wp\/v2\/product"}],"about":[{"href":"https:\/\/sword-auction.com\/en\/wp-json\/wp\/v2\/types\/product"}],"wp:attachment":[{"href":"https:\/\/sword-auction.com\/en\/wp-json\/wp\/v2\/media?parent=27983"}],"curies":[{"name":"wp","href":"https:\/\/api.w.org\/{rel}","templated":true}]}}