{"id":27976,"date":"2025-08-17T12:16:29","date_gmt":"2025-08-17T03:16:29","guid":{"rendered":"https:\/\/sword-auction.com\/?post_type=product&#038;p=27976"},"modified":"2025-08-17T12:16:29","modified_gmt":"2025-08-17T03:16:29","slug":"as25004-tachi-mumeiunsignedjoshu-sueyukinbthk-hozon-token","status":"publish","type":"product","link":"https:\/\/sword-auction.com\/en\/product\/27976\/as25004-tachi-mumeiunsignedjoshu-sueyukinbthk-hozon-token\/","title":{"rendered":"AS25004 Tachi: Mumei(Unsigned)(Joshu Sueyuki)(NBTHK Hozon Token)"},"content":{"rendered":"<p>Katana in Shirasaya (NBTHK Hozon Token)<\/p>\n<p>Inscription: Mumei(Unsigned)(Joshu Sueyuki \u57ce\u5dde\u672b\u884c)<\/p>\n<p>We divide works in to Saijo Saku, Jyojyo Saku, Jyo Saku,and Regular Saku.<br \/>\nThis piece is ranked as Jyojyo Saku for Mumei(Unsigned). <\/p>\n<p>Habaki: gold-plated single habaki<br \/>\nBlade Length: 88.3cm (34.76in)<br \/>\nCurvature: 3.2cm (1.26in)<br \/>\nWidth at Base(Motohaba): 3.26cm (1.28in)<br \/>\nWidth at tip(Sakihaba): 2.33cm (0.92in)<br \/>\nThickness: 0.79cm (0.31in)<br \/>\nBlade Weight: 1005g<\/p>\n<p>Era: the late Kamakura period, around the early 14th century<br \/>\nShape: Long Tachi with deep curvature, almost Ubu.<br \/>\nJigane: refined Koitame hada with random Utsuri.<br \/>\nHamon: Konie base small turbulent hamon with SUnagashi and Kinsuji. <\/p>\n<p>Features:<br \/>\nSh\u014dsh\u016b Sueyuki was a Kyoto swordsmith active in the late Kamakura period and a disciple of Ayak\u014dji Sadatoshi.<br \/>\nHe belonged to the Rai school tradition and produced many long tachi.<br \/>\nThis work is a very long and elegant tachi, unshortened and preserving its original length, retaining the graceful appearance from the time of its forging, and is an antique piece of refined beauty.<\/p>\n<p>NBTHK Tokubetsu Hozon Certificate<br \/>\nAoi-Art estimation Paper<br \/>\nwhole Oshigata<br \/>\n<a href=\"https:\/\/www.aoijapan.com\/img\/sword\/2025\/25004-2.jpg\"><img decoding=\"async\" src=\"https:\/\/www.aoijapan.com\/img\/sword\/2025\/25004-2.jpg\" alt=\"\" width=\"38%\" height=\"38%\" \/><\/a><a href=\"https:\/\/www.aoijapan.com\/img\/sword\/2025\/25004-3.jpg\"><img decoding=\"async\" src=\"https:\/\/www.aoijapan.com\/img\/sword\/2025\/25004-3.jpg\" alt=\"\" width=\"18%\" height=\"18%\" \/><\/a><a href=\"https:\/\/www.aoijapan.com\/img\/sword\/2025\/25004-4.jpg\"><img decoding=\"async\" src=\"https:\/\/www.aoijapan.com\/img\/sword\/2025\/25004-4.jpg\" alt=\"\" width=\"25%\" height=\"25%\" \/><\/a><a href=\"https:\/\/www.aoijapan.com\/img\/sword\/2025\/25004paper-1.jpg\"><img decoding=\"async\" src=\"https:\/\/www.aoijapan.com\/img\/sword\/2025\/25004paper-1.jpg\" alt=\"\" width=\"80%\" height=\"80%\" \/><\/a><a href=\"https:\/\/www.aoijapan.com\/img\/sword\/2025\/25004sayagaki.jpg\"><img decoding=\"async\" src=\"https:\/\/www.aoijapan.com\/img\/sword\/2025\/25004sayagaki.jpg\" alt=\"\" width=\u201c40%\" height=\u201c40%\" \/><\/a><a href=\"https:\/\/www.aoijapan.com\/img\/sword\/2025\/25004_p.jpg\"><img decoding=\"async\" src=\"https:\/\/www.aoijapan.com\/img\/sword\/2025\/25004_p.jpg\" alt=\"\" width=\u201c70%\" height=\u201c70%\" \/><\/a><\/p>\n","protected":false},"excerpt":{"rendered":"<p>Katana in Shirasaya (NBTHK Hozon Token) Inscription: Mumei(Unsigned)(Joshu Sueyuki \u57ce\u5dde\u672b\u884c) We divide works in to Saijo Saku, Jyojyo Saku, Jyo Saku,and Regular Saku. This piece is ranked as Jyojyo Saku for Mumei(Unsigned). Habaki: gold-plated single habaki Blade Length: 88.3cm (34.76in) Curvature: 3.2cm (1.26in) Width at Base(Motohaba): 3.26cm (1.28in) Width at tip(Sakihaba): 2.33cm (0.92in) Thickness: 0.79cm [&#8230;]\n","protected":false},"featured_media":0,"template":"","meta":[],"class_list":["post-27976","product","type-product","status-publish","hentry","product_cat-katana-en","product_cat-sword-en"],"_links":{"self":[{"href":"https:\/\/sword-auction.com\/en\/wp-json\/wp\/v2\/product\/27976","targetHints":{"allow":["GET"]}}],"collection":[{"href":"https:\/\/sword-auction.com\/en\/wp-json\/wp\/v2\/product"}],"about":[{"href":"https:\/\/sword-auction.com\/en\/wp-json\/wp\/v2\/types\/product"}],"wp:attachment":[{"href":"https:\/\/sword-auction.com\/en\/wp-json\/wp\/v2\/media?parent=27976"}],"curies":[{"name":"wp","href":"https:\/\/api.w.org\/{rel}","templated":true}]}}