{"id":27952,"date":"2025-08-15T16:37:33","date_gmt":"2025-08-15T07:37:33","guid":{"rendered":"https:\/\/sword-auction.com\/?post_type=product&#038;p=27952"},"modified":"2025-08-15T16:37:33","modified_gmt":"2025-08-15T07:37:33","slug":"af25329-tsubanagato-hagi-ju-nakai-zensuke-tomotsune-saku%ef%bc%88nbthk-hozon-tosogu%ef%bc%89","status":"publish","type":"product","link":"https:\/\/sword-auction.com\/en\/product\/27952\/af25329-tsubanagato-hagi-ju-nakai-zensuke-tomotsune-saku%ef%bc%88nbthk-hozon-tosogu%ef%bc%89\/","title":{"rendered":"AF25329  Tsuba:Nagato Hagi ju Nakai ZENSUKE TOMOTSUNE saku\uff08NBTHK Hozon Tosogu\uff09"},"content":{"rendered":"<p>Ordering Number: AF25329<\/p>\n<p>Tsuba:\uff08NBTHK Hozon Tosogu\uff09<br \/>\nInscription: Nagato Hagi ju Nakai ZENSUKE TOMOTSUNE saku<\/p>\n<p>Dimensions: 8.40 cm x 8.21 cm (3.31 in x 3.23 in)<br \/>\nThickness: 0.36 cm (0.14 in)<br \/>\nWeight: 119\u3000g<\/p>\n<p>Era: the middle Edo period<br \/>\nFeatures: A round iron tsuba featuring a relief carving of a dragon deity and a hermit near the border, enhanced with inlay and colored details.<\/p>\n<p>Zensuke Tomotsune was a renowned Ch\u014dsh\u016b tsuba artisan who was active during the mid-Edo period and served as a retained craftsman for the M\u014dri clan. Among the Ch\u014dsh\u016b tsuba makers, known for their finely detailed and precise carvings of botanical motifs, landscapes, and dragon deities, Tomotsune stood out for the exceptional range of both his themes and artistic styles.<\/p>\n<p>In Kiri box<br \/>\nAoi Art estimation paper<br \/>\nNBTHK Hozon Tosogu paper<\/p>\n<p><a href=\"https:\/\/www.aoijapan.com\/img\/fittings\/2025\/F25329.jpg\"><img decoding=\"async\" src=\"https:\/\/www.aoijapan.com\/img\/fittings\/2025\/F25329.jpg\" alt=\"\" width=\"100%\" height=\"100%\" \/><\/a><br \/>\n<a href=\"https:\/\/www.aoijapan.com\/img\/fittings\/2025\/F25329paper-1.jpg\"><img decoding=\"async\" src=\"https:\/\/www.aoijapan.com\/img\/fittings\/2025\/F25329paper-1.jpg\" alt=\"\" width=\"100%\" height=\"100%\" \/><\/a> <\/p>\n","protected":false},"excerpt":{"rendered":"<p>Ordering Number: AF25329 Tsuba:\uff08NBTHK Hozon Tosogu\uff09 Inscription: Nagato Hagi ju Nakai ZENSUKE TOMOTSUNE saku Dimensions: 8.40 cm x 8.21 cm (3.31 in x 3.23 in) Thickness: 0.36 cm (0.14 in) Weight: 119\u3000g Era: the middle Edo period Features: A round iron tsuba featuring a relief carving of a dragon deity and a hermit near the [&#8230;]\n","protected":false},"featured_media":0,"template":"","meta":[],"class_list":["post-27952","product","type-product","status-publish","hentry","product_cat-tsuba-en","product_cat-fittings-en"],"_links":{"self":[{"href":"https:\/\/sword-auction.com\/en\/wp-json\/wp\/v2\/product\/27952","targetHints":{"allow":["GET"]}}],"collection":[{"href":"https:\/\/sword-auction.com\/en\/wp-json\/wp\/v2\/product"}],"about":[{"href":"https:\/\/sword-auction.com\/en\/wp-json\/wp\/v2\/types\/product"}],"wp:attachment":[{"href":"https:\/\/sword-auction.com\/en\/wp-json\/wp\/v2\/media?parent=27952"}],"curies":[{"name":"wp","href":"https:\/\/api.w.org\/{rel}","templated":true}]}}