{"id":27886,"date":"2025-08-09T13:43:05","date_gmt":"2025-08-09T04:43:05","guid":{"rendered":"https:\/\/sword-auction.com\/product\/27886\/as25375-%e5%88%80%ef%bc%9a%e7%ad%91%e5%b7%9e%e4%bd%8f%e5%9b%bd%e6%b2%bb%e4%bd%9c\/"},"modified":"2025-08-09T13:43:46","modified_gmt":"2025-08-09T04:43:46","slug":"as25375-%e5%88%80%ef%bc%9a%e7%ad%91%e5%b7%9e%e4%bd%8f%e5%9b%bd%e6%b2%bb%e4%bd%9c","status":"publish","type":"product","link":"https:\/\/sword-auction.com\/en\/product\/27886\/as25375-%e5%88%80%ef%bc%9a%e7%ad%91%e5%b7%9e%e4%bd%8f%e5%9b%bd%e6%b2%bb%e4%bd%9c\/","title":{"rendered":"AS25375 Katana: Chikush\u016b J\u016b Kunitomo Saku"},"content":{"rendered":"<p>Ordering number:AS25375<\/p>\n<p>Katana: In Shirasaya<\/p>\n<p>Signature: Chikush\u016b J\u016b Kunitomo Saku<br \/>\nDate: Showa 64 (January 1989)<br \/>\n\u7b51\u5dde\u4f4f\u56fd\u6cbb\u4f5c<br \/>\n\u662d\u548c\u516d\u5341\u56db\u5e74\u4e00\u6708\u65e5<\/p>\n<p>We divide 4 sections for each sword as Saijyo Saku, Jyojyo Saku, Jyo Saku, and Regular Saku.<br \/>\nThis sword is ranked as Jyo Saku among the works of Chikush\u016b J\u016b Kunitomo.<br \/>\nHabaki: Gold-plated with silver accents.<br \/>\nBlade Length: 71.4 cm (28.11 in)<br \/>\nCurvature: 1.7 cm (0.67 in)<br \/>\nMekugi Holes: 1<br \/>\nWidth at Base (Motohaba): 3.27 cm (1.29 in)<br \/>\nWidth at Tip (Sakihaba): 2.29 cm (0.9 in)<br \/>\nThickness (Kasane): 0.72 cm (0.28 in)<br \/>\nSword Weight: 805 g (1.77 lbs)<br \/>\nShape:A well-balanced piece with a wide body, slightly thick kasane, and a moderately deep curvature. The extended kissaki enhances the overall form.<br \/>\nJigane:\u3000Masame hada with chikei visible, forming a refined steel surface with remaining tempered areas.<br \/>\nHamon:\u3000A small, irregular gunome-midare created with nie-based activity. The work evokes Kamakura-era styles, featuring sunagashi and kinsuji throughout the blade. The boshi is intricately worked, with kinsuji activity, ending in a sharp tip (togariba).<\/p>\n<p>Features:\u3000Chikush\u016b J\u016b Kunitomo was a swordsmith from Fukuoka, Kyushu, and a disciple of Komiya Shir\u014d Kunimitsu. With 11 awards to his name, Kunitomo crafted high-quality blades. This piece showcases strong masame hada with dark chikei and active sunagashi and kinsuji within the hamon. Even the kissaki reflects the skilled presence of kinsuji.<\/p>\n<p>Aoi Art\u2019s Comment:\u3000This is an exceptionally well-made blade. It appears to have been crafted with inspiration from Kamakura-era swordsmith Kanemitsu. A remarkable work worth appreciating.<\/p>\n<p>Aoi Art Estimation Paper<br \/>\nWhole Oshigata<br \/>\n*Please note: The price does not include shipping fees.<\/p>\n<p><a href=\"https:\/\/www.aoijapan.com\/img\/sword\/2024\/24675-2.jpg\"><img decoding=\"async\" src=\"https:\/\/www.aoijapan.com\/img\/sword\/2024\/24675-2.jpg\" alt=\"\" width=\"30%\" height=\"30%\" \/><\/a> <a href=\"https:\/\/www.aoijapan.com\/img\/sword\/2024\/24675-3.jpg\"><img decoding=\"async\" src=\"https:\/\/www.aoijapan.com\/img\/sword\/2024\/24675-3.jpg\" alt=\"\" width=\"30%\" height=\"30%\" \/><\/a> <a href=\"https:\/\/www.aoijapan.com\/img\/sword\/2024\/24675-4.jpg\"><img decoding=\"async\" src=\"https:\/\/www.aoijapan.com\/img\/sword\/2024\/24675-4.jpg\" alt=\"\" width=\"30%\" height=\"30%\" \/><\/a><br \/>\n<a href=\"https:\/\/www.aoijapan.com\/img\/sword\/2024\/24675paper-1.jpg\"><img decoding=\"async\" src=\"https:\/\/www.aoijapan.com\/img\/sword\/2024\/24675paper-1.jpg\" alt=\"\" width=\"40%\" height=\"40%\" \/><\/a><a href=\"https:\/\/www.aoijapan.com\/img\/sword\/2024\/24675paper-2.jpg\"><img decoding=\"async\" src=\"https:\/\/www.aoijapan.com\/img\/sword\/2024\/24675paper-2.jpg\" alt=\"\" width=\"40%\" height=\"40%\" \/><\/a><br \/>\n<a href=\"https:\/\/www.aoijapan.com\/img\/sword\/2024\/24675sayagaki.jpg\"><img decoding=\"async\" src=\"https:\/\/www.aoijapan.com\/img\/sword\/2024\/24675sayagaki.jpg\" alt=\"\" width=\u201c40%\" height=\u201c40%\" \/><\/a><br \/>\n<a href=\"https:\/\/www.aoijapan.com\/img\/sword\/2024\/24675_p.jpg\"><img decoding=\"async\" src=\"https:\/\/www.aoijapan.com\/img\/sword\/2024\/24675_p.jpg\" alt=\"\" width=\u201c70%\" height=\u201c70%\" \/><\/a><\/p>\n","protected":false},"excerpt":{"rendered":"<p>Ordering number:AS25375 Katana: In Shirasaya Signature: Chikush\u016b J\u016b Kunitomo Saku Date: Showa 64 (January 1989) \u7b51\u5dde\u4f4f\u56fd\u6cbb\u4f5c \u662d\u548c\u516d\u5341\u56db\u5e74\u4e00\u6708\u65e5 We divide 4 sections for each sword as Saijyo Saku, Jyojyo Saku, Jyo Saku, and Regular Saku. This sword is ranked as Jyo Saku among the works of Chikush\u016b J\u016b Kunitomo. Habaki: Gold-plated with silver accents. Blade Length: [&#8230;]\n","protected":false},"featured_media":0,"template":"","meta":[],"class_list":["post-27886","product","type-product","status-publish","hentry","product_cat-katana-en","product_cat-sword-en"],"_links":{"self":[{"href":"https:\/\/sword-auction.com\/en\/wp-json\/wp\/v2\/product\/27886","targetHints":{"allow":["GET"]}}],"collection":[{"href":"https:\/\/sword-auction.com\/en\/wp-json\/wp\/v2\/product"}],"about":[{"href":"https:\/\/sword-auction.com\/en\/wp-json\/wp\/v2\/types\/product"}],"wp:attachment":[{"href":"https:\/\/sword-auction.com\/en\/wp-json\/wp\/v2\/media?parent=27886"}],"curies":[{"name":"wp","href":"https:\/\/api.w.org\/{rel}","templated":true}]}}