{"id":27875,"date":"2025-08-09T12:32:51","date_gmt":"2025-08-09T03:32:51","guid":{"rendered":"https:\/\/sword-auction.com\/?post_type=product&#038;p=27875"},"modified":"2025-08-09T12:32:52","modified_gmt":"2025-08-09T03:32:52","slug":"as23191-katana-%ef%bc%9a-mumei-unsignedcho-aritoshi-%e9%95%b7%e6%9c%89%e4%bf%8a-41st-nbthk-juyo-token","status":"publish","type":"product","link":"https:\/\/sword-auction.com\/en\/product\/27875\/as23191-katana-%ef%bc%9a-mumei-unsignedcho-aritoshi-%e9%95%b7%e6%9c%89%e4%bf%8a-41st-nbthk-juyo-token\/","title":{"rendered":"AS23191  Katana \uff1a Mumei (Unsigned)(Cho Aritoshi, \u9577\u6709\u4fca) (41st NBTHK Juyo Token)"},"content":{"rendered":"<p>Katana in Shirasaya with Koshirae (41st NBTHK Juyo Token)<\/p>\n<p>Signature: Mumei (Unsigned)(Cho Aritoshi, \u9577\u6709\u4fca)<\/p>\n<p>We divide 4 sections for each sword as Saijyo Saku, Jyojyo Saku, Jyo Saku and Regular Saku.<br \/>\nThis sword is ranked as Saijyo Saku (the highest grade) among the works attributed to Mumei (Cho Aritoshi, \u9577\u6709\u4fca).<\/p>\n<p>Habaki:Gold foiled double Habaki<br \/>\nBlade Length: 69.5 cm (27.36 in)<br \/>\nCurvature: 0.6 cm (0.24 in)<br \/>\nMekugi Hole: 2<br \/>\nWidth at Base (Motohaba): 2.84 cm (1.12 in)<br \/>\nWidth at Yokote (Sakihaba): 1.84 cm (0.72 in)<br \/>\nThickness of rim (Kasane): 0.53 cm (0.21 in)<br \/>\nSword Weight: 570 grams<br \/>\nEra: the late Kamakura period to the Nanbokucho, late 14th century)<br \/>\nShape: slightly thin blade with small curvature and long kissaki.<br \/>\nJigane: Itame hada with Moku and flowing grain patterns with Jinie.<br \/>\nHamon: Nie base Suguha with Nijyu-ba and Sunagashi. <\/p>\n<p>Features: Cho Aritoshi was a swordsmith of the Taima school in Yamato Province. It is said that the first generation was active in the late Kamakura period, and the second generation around the beginning of the Nanbokuch\u014d period. According to the J\u016by\u014d Zufu of this piece, this work is believed to have been made around the Kenmu era(1334-1338).<\/p>\n<p>Koshirae:<br \/>\nTsuba: made of iron<br \/>\nFuchikashira: Shakudo base with paulownia patterns.<br \/>\nMenuki: a design of a dragon.<br \/>\nSaya: Black color.<\/p>\n<p>FromAoi-Art: The jigane, which clearly reflects the characteristics of the Taima school, has a rich, beautiful luster. There are about three cracks near the tip of the blade, which are believed to have been made during battle.<\/p>\n<p>41st NBTHK Juyo Token<br \/>\nAoi Art Estimation Paper: Whole Oshigata<\/p>\n<p><a href=\"https:\/\/www.aoijapan.com\/img\/sword\/2023\/23191-2.jpg\"><img decoding=\"async\" src=\"https:\/\/www.aoijapan.com\/img\/sword\/2023\/23191-2.jpg\" alt=\"\" width=\"20%\" height=\"20%\" \/><\/a> <a href=\"https:\/\/www.aoijapan.com\/img\/sword\/2023\/23191-3.jpg\"><img decoding=\"async\" src=\"https:\/\/www.aoijapan.com\/img\/sword\/2023\/23191-3.jpg\" alt=\"\" width=\"20%\" height=\"20%\" \/><\/a> <a href=\"https:\/\/www.aoijapan.com\/img\/sword\/2023\/23191-4.jpg\"><img decoding=\"async\" src=\"https:\/\/www.aoijapan.com\/img\/sword\/2023\/23191-4.jpg\" alt=\"\" width=\"20%\" height=\"20%\" \/><\/a>  <a href=\"https:\/\/www.aoijapan.com\/img\/sword\/2023\/23191koshirae.jpg\"><img decoding=\"async\" src=\"https:\/\/www.aoijapan.com\/img\/sword\/2023\/23191koshirae.jpg\" alt=\"\" width=\"20%\" height=\"20%\" \/><\/a><br \/>\n<a href=\"https:\/\/www.aoijapan.com\/img\/sword\/2023\/23191paper-1.jpg\"><img decoding=\"async\" src=\"https:\/\/www.aoijapan.com\/img\/sword\/2023\/23191paper-1.jpg\" alt=\"\" width=\u201c60%\" height=\u201c60%\" \/><\/a> <a href=\"https:\/\/www.aoijapan.com\/img\/sword\/2023\/23191paper-2.jpg\"><img decoding=\"async\" src=\"https:\/\/www.aoijapan.com\/img\/sword\/2023\/23191paper-2.jpg\" alt=\"\" width=\u201c60%\" height=\u201c60%\" \/><\/a><br \/>\n<a href=\"https:\/\/www.aoijapan.com\/img\/sword\/2023\/23191sayagaki.jpg\"><img decoding=\"async\" src=\"https:\/\/www.aoijapan.com\/img\/sword\/2023\/23191sayagaki.jpg\" alt=\"\" width=\"30%\" height=\"30%\" \/><\/a><br \/>\n<a href=\"https:\/\/www.aoijapan.com\/img\/sword\/2023\/23191_p.jpg\"><img decoding=\"async\" src=\"https:\/\/www.aoijapan.com\/img\/sword\/2023\/23191_p.jpg\" alt=\"\" width=\u201c70%\u201d height=\u201c70%\u201d \/><\/a><\/p>\n","protected":false},"excerpt":{"rendered":"<p>Katana in Shirasaya with Koshirae (41st NBTHK Juyo Token) Signature: Mumei (Unsigned)(Cho Aritoshi, \u9577\u6709\u4fca) We divide 4 sections for each sword as Saijyo Saku, Jyojyo Saku, Jyo Saku and Regular Saku. This sword is ranked as Saijyo Saku (the highest grade) among the works attributed to Mumei (Cho Aritoshi, \u9577\u6709\u4fca). Habaki:Gold foiled double Habaki Blade [&#8230;]\n","protected":false},"featured_media":0,"template":"","meta":[],"class_list":["post-27875","product","type-product","status-publish","hentry","product_cat-katana-en","product_cat-sword-en"],"_links":{"self":[{"href":"https:\/\/sword-auction.com\/en\/wp-json\/wp\/v2\/product\/27875","targetHints":{"allow":["GET"]}}],"collection":[{"href":"https:\/\/sword-auction.com\/en\/wp-json\/wp\/v2\/product"}],"about":[{"href":"https:\/\/sword-auction.com\/en\/wp-json\/wp\/v2\/types\/product"}],"wp:attachment":[{"href":"https:\/\/sword-auction.com\/en\/wp-json\/wp\/v2\/media?parent=27875"}],"curies":[{"name":"wp","href":"https:\/\/api.w.org\/{rel}","templated":true}]}}