{"id":27849,"date":"2025-08-07T12:54:48","date_gmt":"2025-08-07T03:54:48","guid":{"rendered":"https:\/\/sword-auction.com\/?post_type=product&#038;p=27849"},"modified":"2025-08-07T12:54:48","modified_gmt":"2025-08-07T03:54:48","slug":"as25303-katana-noshu-ju-kanemasa-akasaka-gantetsu-saku-kore","status":"publish","type":"product","link":"https:\/\/sword-auction.com\/en\/product\/27849\/as25303-katana-noshu-ju-kanemasa-akasaka-gantetsu-saku-kore\/","title":{"rendered":"AS25303 Katana: Noshu Ju Kanemasa Akasaka Gantetsu Saku Kore"},"content":{"rendered":"<p>Katana: in Koshirae<\/p>\n<p>Signature:<br \/>\nNoshu Ju Kanemasa Akasaka Gantetsu Saku Kore<br \/>\n\u6fc3\u5dde\u4f4f\u517c\u6b63\u8d64\u5742\u5ca9\u9244\u4f5c\u4e4b<br \/>\nShowa 56 Nen Banshu(Late Autumn,1981)<br \/>\n\u662d\u548c\u4e94\u5341\u516d\u5e74\u6669\u79cb<\/p>\n<p>We divide 4 sections for each sword as Saijyo Saku, Jyojyo Saku, Jyo Saku and Regular Saku.<br \/>\nThis work is ranked as Jyojyo Saku among the works by Noshu Ju Kanemasa Akasaka Gantetsu.<\/p>\n<p>Habaki: Single-layered suaka (plain copper)<br \/>\nBlade Length: 71.2 cm (28.03 in)<br \/>\nCurvature: 1.8 cm (0.71 in)<br \/>\nMekugi Hole: 1<br \/>\nWidth at Base (Motohaba): 3.32 cm (1.31 in)<br \/>\nWidth at Tip (Sakihaba): 2.59 cm (1.02 in)<br \/>\nThickness of rim (Kasane): 0.75 cm (0.30 in)<br \/>\nSword Weight: 940 g<br \/>\nEra: Showa 56 (1981)<br \/>\nShape: slightly wide and deep warped blade with Ububa.<br \/>\nJigane: Koitame hada<br \/>\nHamon: Nie base Suguha with Koashi. Boshi is midarekomi. <\/p>\n<p>Features:<br \/>\nN\u014dsh\u016b-j\u016b Kanemasa is a modern swordsmith based in Gifu Prefecture. His real name is Masami \u014cno. This piece is well-suited for iaid\u014d practice.<\/p>\n<p>Koshirae:<br \/>\nTsuba: Iron tsuba<br \/>\nFuchikashira: made of iron<br \/>\nMenuki: Plant motif<\/p>\n<p>Aoi Art estimation paper: Whole Oshigata<br \/>\n<a href=\"https:\/\/www.aoijapan.com\/img\/sword\/2025\/25303-2.jpg\"><img decoding=\"async\" src=\"https:\/\/www.aoijapan.com\/img\/sword\/2025\/25303-2.jpg\" alt=\"\" width=\"28%\" height=\"28%\" \/><\/a> <a href=\"https:\/\/www.aoijapan.com\/img\/sword\/2025\/25303-3.jpg\"><img decoding=\"async\" src=\"https:\/\/www.aoijapan.com\/img\/sword\/2025\/25303-3.jpg\" alt=\"\" width=\"18%\" height=\"18%\" \/><\/a> <a href=\"https:\/\/www.aoijapan.com\/img\/sword\/2025\/25303-4.jpg\"><img decoding=\"async\" src=\"https:\/\/www.aoijapan.com\/img\/sword\/2025\/25303-4.jpg\" alt=\"\" width=\"22%\" height=\"22%\" \/><\/a> <a href=\"https:\/\/www.aoijapan.com\/img\/sword\/2025\/25303koshirae.jpg\"><img decoding=\"async\" src=\"https:\/\/www.aoijapan.com\/img\/sword\/2025\/25303koshirae.jpg\" alt=\"\" width=\"17%\" height=\"17%\" \/><\/a><\/p>\n","protected":false},"excerpt":{"rendered":"<p>Katana: in Koshirae Signature: Noshu Ju Kanemasa Akasaka Gantetsu Saku Kore \u6fc3\u5dde\u4f4f\u517c\u6b63\u8d64\u5742\u5ca9\u9244\u4f5c\u4e4b Showa 56 Nen Banshu(Late Autumn,1981) \u662d\u548c\u4e94\u5341\u516d\u5e74\u6669\u79cb We divide 4 sections for each sword as Saijyo Saku, Jyojyo Saku, Jyo Saku and Regular Saku. This work is ranked as Jyojyo Saku among the works by Noshu Ju Kanemasa Akasaka Gantetsu. Habaki: Single-layered suaka (plain [&#8230;]\n","protected":false},"featured_media":0,"template":"","meta":[],"class_list":["post-27849","product","type-product","status-publish","hentry","product_cat-katana-en","product_cat-sword-en"],"_links":{"self":[{"href":"https:\/\/sword-auction.com\/en\/wp-json\/wp\/v2\/product\/27849","targetHints":{"allow":["GET"]}}],"collection":[{"href":"https:\/\/sword-auction.com\/en\/wp-json\/wp\/v2\/product"}],"about":[{"href":"https:\/\/sword-auction.com\/en\/wp-json\/wp\/v2\/types\/product"}],"wp:attachment":[{"href":"https:\/\/sword-auction.com\/en\/wp-json\/wp\/v2\/media?parent=27849"}],"curies":[{"name":"wp","href":"https:\/\/api.w.org\/{rel}","templated":true}]}}