{"id":27676,"date":"2025-07-25T10:07:53","date_gmt":"2025-07-25T01:07:53","guid":{"rendered":"https:\/\/sword-auction.com\/?post_type=product&#038;p=27676"},"modified":"2025-07-25T10:07:54","modified_gmt":"2025-07-25T01:07:54","slug":"as25312-wakizashihizen-koku-tadayoshi-%e8%82%a5%e5%89%8d%e5%9b%bd%e5%bf%a0%e5%90%89-1st-generationnbthk-tokubetsu-hozon-token","status":"publish","type":"product","link":"https:\/\/sword-auction.com\/en\/product\/27676\/as25312-wakizashihizen-koku-tadayoshi-%e8%82%a5%e5%89%8d%e5%9b%bd%e5%bf%a0%e5%90%89-1st-generationnbthk-tokubetsu-hozon-token\/","title":{"rendered":"AS25312   Wakizashi:Hizen Koku Tadayoshi \u80a5\u524d\u56fd\u5fe0\u5409 (1st generation)(NBTHK Tokubetsu Hozon Token)"},"content":{"rendered":"<p>Wakizashi: in Shirasaya (NBTHK Tokubetsu Hozon Token)<\/p>\n<p>Inscription: Hizen Koku Tadayoshi \u80a5\u524d\u56fd\u5fe0\u5409 (1st generation)<\/p>\n<p>We divide works in to Saijo Saku, Jyojyo Saku, Jyo Saku,and Regular Saku.<br \/>\nThis piece is ranked as Jyojyo Saku for Hizen Koku Tadayoshi.<br \/>\nHabaki: gold-plated double habaki<br \/>\nBlade Length: 52.4cm (20.63in)<br \/>\nCurvature: 1.2cm (0.47in)<br \/>\nWidth at Base(Motohaba): 2.67cm (1.05in)<br \/>\nWidth at tip(Sakihaba): 2.37cm (0.93in)<br \/>\nThickness: 0.62cm (0.24in)<br \/>\nBlade Weight: 535g<br \/>\nEra: the early Edo period around Keicho era<br \/>\nShape: wide and thick blade with a long kissaki.<br \/>\nJigane: extremely fine Koitame hada<br \/>\nHamon: Konie base Suguha with Koasi and rounded Boshi. <\/p>\n<p>Features: Shinto: Saijo Owazamono: Saijosaku<br \/>\nThe 1st generation Hizen no Kuni Tadayoshi is renowned as the founder and the best swordsmith in Hizen swordsmith school.\u3000His swords are also known for its excellent cutting ability and has been designated as an \u014d-wazamono (great cutter). Tadayoshi was a swordsmith born in Saga in 1572. He once traveled to Kyoto and studied under Umetada My\u014dju. After returning to Saga, he served as an official swordsmith for the Saga Domain. He signed his works with various names, including Hizen kuni j\u016bnin Tadayoshi saku, Hizen kuni Musashi Daij\u014d Tadahiro, and Hizen kuni j\u016b Fujiwara Tadahiro.<\/p>\n<p>NBTHK Hozon\u3000Certificate<br \/>\nAoi-Art estimation Paper<br \/>\nwhole Oshigata<\/p>\n<p><a href=\"https:\/\/www.aoijapan.com\/img\/sword\/2025\/25312-2.jpg\"><img decoding=\"async\" src=\"https:\/\/www.aoijapan.com\/img\/sword\/2025\/25312-2.jpg\" alt=\"\" width=\"30%\" height=\"30%\" \/><\/a><a href=\"https:\/\/www.aoijapan.com\/img\/sword\/2025\/25312-3.jpg\"><img decoding=\"async\" src=\"https:\/\/www.aoijapan.com\/img\/sword\/2025\/25312-3.jpg\" alt=\"\" width=\"35%\" height=\"35%\" \/><\/a><a href=\"https:\/\/www.aoijapan.com\/img\/sword\/2025\/25312-4.jpg\"><img decoding=\"async\" src=\"https:\/\/www.aoijapan.com\/img\/sword\/2025\/25312-4.jpg\" alt=\"\" width=\"25%\" height=\"25%\" \/><\/a><a href=\"https:\/\/www.aoijapan.com\/img\/sword\/2025\/25312paper-1.jpg\"><img decoding=\"async\" src=\"https:\/\/www.aoijapan.com\/img\/sword\/2025\/25312paper-1.jpg\" alt=\"\" width=\"40%\" height=\"40%\" \/><\/a><a href=\"https:\/\/www.aoijapan.com\/img\/sword\/2025\/25312_p.jpg\"><img decoding=\"async\" src=\"https:\/\/www.aoijapan.com\/img\/sword\/2025\/25312_p.jpg\" alt=\"\" width=\u201c70%\" height=\u201c70%\" \/><\/a><\/p>\n","protected":false},"excerpt":{"rendered":"<p>Wakizashi: in Shirasaya (NBTHK Tokubetsu Hozon Token) Inscription: Hizen Koku Tadayoshi \u80a5\u524d\u56fd\u5fe0\u5409 (1st generation) We divide works in to Saijo Saku, Jyojyo Saku, Jyo Saku,and Regular Saku. This piece is ranked as Jyojyo Saku for Hizen Koku Tadayoshi. Habaki: gold-plated double habaki Blade Length: 52.4cm (20.63in) Curvature: 1.2cm (0.47in) Width at Base(Motohaba): 2.67cm (1.05in) Width [&#8230;]\n","protected":false},"featured_media":0,"template":"","meta":[],"class_list":["post-27676","product","type-product","status-publish","hentry","product_cat-wakizashi-en","product_cat-sword-en"],"_links":{"self":[{"href":"https:\/\/sword-auction.com\/en\/wp-json\/wp\/v2\/product\/27676","targetHints":{"allow":["GET"]}}],"collection":[{"href":"https:\/\/sword-auction.com\/en\/wp-json\/wp\/v2\/product"}],"about":[{"href":"https:\/\/sword-auction.com\/en\/wp-json\/wp\/v2\/types\/product"}],"wp:attachment":[{"href":"https:\/\/sword-auction.com\/en\/wp-json\/wp\/v2\/media?parent=27676"}],"curies":[{"name":"wp","href":"https:\/\/api.w.org\/{rel}","templated":true}]}}