{"id":27499,"date":"2025-07-10T17:05:25","date_gmt":"2025-07-10T08:05:25","guid":{"rendered":"https:\/\/sword-auction.com\/?post_type=product&#038;p=27499"},"modified":"2025-07-10T17:05:25","modified_gmt":"2025-07-10T08:05:25","slug":"af25252-daisho-tsubachoshu-enri-zonbthk-tokubetsu-hozon","status":"publish","type":"product","link":"https:\/\/sword-auction.com\/en\/product\/27499\/af25252-daisho-tsubachoshu-enri-zonbthk-tokubetsu-hozon\/","title":{"rendered":"AF25252  Daisho Tsuba:Choshu Enri Zo(NBTHK Tokubetsu Hozon)"},"content":{"rendered":"<p>Daisho Tsuba:Dragon in wild waves(NBTHK Tokubetsu Hozon)<br \/>\nSignature: Choshu Enri Zo<br \/>\n\u9577\u5dde\u71d5\u91cc\u9020<\/p>\n<p>Dai(large):<br \/>\nLength: 7.75 cm \u00d7 7.63 cm (3.05 in \u00d7 3.00 in)<br \/>\nKasane (Seppadai): 0.49 cm (0.19 in)<br \/>\nWeight: 145 grams<\/p>\n<p>Sho(small):<br \/>\nLength: 7.58 cm \u00d7 7.42 cm (2.98 in \u00d7 2.92 in)<br \/>\nKasane (Seppadai): 0.52 cm (0.20 in)<br \/>\nWeight:141 grams<\/p>\n<p>Features:Rounded iron base. Dragon in wild waves is engraved with inlay.<br \/>\nEra: the late Edo period.<\/p>\n<p>In Kiri box<br \/>\nAoi Art estimation paper<br \/>\nNBTHK Tokubetsu Hozon paper<\/p>\n<p><a href=\"https:\/\/www.aoijapan.com\/img\/fittings\/2025\/F25252.jpg\"><img decoding=\"async\" src=\"https:\/\/www.aoijapan.com\/img\/fittings\/2025\/F25252.jpg\" alt=\"\" width=\"100%\" height=\"100%\" \/><\/a><br \/>\n<a href=\"https:\/\/www.aoijapan.com\/img\/fittings\/2025\/F25252paper-1.jpg\"><img decoding=\"async\" src=\"https:\/\/www.aoijapan.com\/img\/fittings\/2025\/F25252paper-1.jpg\" alt=\"\" width=\"100%\" height=\"100%\" \/><\/a><\/p>\n","protected":false},"excerpt":{"rendered":"<p>Daisho Tsuba:Dragon in wild waves(NBTHK Tokubetsu Hozon) Signature: Choshu Enri Zo \u9577\u5dde\u71d5\u91cc\u9020 Dai(large): Length: 7.75 cm \u00d7 7.63 cm (3.05 in \u00d7 3.00 in) Kasane (Seppadai): 0.49 cm (0.19 in) Weight: 145 grams Sho(small): Length: 7.58 cm \u00d7 7.42 cm (2.98 in \u00d7 2.92 in) Kasane (Seppadai): 0.52 cm (0.20 in) Weight:141 grams Features:Rounded iron [&#8230;]\n","protected":false},"featured_media":0,"template":"","meta":[],"class_list":["post-27499","product","type-product","status-publish","hentry","product_cat-tsuba-en","product_cat-fittings-en"],"_links":{"self":[{"href":"https:\/\/sword-auction.com\/en\/wp-json\/wp\/v2\/product\/27499","targetHints":{"allow":["GET"]}}],"collection":[{"href":"https:\/\/sword-auction.com\/en\/wp-json\/wp\/v2\/product"}],"about":[{"href":"https:\/\/sword-auction.com\/en\/wp-json\/wp\/v2\/types\/product"}],"wp:attachment":[{"href":"https:\/\/sword-auction.com\/en\/wp-json\/wp\/v2\/media?parent=27499"}],"curies":[{"name":"wp","href":"https:\/\/api.w.org\/{rel}","templated":true}]}}