{"id":27391,"date":"2025-07-01T14:56:03","date_gmt":"2025-07-01T05:56:03","guid":{"rendered":"https:\/\/sword-auction.com\/?post_type=product&#038;p=27391"},"modified":"2025-07-01T15:10:52","modified_gmt":"2025-07-01T06:10:52","slug":"af25250-tsuba-yuosai-yoshihidenbthk-hozon-tosogu","status":"publish","type":"product","link":"https:\/\/sword-auction.com\/en\/product\/27391\/af25250-tsuba-yuosai-yoshihidenbthk-hozon-tosogu\/","title":{"rendered":"AF25250  Tsuba: Yuosai Yoshihide(NBTHK Hozon Tosogu)"},"content":{"rendered":"<p>Tsuba:Sagemono Zu(NBTHK Hozon Tosogu)<br \/>\nInscription: Yuosai Yoshihide<br \/>\n\u904a\u7fc1\u658e\u3000\u5b9c\u79c0<\/p>\n<p>Dimensions: 6.65 cm x 6.11 cm (2.62 in x 2.41 in)<br \/>\nThickness of center:\u30000.20 cm (0.08 in)<br \/>\nWeight:53\u3000g<\/p>\n<p>Era: the Edo period<br \/>\nFeatures: A tetsu-ji (iron ground) tsuba in the form of a variant bowl shape, featuring a takamaki-e high-relief carving of hanging objects (tezumono) with inlays and colored decoration.<br \/>\nSupplement: Y\u016b\u014dsai Yoshihide was a member of the Sakuma family. In his later years, he used the art name &#8220;Y\u016b\u014d.&#8221; He was a skilled artisan known for crafting tsuba with openwork designs and deeply carved motifs of plants and trees.<br \/>\n(Excerpt from Kink\u014d Jiten by H\u014dmatsu Wakamatsu, published by T\u014dken Shunj\u016b Shimbunsha, p.209)<\/p>\n<p>In Kiri box<br \/>\nNBTHK Hozon Certificate<br \/>\nAoi Art estimation paper<\/p>\n<p><a href=\"https:\/\/www.aoijapan.com\/img\/fittings\/2025\/F25250.jpg\"><img decoding=\"async\" src=\"https:\/\/www.aoijapan.com\/img\/fittings\/2025\/F25250.jpg\" alt=\"\" width=\"100%\" height=\"100%\" \/><\/a><br \/>\n<a href=\"https:\/\/www.aoijapan.com\/img\/fittings\/2025\/F25250paper-1.jpg\"><img decoding=\"async\" src=\"https:\/\/www.aoijapan.com\/img\/fittings\/2025\/F25250paper-1.jpg\" alt=\"\" width=\"100%\" height=\"100%\" \/><\/a> <\/p>\n","protected":false},"excerpt":{"rendered":"<p>Tsuba:Sagemono Zu(NBTHK Hozon Tosogu) Inscription: Yuosai Yoshihide \u904a\u7fc1\u658e\u3000\u5b9c\u79c0 Dimensions: 6.65 cm x 6.11 cm (2.62 in x 2.41 in) Thickness of center:\u30000.20 cm (0.08 in) Weight:53\u3000g Era: the Edo period Features: A tetsu-ji (iron ground) tsuba in the form of a variant bowl shape, featuring a takamaki-e high-relief carving of hanging objects (tezumono) with inlays [&#8230;]\n","protected":false},"featured_media":0,"template":"","meta":[],"class_list":["post-27391","product","type-product","status-publish","hentry","product_cat-tsuba-en","product_cat-fittings-en"],"_links":{"self":[{"href":"https:\/\/sword-auction.com\/en\/wp-json\/wp\/v2\/product\/27391","targetHints":{"allow":["GET"]}}],"collection":[{"href":"https:\/\/sword-auction.com\/en\/wp-json\/wp\/v2\/product"}],"about":[{"href":"https:\/\/sword-auction.com\/en\/wp-json\/wp\/v2\/types\/product"}],"wp:attachment":[{"href":"https:\/\/sword-auction.com\/en\/wp-json\/wp\/v2\/media?parent=27391"}],"curies":[{"name":"wp","href":"https:\/\/api.w.org\/{rel}","templated":true}]}}