{"id":27361,"date":"2025-06-28T11:57:12","date_gmt":"2025-06-28T02:57:12","guid":{"rendered":"https:\/\/sword-auction.com\/?post_type=product&#038;p=27361"},"modified":"2025-06-28T11:57:12","modified_gmt":"2025-06-28T02:57:12","slug":"as25216-wakizashi-signature-oite-washu-koriyama-ecchu-kami-nyudo-kiju-genbun-5-nen-2-gatsu-kichijitsu-75-sai-zo-kore-february%e3%80%801741-at-the-age-of-75nbthk-tokubetsu-hozon-token","status":"publish","type":"product","link":"https:\/\/sword-auction.com\/en\/product\/27361\/as25216-wakizashi-signature-oite-washu-koriyama-ecchu-kami-nyudo-kiju-genbun-5-nen-2-gatsu-kichijitsu-75-sai-zo-kore-february%e3%80%801741-at-the-age-of-75nbthk-tokubetsu-hozon-token\/","title":{"rendered":"AS25216  Wakizashi: Signature: Oite Washu Koriyama Ecchu Kami Nyudo Kij\u016b Genbun 5 Nen 2 Gatsu Kichijitsu 75 Sai Zo Kore (February\u30001741, at the age of 75)(NBTHK Tokubetsu Hozon Token)"},"content":{"rendered":"<p>Wakizashi in Shirasaya with Koshirae (NBTHK Tokubetsu Hozon Token)<\/p>\n<p>Signature: Oite Washu Koriyama Ecchu Kami Nyudo Kij\u016b<br \/>\nGenbun 5\u3000Nen 2 Gatsu Kichijitsu 75 Sai Zo Kore<br \/>\n(February\u30001741, at the age of 75)<br \/>\n\u65bc\u548c\u5dde\u90e1\u5c71\u8d8a\u4e2d\u5b88\u5165\u9053\u8a18\u5145<br \/>\n\u5143\u6587\u4e94\u5e74\u4e8c\u6708\u5409\u65e5\u4e03\u5341\u4e94\u6b73\u9020\u4e4b<\/p>\n<p>Shinto: Wazamono: Jyo-Jyo Saku: Yamato<br \/>\nWe divide 4 sections for each sword as Saijyo Saku, Jyojyo Saku, Jyo Saku and Regular Saku.<br \/>\nThis work is ranked as Jyojyo Saku among the swords by Ecchu no Kami Nyudo Kij\u016b of Koriyama in Yamato province.<br \/>\nHabaki: Gold-covered single piece<br \/>\nBlade Length: 53.8 cm (21.18 in)<br \/>\nCurvature: 1.0 cm (0.39 in)<br \/>\nMekugi Hole: 1<br \/>\nWidth at Base (Motohaba): 3.01 cm (1.18 in)<br \/>\nWidth at Tip: 1.05 cm (0.41 in)<br \/>\nThickness of rim (Kasane): 0.71 cm (0.28 in)<br \/>\nSword Weight: 510 grams<br \/>\nEra: Mid-Edo period, around Genbun era (1741)<br \/>\nShape: Wide blade with slightly thick kasane and moderate curvature, boshi is somewhat extended.<br \/>\nJigane: Clearly visible hada, with occasional yakiba appearing in the shinogiji.<br \/>\nHamon: Gunome-midare rises from the hamachi, forming a highly active and undulating t\u014dranba style.<br \/>\nInside the hamon, sunagashi and kinsuji are present, and the boshi shows irregular midare.<\/p>\n<p>Features:\u3000Kij\u016b, originally named Terukuni, was the son of Ecchu no Kami Kanekuni.<br \/>\nHe was active mainly around the Kan&#8217;ei, Sh\u014dtoku, and Ky\u014dh\u014d eras.<br \/>\nHe became a monk around H\u014dei 3 (1706).<br \/>\nThis blade features a dynamic gunome-midare with deep nioiguchi, rich in activity such as kinsuji and sunagashi within the hamon.<br \/>\nThe boshi is round with sweeping hakikake.<br \/>\nThe front and back inscriptions are carved with &#8220;Oite Washu Koriyama Ecchu no Kami Nyudo Kij\u016b&#8221;, and the bold, highly active t\u014dranba hamon is truly remarkable.<\/p>\n<p>Koshirae:<br \/>\nTsuba: Shakudo migaki-ji with engraved and gold-inlaid motifs of peony and plum blossoms.<br \/>\nRim is silver covered.<br \/>\nFuchikashira: Shakudo with engraved design of bamboo and figures, with gold inlay.<br \/>\nSigned: Masaharu.<br \/>\nSaya (Scabbard): Aogai (blue shell inlay) with painted dragonflies in black.<br \/>\nKojiri: Shakudo with high-relief carving of Gama Sennin (Toad Immortal) with gold inlay.<br \/>\nMenuki: Shakudo with high-relief carvings of dogs and wildflowers in gold inlay.<br \/>\nKozuka: Shakudo nanako-ji with high-relief carving of lions and peonies in gold and silver inlay.<br \/>\nKogatana: Small blade from Seki.<\/p>\n<p>Aoi Art\u2019s Comment:\u3000This is a bold and solidly made wakizashi signed on both sides with \u201cOite Washu Koriyama Ecchu no Kami Nyudo Kij\u016b.\u201d<br \/>\nWe highly recommend this blade featuring an excellent and dynamic t\u014dranba hamon.<\/p>\n<p>NBTHK Tokubetsu Hozon Token Certificate<br \/>\nAoi Art Estimation Paper: Whole Oshigata<\/p>\n<p><a href=\"https:\/\/www.aoijapan.com\/img\/sword\/2025\/25216-2.jpg\"><img decoding=\"async\" src=\"https:\/\/www.aoijapan.com\/img\/sword\/2025\/25216-2.jpg\" alt=\"\" width=\"20%\" height=\"20%\" \/><\/a> <a href=\"https:\/\/www.aoijapan.com\/img\/sword\/2025\/25216-3.jpg\"><img decoding=\"async\" src=\"https:\/\/www.aoijapan.com\/img\/sword\/2025\/25216-3.jpg\" alt=\"\" width=\"20%\" height=\"20%\" \/><\/a> <a href=\"https:\/\/www.aoijapan.com\/img\/sword\/2025\/25216-4.jpg\"><img decoding=\"async\" src=\"https:\/\/www.aoijapan.com\/img\/sword\/2025\/25216-4.jpg\" alt=\"\" width=\"20%\" height=\"20%\" \/><\/a>  <a href=\"https:\/\/www.aoijapan.com\/img\/sword\/2025\/25216koshirae.jpg\"><img decoding=\"async\" src=\"https:\/\/www.aoijapan.com\/img\/sword\/2025\/25216koshirae.jpg\" alt=\"\" width=\"20%\" height=\"20%\" \/><\/a><br \/>\n<a href=\"https:\/\/www.aoijapan.com\/img\/sword\/2025\/25216paper-1.jpg\"><img decoding=\"async\" src=\"https:\/\/www.aoijapan.com\/img\/sword\/2025\/25216paper-1.jpg\" alt=\"\" width=\u201c60%\" height=\u201c60%\" \/><\/a> <a href=\"https:\/\/www.aoijapan.com\/img\/sword\/2025\/25216paper-2.jpg\"><img decoding=\"async\" src=\"https:\/\/www.aoijapan.com\/img\/sword\/2025\/25216paper-2.jpg\" alt=\"\" width=\u201c60%\" height=\u201c60%\" \/><\/a><br \/>\n<a href=\"https:\/\/www.aoijapan.com\/img\/sword\/2025\/25216sayagaki.jpg\"><img decoding=\"async\" src=\"https:\/\/www.aoijapan.com\/img\/sword\/2025\/25216sayagaki.jpg\" alt=\"\" width=\"30%\" height=\"30%\" \/><\/a><br \/>\n<a href=\"https:\/\/www.aoijapan.com\/img\/sword\/2025\/25216_p.jpg\"><img decoding=\"async\" src=\"https:\/\/www.aoijapan.com\/img\/sword\/2025\/25216_p.jpg\" alt=\"\" width=\u201c70%\u201d height=\u201c70%\u201d \/><\/a\n<\/p>\n","protected":false},"excerpt":{"rendered":"<p>Wakizashi in Shirasaya with Koshirae (NBTHK Tokubetsu Hozon Token) Signature: Oite Washu Koriyama Ecchu Kami Nyudo Kij\u016b Genbun 5\u3000Nen 2 Gatsu Kichijitsu 75 Sai Zo Kore (February\u30001741, at the age of 75) \u65bc\u548c\u5dde\u90e1\u5c71\u8d8a\u4e2d\u5b88\u5165\u9053\u8a18\u5145 \u5143\u6587\u4e94\u5e74\u4e8c\u6708\u5409\u65e5\u4e03\u5341\u4e94\u6b73\u9020\u4e4b Shinto: Wazamono: Jyo-Jyo Saku: Yamato We divide 4 sections for each sword as Saijyo Saku, Jyojyo Saku, Jyo Saku and Regular [&#8230;]\n","protected":false},"featured_media":0,"template":"","meta":[],"class_list":["post-27361","product","type-product","status-publish","hentry","product_cat-wakizashi-en","product_cat-sword-en"],"_links":{"self":[{"href":"https:\/\/sword-auction.com\/en\/wp-json\/wp\/v2\/product\/27361","targetHints":{"allow":["GET"]}}],"collection":[{"href":"https:\/\/sword-auction.com\/en\/wp-json\/wp\/v2\/product"}],"about":[{"href":"https:\/\/sword-auction.com\/en\/wp-json\/wp\/v2\/types\/product"}],"wp:attachment":[{"href":"https:\/\/sword-auction.com\/en\/wp-json\/wp\/v2\/media?parent=27361"}],"curies":[{"name":"wp","href":"https:\/\/api.w.org\/{rel}","templated":true}]}}