{"id":27349,"date":"2025-06-27T15:10:46","date_gmt":"2025-06-27T06:10:46","guid":{"rendered":"https:\/\/sword-auction.com\/product\/27349\/as25239-%e5%88%80%e6%b1%9f%e5%b7%9e%e4%bd%8f%e4%ba%ba%e4%bd%90%e3%80%85%e6%9c%a8%e5%96%84%e5%9b%9b%e9%83%8e%e6%ba%90%e4%b8%80%e5%b3%af2%e4%bb%a3%e7%89%b9%e5%88%a5%e4%bf%9d%e5%ad%98%e5%88%80\/"},"modified":"2025-06-27T15:11:20","modified_gmt":"2025-06-27T06:11:20","slug":"as25239-%e5%88%80%e6%b1%9f%e5%b7%9e%e4%bd%8f%e4%ba%ba%e4%bd%90%e3%80%85%e6%9c%a8%e5%96%84%e5%9b%9b%e9%83%8e%e6%ba%90%e4%b8%80%e5%b3%af2%e4%bb%a3%e7%89%b9%e5%88%a5%e4%bf%9d%e5%ad%98%e5%88%80","status":"publish","type":"product","link":"https:\/\/sword-auction.com\/en\/product\/27349\/as25239-%e5%88%80%e6%b1%9f%e5%b7%9e%e4%bd%8f%e4%ba%ba%e4%bd%90%e3%80%85%e6%9c%a8%e5%96%84%e5%9b%9b%e9%83%8e%e6%ba%90%e4%b8%80%e5%b3%af2%e4%bb%a3%e7%89%b9%e5%88%a5%e4%bf%9d%e5%ad%98%e5%88%80\/","title":{"rendered":"AS25239  Katana\uff1a: G\u014dsh\u016b Junin Sasaki Zenshir\u014d Minamoto Kazumine(\/Ippo) (2nd Generation)(NBTHK Tokubetsu Hozon Token)"},"content":{"rendered":"<p>Katana in Shirasaya with Koshirae (NBTHK Tokubetsu Hozon Token)<\/p>\n<p>Signature: G\u014dsh\u016b Junin Sasaki Zenshir\u014d Minamoto Kazumine(\/Ippo) (2nd Generation)<br \/>\nTenna 3 Sai 2 Gatsu Hi (March, 1683)<\/p>\n<p>Shinto: Wazamono: Jyo Saku: \u014cmi<br \/>\nWe divide 4 sections for each sword as Saijyo Saku, Jyojyo Saku, Jyo Saku and Regular Saku.<br \/>\nThis piece is considered a Saijyo Saku (highest level) work among those made by Sasaki Zenshir\u014d Minamoto no Kazumine(\/Ippo).<br \/>\nHabaki: Single-layer gold-covered<br \/>\nBlade Length: 67.2 cm (26.46 in)<br \/>\nCurvature: 1.5 cm (0.59 in)<br \/>\nMekugi Hole: 1<br \/>\nWidth at Base (Motohaba): 3.15 cm (1.24 in)<br \/>\nWidth at Tip: 2.04 cm (0.80 in)<br \/>\nThickness of rim (Kasane): 0.69 cm (0.27 in)<br \/>\nSword Weight: 715 grams<br \/>\nEra: Edo period, around Tenna era (1681\u20131684)<br \/>\nShape: The blade has a slightly wide mihaba, standard thickness, a rather deep curvature, and an extended kissaki.<br \/>\nJigane: Ko-itame hada, well-forged and of high quality.<br \/>\nHamon: Ko-nie deki with a deeply nioiguchi midare-ba (irregular pattern), resulting in a remarkable appearance.<\/p>\n<p>Features: The second-generation Sasaki Zenshir\u014d Minamoto no Kazumine(\/Ippo), unlike the first generation Kazumine, produced excellent works.<br \/>\nI consider the hamon on this blade to be a Saijyo Saku (top-grade) example.<br \/>\nAnyone who views this piece will surely be amazed by its workmanship.<\/p>\n<p>Koshirae:<br \/>\nTsuba: Iron tsuba carved with a pine tree design and decorated with gold iroe.<br \/>\nFuchikashira and Kojiri (Kurigata): Made of brass, engraved with patterns.<br \/>\nMenuki: Chrysanthemums in high relief on shakud\u014d base, decorated with gold iroe.<br \/>\nSaya (Scabbard): Black ishimeji (stone-textured) finish.<\/p>\n<p>Aoi Art\u2019s Comment: The koshirae is not particularly extravagant, but the blade is a masterpiece by the second-generation smith.<br \/>\nThis is a rare and remarkable example.<br \/>\nThe hamon is vigorous and highly unusual, rarely seen.<br \/>\nUpon closer inspection, the workmanship reveals its intense artistry, making it a truly admirable piece.<\/p>\n<p>NBTHK Tokubetsu Hozon Token Certificate<br \/>\nAoi Art estimation paper<br \/>\nWhole Oshigata<\/p>\n<p><a href=\"https:\/\/www.aoijapan.com\/img\/sword\/2025\/25239-2.jpg\"><img decoding=\"async\" src=\"https:\/\/www.aoijapan.com\/img\/sword\/2025\/25239-2.jpg\" alt=\"\" width=\"20%\" height=\"20%\" \/><\/a> <a href=\"https:\/\/www.aoijapan.com\/img\/sword\/2025\/25239-3.jpg\"><img decoding=\"async\" src=\"https:\/\/www.aoijapan.com\/img\/sword\/2025\/25239-3.jpg\" alt=\"\" width=\"20%\" height=\"20%\" \/><\/a> <a href=\"https:\/\/www.aoijapan.com\/img\/sword\/2025\/25239-4.jpg\"><img decoding=\"async\" src=\"https:\/\/www.aoijapan.com\/img\/sword\/2025\/25239-4.jpg\" alt=\"\" width=\"20%\" height=\"20%\" \/><\/a>  <a href=\"https:\/\/www.aoijapan.com\/img\/sword\/2025\/25239koshirae.jpg\"><img decoding=\"async\" src=\"https:\/\/www.aoijapan.com\/img\/sword\/2025\/25239koshirae.jpg\" alt=\"\" width=\"20%\" height=\"20%\" \/><\/a><br \/>\n<a href=\"https:\/\/www.aoijapan.com\/img\/sword\/2025\/25239paper-1.jpg\"><img decoding=\"async\" src=\"https:\/\/www.aoijapan.com\/img\/sword\/2025\/25239paper-1.jpg\" alt=\"\" width=\u201c60%\" height=\u201c60%\" \/><\/a> <a href=\"https:\/\/www.aoijapan.com\/img\/sword\/2025\/25239paper-2.jpg\"><img decoding=\"async\" src=\"https:\/\/www.aoijapan.com\/img\/sword\/2025\/25239paper-2.jpg\" alt=\"\" width=\u201c60%\" height=\u201c60%\" \/><\/a><br \/>\n<a href=\"https:\/\/www.aoijapan.com\/img\/sword\/2025\/25239sayagaki.jpg\"><img decoding=\"async\" src=\"https:\/\/www.aoijapan.com\/img\/sword\/2025\/25239sayagaki.jpg\" alt=\"\" width=\"30%\" height=\"30%\" \/><\/a><br \/>\n<a href=\"https:\/\/www.aoijapan.com\/img\/sword\/2025\/25239_p.jpg\"><img decoding=\"async\" src=\"https:\/\/www.aoijapan.com\/img\/sword\/2025\/25239_p.jpg\" alt=\"\" width=\u201c70%\u201d height=\u201c70%\u201d \/><\/a><\/p>\n","protected":false},"excerpt":{"rendered":"<p>Katana in Shirasaya with Koshirae (NBTHK Tokubetsu Hozon Token) Signature: G\u014dsh\u016b Junin Sasaki Zenshir\u014d Minamoto Kazumine(\/Ippo) (2nd Generation) Tenna 3 Sai 2 Gatsu Hi (March, 1683) Shinto: Wazamono: Jyo Saku: \u014cmi We divide 4 sections for each sword as Saijyo Saku, Jyojyo Saku, Jyo Saku and Regular Saku. This piece is considered a Saijyo Saku [&#8230;]\n","protected":false},"featured_media":0,"template":"","meta":[],"class_list":["post-27349","product","type-product","status-publish","hentry","product_cat-katana-en","product_cat-sword-en"],"_links":{"self":[{"href":"https:\/\/sword-auction.com\/en\/wp-json\/wp\/v2\/product\/27349","targetHints":{"allow":["GET"]}}],"collection":[{"href":"https:\/\/sword-auction.com\/en\/wp-json\/wp\/v2\/product"}],"about":[{"href":"https:\/\/sword-auction.com\/en\/wp-json\/wp\/v2\/types\/product"}],"wp:attachment":[{"href":"https:\/\/sword-auction.com\/en\/wp-json\/wp\/v2\/media?parent=27349"}],"curies":[{"name":"wp","href":"https:\/\/api.w.org\/{rel}","templated":true}]}}