{"id":27338,"date":"2025-06-26T16:06:07","date_gmt":"2025-06-26T07:06:07","guid":{"rendered":"https:\/\/sword-auction.com\/?post_type=product&#038;p=27338"},"modified":"2025-06-26T16:06:08","modified_gmt":"2025-06-26T07:06:08","slug":"af25225-kogai-goto-senjo","status":"publish","type":"product","link":"https:\/\/sword-auction.com\/en\/product\/27338\/af25225-kogai-goto-senjo\/","title":{"rendered":"AF25225 Kogai: Goto Senjo"},"content":{"rendered":"<p>Kogai:<br \/>\nInscription: Goto Senjo \u5f8c\u85e4\u4ed9\u4e57<\/p>\n<p>Length: 21.0cm \u00d7 1.22cm (8.27in \u00d7 0.48in)<\/p>\n<p>Era: the Edo period<br \/>\nFeatures: Carved with a design of waves and a dragon on a shakud\u014d base.\u3000The authenticity of the signature is unknown.<\/p>\n<p>Aoi Art estimation paper<br \/>\nIn Kiri box.<br \/>\n<a href=\"https:\/\/www.aoijapan.com\/img\/fittings\/2025\/F25225.jpg\"><img decoding=\"async\" src=\"https:\/\/www.aoijapan.com\/img\/fittings\/2025\/F25225.jpg\" alt=\"\" width=\"100%\" height=\"100%\" \/><\/a><\/p>\n","protected":false},"excerpt":{"rendered":"<p>Kogai: Inscription: Goto Senjo \u5f8c\u85e4\u4ed9\u4e57 Length: 21.0cm \u00d7 1.22cm (8.27in \u00d7 0.48in) Era: the Edo period Features: Carved with a design of waves and a dragon on a shakud\u014d base.\u3000The authenticity of the signature is unknown. Aoi Art estimation paper In Kiri box.<\/p>\n","protected":false},"featured_media":0,"template":"","meta":[],"class_list":["post-27338","product","type-product","status-publish","hentry","product_cat-fittings-en","product_cat-kougai-en"],"_links":{"self":[{"href":"https:\/\/sword-auction.com\/en\/wp-json\/wp\/v2\/product\/27338","targetHints":{"allow":["GET"]}}],"collection":[{"href":"https:\/\/sword-auction.com\/en\/wp-json\/wp\/v2\/product"}],"about":[{"href":"https:\/\/sword-auction.com\/en\/wp-json\/wp\/v2\/types\/product"}],"wp:attachment":[{"href":"https:\/\/sword-auction.com\/en\/wp-json\/wp\/v2\/media?parent=27338"}],"curies":[{"name":"wp","href":"https:\/\/api.w.org\/{rel}","templated":true}]}}