{"id":27319,"date":"2025-06-25T13:58:49","date_gmt":"2025-06-25T04:58:49","guid":{"rendered":"https:\/\/sword-auction.com\/?post_type=product&#038;p=27319"},"modified":"2025-06-25T14:02:10","modified_gmt":"2025-06-25T05:02:10","slug":"af25217-set-of-tosogu-kogai-kozuka-menuki%ef%bc%9amitsuharuykao","status":"publish","type":"product","link":"https:\/\/sword-auction.com\/en\/product\/27319\/af25217-set-of-tosogu-kogai-kozuka-menuki%ef%bc%9amitsuharuykao\/","title":{"rendered":"AF25217  Set of Tosogu: (Kogai, Kozuka, Menuki)\uff1aMitsuharu(Kao)\uff08NBTHK Hozon Tosogu\uff09"},"content":{"rendered":"<p>Ordering number:AF25217<\/p>\n<p>Set of Tosogu: (Kogai, Kozuka, Menuki)\uff08NBTHK Hozon Tosogu\uff09<br \/>\nSignature:MItsuharu(Kao)<br \/>\n\u5149\u6625\uff08\u82b1\u62bc\uff09<\/p>\n<p>K\u014dgai:<br \/>\nDimensions: 21.9 cm x 1.21 cm (8.62 in x 0.48 in)<\/p>\n<p>Kozuka:<br \/>\nDimensions: 9.78 cm x 1.40 cm (3.85 in x 0.55 in)<\/p>\n<p>Menuki:<br \/>\nDimension 1: 3.71 cm x 1.48 cm (1.46 in x 0.58 in)<br \/>\nDimension 2: 3.60 cm x 1.42 cm (1.42 in x 0.56 in)<\/p>\n<p>Era: The Edo period<\/p>\n<p>Features: A design of a peach and an Enk\u014d, a mythical monkey-like creature from Japanese folklore, rendered in shakud\u014d nanako with gold and silver inlays.&#8221;<\/p>\n<p>Explanation\uff1aMitsuharu was a member of the Got\u014d school, the second son of Renj\u014d.\u3000He passed away at the age of 30 on April 14, 1687 (J\u014dky\u014d 4), and was posthumously named J\u014dz\u014d.<br \/>\nHe signed his works as Got\u014d MItsuharu (with ka\u014d), and is known for pieces such as a kozuka depicting lions.<br \/>\nA highly skilled artisan, he lived in Ky\u014dbashi, Edo.<\/p>\n<p>In Kiri box<br \/>\nAoi Art estimation paper<br \/>\nNBTHK Hozon Tosogu paper<\/p>\n<p><a href=\"https:\/\/www.aoijapan.com\/img\/fittings\/2025\/F25217.jpg\"><img decoding=\"async\" src=\"https:\/\/www.aoijapan.com\/img\/fittings\/2025\/F25217.jpg\" alt=\"\" width=\"100%\" height=\"100%\" \/><\/a><br \/>\n<a href=\"https:\/\/www.aoijapan.com\/img\/fittings\/2025\/F25217paper-1.jpg\"><img decoding=\"async\" src=\"https:\/\/www.aoijapan.com\/img\/fittings\/2025\/F25217paper-1.jpg\" alt=\"\" width=\"100%\" height=\"100%\" \/><\/a\n<\/p>\n","protected":false},"excerpt":{"rendered":"<p>Ordering number:AF25217 Set of Tosogu: (Kogai, Kozuka, Menuki)\uff08NBTHK Hozon Tosogu\uff09 Signature:MItsuharu(Kao) \u5149\u6625\uff08\u82b1\u62bc\uff09 K\u014dgai: Dimensions: 21.9 cm x 1.21 cm (8.62 in x 0.48 in) Kozuka: Dimensions: 9.78 cm x 1.40 cm (3.85 in x 0.55 in) Menuki: Dimension 1: 3.71 cm x 1.48 cm (1.46 in x 0.58 in) Dimension 2: 3.60 cm x 1.42 [&#8230;]\n","protected":false},"featured_media":0,"template":"","meta":[],"class_list":["post-27319","product","type-product","status-publish","hentry","product_cat-fittings-en","product_cat-soroikanagu-en"],"_links":{"self":[{"href":"https:\/\/sword-auction.com\/en\/wp-json\/wp\/v2\/product\/27319","targetHints":{"allow":["GET"]}}],"collection":[{"href":"https:\/\/sword-auction.com\/en\/wp-json\/wp\/v2\/product"}],"about":[{"href":"https:\/\/sword-auction.com\/en\/wp-json\/wp\/v2\/types\/product"}],"wp:attachment":[{"href":"https:\/\/sword-auction.com\/en\/wp-json\/wp\/v2\/media?parent=27319"}],"curies":[{"name":"wp","href":"https:\/\/api.w.org\/{rel}","templated":true}]}}