{"id":27218,"date":"2025-06-18T11:11:50","date_gmt":"2025-06-18T02:11:50","guid":{"rendered":"https:\/\/sword-auction.com\/product\/27218\/as25219-%e8%84%87%e5%b7%ae%e7%ad%91%e5%b7%9e%e7%a6%8f%e5%b2%a1%e4%bd%8f%e6%98%af%e6%ac%a1%e7%89%b9%e5%88%a5%e4%bf%9d%e5%ad%98%e5%88%80%e5%89%a3%e7%89%b9%e5%88%a5%e8%b2%b4%e9%87%8d%e5%88%80\/"},"modified":"2025-06-24T09:06:59","modified_gmt":"2025-06-24T00:06:59","slug":"as25219-%e8%84%87%e5%b7%ae%e7%ad%91%e5%b7%9e%e7%a6%8f%e5%b2%a1%e4%bd%8f%e6%98%af%e6%ac%a1%e7%89%b9%e5%88%a5%e4%bf%9d%e5%ad%98%e5%88%80%e5%89%a3%e7%89%b9%e5%88%a5%e8%b2%b4%e9%87%8d%e5%88%80","status":"publish","type":"product","link":"https:\/\/sword-auction.com\/en\/product\/27218\/as25219-%e8%84%87%e5%b7%ae%e7%ad%91%e5%b7%9e%e7%a6%8f%e5%b2%a1%e4%bd%8f%e6%98%af%e6%ac%a1%e7%89%b9%e5%88%a5%e4%bf%9d%e5%ad%98%e5%88%80%e5%89%a3%e7%89%b9%e5%88%a5%e8%b2%b4%e9%87%8d%e5%88%80\/","title":{"rendered":"AS25219   Wakizashi:Chikushu Fukuoka ju Koretsugu(NBTHK Tokubetsu Hozon Token) (NBTHK Tokubetsu Kicho Token)"},"content":{"rendered":"<p>Wakizashi in Shirasaya with Koshirae (NBTHK Tokubetsu Hozon Token) (NBTHK Tokubetsu Kicho Token)<\/p>\n<p>Signature:<br \/>\nChikushu Fukuoka ju Koretsugu<br \/>\n\u7b51\u5dde\u798f\u5ca1\u4f4f\u662f\u6b21<\/p>\n<p>Shinto \u2013 Jyo Saku: Chikuzen<br \/>\nWe divide 4 sections for each sword as Saijyo Saku, Jyojyo Saku, Jyo Saku and Regular Saku.<br \/>\nThis work is ranked as Jyojyo Saku for Chikushu Fukuoka ju Koretsugu.<\/p>\n<p>Habaki: Double silver<br \/>\nBlade Length: 45.7 cm (17.99 in)<br \/>\nCurvature: 0.9 cm (0.35 in)<br \/>\nMekugi Hole: 2 (1 plugged)<br \/>\nWidth at Base (Motohaba): 3.17 cm (1.25 in)<br \/>\nWidth at Tip: 2.16 cm (0.85 in)<br \/>\nThickness of rim (Kasane): 0.67 cm (0.26 in)<br \/>\nSword Weight: 470 g<br \/>\nEra: the early Edo period around, the late 17th century<br \/>\nShape:  Slightly wide Mitsumune Wakizashi with small curveture.<br \/>\nJigane: Ko-itame hada with visible utsuri.<br \/>\nHamon: Nioi-deki, large choji-midare, boshi turns back in a round shape.<\/p>\n<p>Features:\u3000<br \/>\nChikush\u016b Fukuoka-j\u016b Koretsugu was a leading swordsmith of the Fukuoka Ishid\u014d school, a swordsmith school in Chikuzen in the early to mid Edo period. He served for Kuroda Nagamasa. <\/p>\n<p>Koshirae:<br \/>\nTsuba: copper base with carved horse. Inscribed: Kikuchi Shigemitsu<br \/>\nFuchikashira: Shakud\u014d with designs of autumn grasses and insects. Inscribed: Mino-j\u016b Mitsunaka<br \/>\nKozuka: Shakud\u014d nanako-ji with a design of a water bird.<br \/>\nMenuki: Design of a boat<\/p>\n<p>Sayagaki:\u3000Chikushu Fukuoka ju Koretsugu, choji-deki.<br \/>\nBlade length: 1 shaku 5 sun 3 bu.<br \/>\nWritten by Kanzan.<\/p>\n<p>NBTHK Tokubetsu Hozon Token Certificate<br \/>\nNBTHK Tokubetsu Kicho Token Certificate<br \/>\nAoi Art estimation paper: Whole Oshigata<br \/>\n<a href=\"https:\/\/www.aoijapan.com\/img\/sword\/2025\/25219-2.jpg\"><img decoding=\"async\" src=\"https:\/\/www.aoijapan.com\/img\/sword\/2025\/25219-2.jpg\" alt=\"\" width=\"20%\" height=\"20%\" \/><\/a> <a href=\"https:\/\/www.aoijapan.com\/img\/sword\/2025\/25219-3.jpg\"><img decoding=\"async\" src=\"https:\/\/www.aoijapan.com\/img\/sword\/2025\/25219-3.jpg\" alt=\"\" width=\"20%\" height=\"20%\" \/><\/a> <a href=\"https:\/\/www.aoijapan.com\/img\/sword\/2025\/25219-4.jpg\"><img decoding=\"async\" src=\"https:\/\/www.aoijapan.com\/img\/sword\/2025\/25219-4.jpg\" alt=\"\" width=\"20%\" height=\"20%\" \/><\/a>  <a href=\"https:\/\/www.aoijapan.com\/img\/sword\/2025\/25219koshirae.jpg\"><img decoding=\"async\" src=\"https:\/\/www.aoijapan.com\/img\/sword\/2025\/25219koshirae.jpg\" alt=\"\" width=\"20%\" height=\"20%\" \/><\/a><br \/>\n<a href=\"https:\/\/www.aoijapan.com\/img\/sword\/2025\/25219paper-1.jpg\"><img decoding=\"async\" src=\"https:\/\/www.aoijapan.com\/img\/sword\/2025\/25219paper-1.jpg\" alt=\"\" width=\u201c60%\" height=\u201c60%\" \/><\/a> <a href=\"https:\/\/www.aoijapan.com\/img\/sword\/2025\/25219paper-2.jpg\"><img decoding=\"async\" src=\"https:\/\/www.aoijapan.com\/img\/sword\/2025\/25219paper-2.jpg\" alt=\"\" width=\u201c60%\" height=\u201c60%\" \/><\/a><br \/>\n<a href=\"https:\/\/www.aoijapan.com\/img\/sword\/2025\/25219sayagaki.jpg\"><img decoding=\"async\" src=\"https:\/\/www.aoijapan.com\/img\/sword\/2025\/25219sayagaki.jpg\" alt=\"\" width=\"30%\" height=\"30%\" \/><\/a><br \/>\n<a href=\"https:\/\/www.aoijapan.com\/img\/sword\/2025\/25219_p.jpg\"><img decoding=\"async\" src=\"https:\/\/www.aoijapan.com\/img\/sword\/2025\/25219_p.jpg\" alt=\"\" width=\u201c70%\u201d height=\u201c70%\u201d \/><\/a><\/p>\n","protected":false},"excerpt":{"rendered":"<p>Wakizashi in Shirasaya with Koshirae (NBTHK Tokubetsu Hozon Token) (NBTHK Tokubetsu Kicho Token) Signature: Chikushu Fukuoka ju Koretsugu \u7b51\u5dde\u798f\u5ca1\u4f4f\u662f\u6b21 Shinto \u2013 Jyo Saku: Chikuzen We divide 4 sections for each sword as Saijyo Saku, Jyojyo Saku, Jyo Saku and Regular Saku. This work is ranked as Jyojyo Saku for Chikushu Fukuoka ju Koretsugu. Habaki: Double [&#8230;]\n","protected":false},"featured_media":0,"template":"","meta":[],"class_list":["post-27218","product","type-product","status-publish","hentry","product_cat-wakizashi-en","product_cat-sword-en"],"_links":{"self":[{"href":"https:\/\/sword-auction.com\/en\/wp-json\/wp\/v2\/product\/27218","targetHints":{"allow":["GET"]}}],"collection":[{"href":"https:\/\/sword-auction.com\/en\/wp-json\/wp\/v2\/product"}],"about":[{"href":"https:\/\/sword-auction.com\/en\/wp-json\/wp\/v2\/types\/product"}],"wp:attachment":[{"href":"https:\/\/sword-auction.com\/en\/wp-json\/wp\/v2\/media?parent=27218"}],"curies":[{"name":"wp","href":"https:\/\/api.w.org\/{rel}","templated":true}]}}