{"id":27193,"date":"2025-06-15T11:54:24","date_gmt":"2025-06-15T02:54:24","guid":{"rendered":"https:\/\/sword-auction.com\/?post_type=product&#038;p=27193"},"modified":"2025-06-15T11:54:24","modified_gmt":"2025-06-15T02:54:24","slug":"fuchikashira-mogarashi-goro-nyudo-koshu-hikone-soten-saku","status":"publish","type":"product","link":"https:\/\/sword-auction.com\/en\/product\/27193\/fuchikashira-mogarashi-goro-nyudo-koshu-hikone-soten-saku\/","title":{"rendered":"Fuchikashira: Mogarashi Goro Nyudo Koshu Hikone Soten Saku"},"content":{"rendered":"<p>Fuchi Kashira:<br \/>\nSignature:<br \/>\nMogarashi Goro Nyudo Koshu Hikone Soten saku \u85fb\u67c4\u5b50\u4e94\u90ce\u5165\u9053\u3000\u6c5f\u5dde\u5f66\u6839\u5b97\u5178\u4f5c<\/p>\n<p>Fuchi Dimensions:<br \/>\n3.90 cm \u00d7 2.42 cm \u00d7 1.18 cm (1.54 in \u00d7 0.95 in \u00d7 0.46 in)<br \/>\nKashira Dimensions:<br \/>\n3.37 cm \u00d7 1.85 cm \u00d7 0.94 cm (1.33 in \u00d7 0.73 in \u00d7 0.37 in)<\/p>\n<p>Era: The Edo period<\/p>\n<p>Features: Shakudo-base carved with a picture of Chinese figures. <\/p>\n<p>In Kiri box<br \/>\nAoi Art estimation paper<br \/>\n<a href=\"https:\/\/www.aoijapan.com\/img\/fittings\/2025\/F25228.jpg\"><img decoding=\"async\" src=\"https:\/\/www.aoijapan.com\/img\/fittings\/2025\/F25228.jpg\" alt=\"\" width=\"100%\" height=\"100%\" \/><\/a><\/p>\n","protected":false},"excerpt":{"rendered":"<p>Fuchi Kashira: Signature: Mogarashi Goro Nyudo Koshu Hikone Soten saku \u85fb\u67c4\u5b50\u4e94\u90ce\u5165\u9053\u3000\u6c5f\u5dde\u5f66\u6839\u5b97\u5178\u4f5c Fuchi Dimensions: 3.90 cm \u00d7 2.42 cm \u00d7 1.18 cm (1.54 in \u00d7 0.95 in \u00d7 0.46 in) Kashira Dimensions: 3.37 cm \u00d7 1.85 cm \u00d7 0.94 cm (1.33 in \u00d7 0.73 in \u00d7 0.37 in) Era: The Edo period Features: Shakudo-base carved with [&#8230;]\n","protected":false},"featured_media":0,"template":"","meta":[],"class_list":["post-27193","product","type-product","status-publish","hentry","product_cat-fuchikashira-en","product_cat-fittings-en"],"_links":{"self":[{"href":"https:\/\/sword-auction.com\/en\/wp-json\/wp\/v2\/product\/27193","targetHints":{"allow":["GET"]}}],"collection":[{"href":"https:\/\/sword-auction.com\/en\/wp-json\/wp\/v2\/product"}],"about":[{"href":"https:\/\/sword-auction.com\/en\/wp-json\/wp\/v2\/types\/product"}],"wp:attachment":[{"href":"https:\/\/sword-auction.com\/en\/wp-json\/wp\/v2\/media?parent=27193"}],"curies":[{"name":"wp","href":"https:\/\/api.w.org\/{rel}","templated":true}]}}