{"id":27163,"date":"2025-06-13T10:31:24","date_gmt":"2025-06-13T01:31:24","guid":{"rendered":"https:\/\/sword-auction.com\/?post_type=product&#038;p=27163"},"modified":"2025-06-13T10:32:44","modified_gmt":"2025-06-13T01:32:44","slug":"as25201-wakizashi-tajima-kami-hojoji-tachibana-sadakuni-nbthk-tokubetsu-hozon-token","status":"publish","type":"product","link":"https:\/\/sword-auction.com\/en\/product\/27163\/as25201-wakizashi-tajima-kami-hojoji-tachibana-sadakuni-nbthk-tokubetsu-hozon-token\/","title":{"rendered":"AS25201 Wakizashi: Tajima Kami H\u014dj\u014dji Tachibana Sadakuni (NBTHK Tokubetsu Hozon Token)"},"content":{"rendered":"<p>Wakizashi in Shirasaya (NBTHK Tokubetsu Hozon Token)<\/p>\n<p>Signature:<br \/>\nTajima Kami H\u014dj\u014dji Tachibana Sadakuni \u4f46\u99ac\u5b88\u6cd5\u6210\u5bfa\u6a58\u8c9e\u56fd<br \/>\nKanbun 5 Nen 2 Gatsu Hi \u5bdb\u6587\u4e94\u5e74\u4e8c\u6708\u65e5 (February, 1665)<\/p>\n<p>Shinto: Jyo Saku: Musashi<br \/>\nWe divide 4 sections for each sword as Saijyo Saku, Jyojyo Saku, Jyo Saku and Regular Saku.<br \/>\nThis work is ranked as Jyojyo Saku among works by Tajima no Kami H\u014dj\u014dji Tachibana Sadakuni.<\/p>\n<p>Habaki: Copper double Habaki<br \/>\nBlade Length: 52.7 cm (20.75 in)<br \/>\nCurvature: 1.0 cm (0.39 in)<br \/>\nMekugi Hole: 1<br \/>\nWidth at Base (Motohaba): 3.09 cm (1.22 in)<br \/>\nWidth at Tip (Sakihaba): 1.97 cm (0.78 in)<br \/>\nThickness of rim (Kasane): 0.70 cm (0.28 in)<br \/>\nSword Weight: 555g<br \/>\nEra: Edo period, February 1665.<br \/>\nShape: slightly wide and thick blade with small curveture.<br \/>\nJigane: fine Ko-itame hada<br \/>\nHamon: Niedeki thick Suguha with Kinsuji. Boshi is rounded. <\/p>\n<p>Features:\u3000Shinto: Jyosaku: Musashi<br \/>\nTajima no Kami H\u014dj\u014dji Tachibana Sadakuni was a skilled smith from the H\u014dj\u014dji school and a prominent figure following Omi-no-kami Masahiro. His works often resemble those of Kotetsu. This particular piece is notable for having an inscription on the ura side, which is rare.<\/p>\n<p>NBTHK Tokubetsu Hozon Certificate<br \/>\nAoi Art\u2019s Estimation Paper with Whole Oshigata<\/p>\n<p><a href=\"https:\/\/www.aoijapan.com\/img\/sword\/2025\/25201-2.jpg\"><img decoding=\"async\" src=\"https:\/\/www.aoijapan.com\/img\/sword\/2025\/25201-2.jpg\" alt=\"\" width=\"30%\" height=\"30%\" \/><\/a><a href=\"https:\/\/www.aoijapan.com\/img\/sword\/2025\/25201-3.jpg\"><img decoding=\"async\" src=\"https:\/\/www.aoijapan.com\/img\/sword\/2025\/25201-3.jpg\" alt=\"\" width=\"30%\" height=\"30%\" \/><\/a><a href=\"https:\/\/www.aoijapan.com\/img\/sword\/2025\/25201-4.jpg\"><img decoding=\"async\" src=\"https:\/\/www.aoijapan.com\/img\/sword\/2025\/25201-4.jpg\" alt=\"\" width=\"30%\" height=\"30%\" \/><\/a><a href=\"https:\/\/www.aoijapan.com\/img\/sword\/2025\/25201paper-1.jpg\"><img decoding=\"async\" src=\"https:\/\/www.aoijapan.com\/img\/sword\/2025\/25201paper-1.jpg\" alt=\"\" width=\"40%\" height=\"40%\" \/><\/a><a href=\"https:\/\/www.aoijapan.com\/img\/sword\/2025\/25201paper-2.jpg\"><img decoding=\"async\" src=\"https:\/\/www.aoijapan.com\/img\/sword\/2025\/25201paper-2.jpg\" alt=\"\" width=\"40%\" height=\"40%\" \/><\/a><a href=\"https:\/\/www.aoijapan.com\/img\/sword\/2025\/25201sayagaki.jpg\"><img decoding=\"async\" src=\"https:\/\/www.aoijapan.com\/img\/sword\/2025\/25201sayagaki.jpg\" alt=\"\" width=\"40%\" height=\"40%\" \/><\/a><a href=\"https:\/\/www.aoijapan.com\/img\/sword\/2025\/25201_p.jpg\"><img decoding=\"async\" src=\"https:\/\/www.aoijapan.com\/img\/sword\/2025\/25201_p.jpg\" alt=\"\" width=\"70%\" height=\"70%\" \/><\/a><\/p>\n","protected":false},"excerpt":{"rendered":"<p>Wakizashi in Shirasaya (NBTHK Tokubetsu Hozon Token) Signature: Tajima Kami H\u014dj\u014dji Tachibana Sadakuni \u4f46\u99ac\u5b88\u6cd5\u6210\u5bfa\u6a58\u8c9e\u56fd Kanbun 5 Nen 2 Gatsu Hi \u5bdb\u6587\u4e94\u5e74\u4e8c\u6708\u65e5 (February, 1665) Shinto: Jyo Saku: Musashi We divide 4 sections for each sword as Saijyo Saku, Jyojyo Saku, Jyo Saku and Regular Saku. This work is ranked as Jyojyo Saku among works by Tajima [&#8230;]\n","protected":false},"featured_media":0,"template":"","meta":[],"class_list":["post-27163","product","type-product","status-publish","hentry","product_cat-wakizashi-en","product_cat-sword-en"],"_links":{"self":[{"href":"https:\/\/sword-auction.com\/en\/wp-json\/wp\/v2\/product\/27163","targetHints":{"allow":["GET"]}}],"collection":[{"href":"https:\/\/sword-auction.com\/en\/wp-json\/wp\/v2\/product"}],"about":[{"href":"https:\/\/sword-auction.com\/en\/wp-json\/wp\/v2\/types\/product"}],"wp:attachment":[{"href":"https:\/\/sword-auction.com\/en\/wp-json\/wp\/v2\/media?parent=27163"}],"curies":[{"name":"wp","href":"https:\/\/api.w.org\/{rel}","templated":true}]}}