{"id":27131,"date":"2025-06-11T15:25:18","date_gmt":"2025-06-11T06:25:18","guid":{"rendered":"https:\/\/sword-auction.com\/?post_type=product&#038;p=27131"},"modified":"2025-06-11T15:25:18","modified_gmt":"2025-06-11T06:25:18","slug":"as24859-katana%ef%bc%9akagakoku-ju-ryosanshi-masamine-saku-korenbthk-tokubetsu-hozon-token","status":"publish","type":"product","link":"https:\/\/sword-auction.com\/en\/product\/27131\/as24859-katana%ef%bc%9akagakoku-ju-ryosanshi-masamine-saku-korenbthk-tokubetsu-hozon-token\/","title":{"rendered":"AS24859  Katana\uff1aKagakoku j\u016b Ry\u014dsanshi Masamine Saku Kore(NBTHK Tokubetsu Hozon Token)"},"content":{"rendered":"<p>Katana in Shirasaya (NBTHK Tokubetsu Hozon Token)<\/p>\n<p>Signature: Kagakoku j\u016b Ry\u014dsanshi Masamine Saku Kore<br \/>\n(Designated Living National Treasure)<br \/>\nSh\u014dwa Kanoto-I Nen 2 Gatsu Hi<br \/>\nOju Tsuruno Teisuke Shi<br \/>\n(made upon request by Mr. TsurunoTeisuke in February, 1971)<br \/>\n\u52a0\u8cc0\u56fd\u4f4f\u4e21\u5c71\u5b50\u6b63\u5cef\u4f5c\u4e4b<br \/>\n\u662d\u548c\u8f9b\u4ea5\u5e74\u4e8c\u6708\u65e5\u5fdc\u9700\u9db4\u91ce\u5b9a\u52a9\u6c0f<\/p>\n<p>We divide 4 sections for each sword as Saijyo Saku, Jyojyo Saku, Jyo Saku and Regular Saku.<br \/>\nThis work is ranked as Jyojyo Saku among the works of Masamine.<br \/>\nHabaki: Gold foiled double.<br \/>\nBlade Length: 74.1 cm (29.17 in)<br \/>\nCurvature: 3.0 cm (1.18 in)<br \/>\nMekugi Hole: 1<br \/>\nWidth at Base (Motohaba): 3.48 cm (1.37 in)<br \/>\nWidth at Tip: 2.44 cm (0.96 in)<br \/>\nThickness of rim (Kasane): 0.67 cm (0.26 in)<br \/>\nSword Weight:845<br \/>\nEra: 1971 (Sh\u014dwa 46)<br \/>\nShape: A magnificent and powerful blade with wide body, thick kasane, and deep curvature.<br \/>\nJigane: Finely forged ko-itame hada, well-refined and of high quality.<br \/>\nHamon: Nie-deki with a deep nioiguchi and gunome-midare.<br \/>\nA bright and clear temper line gives the blade a vivid appearance.<\/p>\n<p>Features: Sumitani Masamine, born as Sumitani Yoichir\u014d, graduated from Ritsumeikan University\u2019s Department of Mechanical Engineering in 1941.<br \/>\nHe apprenticed under swordsmith Sakurai Masayuki and established his own forge \u201cSanry\u016btei\u201d in Matto City.<br \/>\nDuring the 1960s and 70s, he received the prestigious Masamune Prize\u2014the highest award for modern swords\u2014three times.<br \/>\nHe was designated a Living National Treasure (Important Intangible Cultural Property Holder for Japanese swords) on April 20, 1981.<\/p>\n<p>Masamine also studied steelmaking techniques and produced his own tamahagane.<br \/>\nHe perfected his original style of ch\u014dji-midare hamon, known as \u201cSumitani Ch\u014dji.\u201d<br \/>\nHis works were highly esteemed, and he crafted ceremonial swords for the Imperial Household.<br \/>\nHe held a dominant position in the world of modern Japanese swordsmithing.<br \/>\nHe passed away on December 12, 1998, at the age of 77.<\/p>\n<p>This piece is a dignified reproduction of a Kamakura-era Ichimonji style.<br \/>\nIt features bold bo-hi (grooves) carved on both sides, exceptional jigane, and a splendid Sumitani-style ch\u014dji hamon.<\/p>\n<p>\u2014 Chronology \u2014<br \/>\n1956: Opened the forge \u201cSanry\u016btei\u201d in Matto.<br \/>\n1957\u20131964: Consecutively awarded in New Sword Art Exhibitions.<br \/>\n1965: Received both the Honorary President&#8217;s Award and the highest award, Masamune Prize, at the New Sword Exhibition.<br \/>\nBuilt a new Japanese Sword Forge \u201cRy\u014dzantei.\u201d<br \/>\n1966: Received a second Masamune Prize and the Mainichi Newspaper Award.<br \/>\nDesignated a Mukansa (non-competitive) swordsmith and appointed as judge at the New Sword Exhibition.<br \/>\n1967: Designated Intangible Cultural Property of Ishikawa Prefecture.<br \/>\n1972: Received the first Kunzan Prize.<br \/>\n1974: Received third Masamune Prize at the New Sword Exhibition.<br \/>\n1981: Designated as a Living National Treasure (Important Intangible Cultural Property Holder).<br \/>\n1984: Received the Purple Ribbon Medal.<br \/>\n1990: Forged the Imperial Accession Ceremonial Sword. Gave lectures at the British Museum\u2019s Japanese Sword Exhibition.<br \/>\n1991: Crafted a guardian sword for Princess Mako of the Akishino Imperial Family.<br \/>\n1992: Commissioned to make a sacred treasure tachi for the Ise Grand Shrine Shikinen Sengu.<br \/>\n1993: Crafted a guardian sword for Crown Princess Masako.<br \/>\n1994: Crafted a guardian sword for Princess Kako of the Akishino Imperial Family.<br \/>\n1998: Passed away on December 12 at the age of 77.<\/p>\n<p>NBTHK Tokubetsu Hozon Token Certificate<br \/>\nAoi Art estimation paper with whole oshigata<\/p>\n<p><a href=\"https:\/\/www.aoijapan.com\/img\/sword\/2024\/24859-2.jpg\"><img decoding=\"async\" src=\"https:\/\/www.aoijapan.com\/img\/sword\/2024\/24859-2.jpg\" alt=\"\" width=\"30%\" height=\"30%\" \/><\/a> <a href=\"https:\/\/www.aoijapan.com\/img\/sword\/2024\/24859-3.jpg\"><img decoding=\"async\" src=\"https:\/\/www.aoijapan.com\/img\/sword\/2024\/24859-3.jpg\" alt=\"\" width=\"30%\" height=\"30%\" \/><\/a> <a href=\"https:\/\/www.aoijapan.com\/img\/sword\/2024\/24859-4.jpg\"><img decoding=\"async\" src=\"https:\/\/www.aoijapan.com\/img\/sword\/2024\/24859-4.jpg\" alt=\"\" width=\"30%\" height=\"30%\" \/><\/a><br \/>\n<a href=\"https:\/\/www.aoijapan.com\/img\/sword\/2024\/24859paper-1.jpg\"><img decoding=\"async\" src=\"https:\/\/www.aoijapan.com\/img\/sword\/2024\/24859paper-1.jpg\" alt=\"\" width=\"40%\" height=\"40%\" \/><\/a><a href=\"https:\/\/www.aoijapan.com\/img\/sword\/2024\/24859paper-2.jpg\"><img decoding=\"async\" src=\"https:\/\/www.aoijapan.com\/img\/sword\/2024\/24859paper-2.jpg\" alt=\"\" width=\"40%\" height=\"40%\" \/><\/a><br \/>\n<a href=\"https:\/\/www.aoijapan.com\/img\/sword\/2024\/24859sayagaki.jpg\"><img decoding=\"async\" src=\"https:\/\/www.aoijapan.com\/img\/sword\/2024\/24859sayagaki.jpg\" alt=\"\" width=\u201c40%\" height=\u201c40%\" \/><\/a><br \/>\n<a href=\"https:\/\/www.aoijapan.com\/img\/sword\/2024\/24859_p.jpg\"><img decoding=\"async\" src=\"https:\/\/www.aoijapan.com\/img\/sword\/2024\/24859_p.jpg\" alt=\"\" width=\u201c70%\" height=\u201c70%\" \/><\/a\n<\/p>\n","protected":false},"excerpt":{"rendered":"<p>Katana in Shirasaya (NBTHK Tokubetsu Hozon Token) Signature: Kagakoku j\u016b Ry\u014dsanshi Masamine Saku Kore (Designated Living National Treasure) Sh\u014dwa Kanoto-I Nen 2 Gatsu Hi Oju Tsuruno Teisuke Shi (made upon request by Mr. TsurunoTeisuke in February, 1971) \u52a0\u8cc0\u56fd\u4f4f\u4e21\u5c71\u5b50\u6b63\u5cef\u4f5c\u4e4b \u662d\u548c\u8f9b\u4ea5\u5e74\u4e8c\u6708\u65e5\u5fdc\u9700\u9db4\u91ce\u5b9a\u52a9\u6c0f We divide 4 sections for each sword as Saijyo Saku, Jyojyo Saku, Jyo Saku and Regular [&#8230;]\n","protected":false},"featured_media":0,"template":"","meta":[],"class_list":["post-27131","product","type-product","status-publish","hentry","product_cat-katana-en","product_cat-sword-en"],"_links":{"self":[{"href":"https:\/\/sword-auction.com\/en\/wp-json\/wp\/v2\/product\/27131","targetHints":{"allow":["GET"]}}],"collection":[{"href":"https:\/\/sword-auction.com\/en\/wp-json\/wp\/v2\/product"}],"about":[{"href":"https:\/\/sword-auction.com\/en\/wp-json\/wp\/v2\/types\/product"}],"wp:attachment":[{"href":"https:\/\/sword-auction.com\/en\/wp-json\/wp\/v2\/media?parent=27131"}],"curies":[{"name":"wp","href":"https:\/\/api.w.org\/{rel}","templated":true}]}}