{"id":27086,"date":"2025-06-07T13:12:06","date_gmt":"2025-06-07T04:12:06","guid":{"rendered":"https:\/\/sword-auction.com\/?post_type=product&#038;p=27086"},"modified":"2025-06-07T13:12:06","modified_gmt":"2025-06-07T04:12:06","slug":"as24726-tanto%ef%bc%9a-gassan-hayato-minamoto-sadakazu-kaonbthk-tokubetsu-hozon-token","status":"publish","type":"product","link":"https:\/\/sword-auction.com\/en\/product\/27086\/as24726-tanto%ef%bc%9a-gassan-hayato-minamoto-sadakazu-kaonbthk-tokubetsu-hozon-token\/","title":{"rendered":"AS24726  Tanto\uff1a Gassan Hayato Minamoto Sadakazu (Kao)(NBTHK Tokubetsu Hozon Token)"},"content":{"rendered":"<p>Tanto in Shirasaya with Koshirae (NBTHK Tokubetsu Hozon Token)<\/p>\n<p>Signature: Gassan Hayato Minamoto Sadakazu (Kao)<br \/>\nBunkyu 2 Nen 8 Gatsu Hi (August, 1862)<br \/>\n\u6708\u5c71\u96bc\u4eba\u6e90\u8c9e\u4e00(\u82b1\u62bc)<br \/>\n\u6587\u4e45\u4e8c\u5e74\u516b\u6708\u65e5\u3000<\/p>\n<p>Shinshinto: Jyojyo Saku: Settsu<br \/>\nWe divide 4 sections for each sword as Saijyo Saku, Jyojyo Saku, Jyo Saku and Regular Saku.<br \/>\nThis piece is ranked as Jyojyo Saku for Gassan Hayato Minamoto Sadakazu.<br \/>\nHabaki: Single-layer gold-covered<br \/>\nBlade Length: 27.1 cm (10.67 in)<br \/>\nCurvature: 0.0 cm (0.00 in)<br \/>\nMekugi Hole: 1<br \/>\nWidth at Base (Motohaba): 2.69 cm (1.06 in)<br \/>\nThickness of Rim (Kasane): 0.6 cm (0.24 in)<br \/>\nSword Weight: 210 grams<br \/>\nEra: Late Edo Period, around Bunkyu era (circa 1861\u20131864)<br \/>\nShape: A broad blade with substantial thickness, in mitsumune style.<br \/>\nJigane: Finely forged small itame-hada, densely packed.<br \/>\nHamon: Gunome-midare in nioi-deki with active ashi. Boshi is round and returns.<\/p>\n<p>Features:\u3000Gassan Hayato Minamoto Sadakazu, born Yagor\u014d, was the adopted son of Sadayoshi.<br \/>\nHis art name was Unryushi.<br \/>\nHe was appointed an Imperial Household Artist on April 4, 1906 (Meiji 39), and passed away at the age of 84 on July 8, 1918 (Taisho 7).<br \/>\nHe began making swords at age 14 and also worked as a substitute smith for Sadayoshi.<br \/>\nIn his early period, he made long blades with suguha hamon; in his later years, he made elaborate choji-midare hamon and decorative sword engravings.<br \/>\nHe managed to survive the ban on sword production issued during the Meiji era by making swords under the names of other famous smiths.<br \/>\nAfter the ban was lifted, he resumed full-scale sword making.<br \/>\nAs an Imperial Household Artist, his works were considered equivalent to today&#8217;s Living National Treasures.<br \/>\nThe title included various fields such as painters, sculptors, metalworkers, ceramicists, lacquer artists, swordsmiths, and even photographers.<br \/>\nAppointees received an annual pension of 100 yen.<br \/>\nNotable figures like Hashimoto Gah\u014d, Takamura K\u014dun, and Kan\u014d Natsuo were also appointed.<br \/>\nIn the field of swordsmithing, Gassan Sadakazu and Miyamoto Kanenori were selected.<\/p>\n<p>Koshirae:<br \/>\nTsuba: Oval-shaped, made of shibuichi base, engraved with a tiger motif.<br \/>\nKaerizuno (Return Hook): Kurigata style, made of shakud\u014d nanako-ji, engraved with a paulownia crest and decorated with gold color inlay.<br \/>\nFuchikashira: Made of shakud\u014d, decorated with gold-inlaid patterns.<br \/>\nSaya: Covered with ume-kawaha (plum bark), in excellent condition.<br \/>\nKozuka: Made of suaka (refined copper), engraved with gourd and praying mantis motifs, decorated with gold inlay.<br \/>\nMenuki: Made of shakud\u014d, engraved with lion motifs and highlighted with gold inlay.<\/p>\n<p>Aoi Art\u2019s Comment:\u3000This is a tanto by Gassan Hayato Minamoto Sadakazu, accompanied by a beautifully crafted koshirae.<br \/>\nAfter the sword prohibition order was enacted in 1871 (Meiji 4), most swordsmiths were forced to quit their profession.<br \/>\nHowever, Sadakazu survived by replicating the styles of other smiths.<br \/>\nThrough imitation, he honed his skills and became a master capable of producing excellent works in the styles of the S\u014dsh\u016b, Yamato, Bizen, Yamashiro, and Mino traditions.<br \/>\nHe also excelled in sword engravings.<br \/>\nThis piece showcases beautiful jigane and hamon.<br \/>\nHighly recommended and worthy of acquisition.<\/p>\n<p>NBTHK Tokubetsu Hozon Token Certificate<br \/>\nAoi Art estimation paper: Whole Oshigata included<\/p>\n<p><a href=\"https:\/\/www.aoijapan.com\/img\/sword\/2024\/24726-2.jpg\"><img decoding=\"async\" src=\"https:\/\/www.aoijapan.com\/img\/sword\/2024\/24726-2.jpg\" alt=\"\" width=\"20%\" height=\"20%\" \/><\/a> <a href=\"https:\/\/www.aoijapan.com\/img\/sword\/2024\/24726-3.jpg\"><img decoding=\"async\" src=\"https:\/\/www.aoijapan.com\/img\/sword\/2024\/24726-3.jpg\" alt=\"\" width=\"20%\" height=\"20%\" \/><\/a> <a href=\"https:\/\/www.aoijapan.com\/img\/sword\/2024\/24726-4.jpg\"><img decoding=\"async\" src=\"https:\/\/www.aoijapan.com\/img\/sword\/2024\/24726-4.jpg\" alt=\"\" width=\"20%\" height=\"20%\" \/><\/a>  <a href=\"https:\/\/www.aoijapan.com\/img\/sword\/2024\/24726koshirae.jpg\"><img decoding=\"async\" src=\"https:\/\/www.aoijapan.com\/img\/sword\/2024\/24726koshirae.jpg\" alt=\"\" width=\"20%\" height=\"20%\" \/><\/a><br \/>\n<a href=\"https:\/\/www.aoijapan.com\/img\/sword\/2024\/24726paper-1.jpg\"><img decoding=\"async\" src=\"https:\/\/www.aoijapan.com\/img\/sword\/2024\/24726paper-1.jpg\" alt=\"\" width=\u201c60%\" height=\u201c60%\" \/><\/a> <a href=\"https:\/\/www.aoijapan.com\/img\/sword\/2024\/24726paper-2.jpg\"><img decoding=\"async\" src=\"https:\/\/www.aoijapan.com\/img\/sword\/2024\/24726paper-2.jpg\" alt=\"\" width=\u201c60%\" height=\u201c60%\" \/><\/a><br \/>\n<a href=\"https:\/\/www.aoijapan.com\/img\/sword\/2024\/24726sayagaki.jpg\"><img decoding=\"async\" src=\"https:\/\/www.aoijapan.com\/img\/sword\/2024\/24726sayagaki.jpg\" alt=\"\" width=\"30%\" height=\"30%\" \/><\/a><br \/>\n<a href=\"https:\/\/www.aoijapan.com\/img\/sword\/2024\/24726_p.jpg\"><img decoding=\"async\" src=\"https:\/\/www.aoijapan.com\/img\/sword\/2024\/24726_p.jpg\" alt=\"\" width=\u201c70%\u201d height=\u201c70%\u201d \/><\/a><\/p>\n","protected":false},"excerpt":{"rendered":"<p>Tanto in Shirasaya with Koshirae (NBTHK Tokubetsu Hozon Token) Signature: Gassan Hayato Minamoto Sadakazu (Kao) Bunkyu 2 Nen 8 Gatsu Hi (August, 1862) \u6708\u5c71\u96bc\u4eba\u6e90\u8c9e\u4e00(\u82b1\u62bc) \u6587\u4e45\u4e8c\u5e74\u516b\u6708\u65e5\u3000 Shinshinto: Jyojyo Saku: Settsu We divide 4 sections for each sword as Saijyo Saku, Jyojyo Saku, Jyo Saku and Regular Saku. This piece is ranked as Jyojyo Saku for Gassan [&#8230;]\n","protected":false},"featured_media":0,"template":"","meta":[],"class_list":["post-27086","product","type-product","status-publish","hentry","product_cat-sword-en","product_cat-tanto-en"],"_links":{"self":[{"href":"https:\/\/sword-auction.com\/en\/wp-json\/wp\/v2\/product\/27086","targetHints":{"allow":["GET"]}}],"collection":[{"href":"https:\/\/sword-auction.com\/en\/wp-json\/wp\/v2\/product"}],"about":[{"href":"https:\/\/sword-auction.com\/en\/wp-json\/wp\/v2\/types\/product"}],"wp:attachment":[{"href":"https:\/\/sword-auction.com\/en\/wp-json\/wp\/v2\/media?parent=27086"}],"curies":[{"name":"wp","href":"https:\/\/api.w.org\/{rel}","templated":true}]}}