{"id":27074,"date":"2025-06-06T15:21:30","date_gmt":"2025-06-06T06:21:30","guid":{"rendered":"https:\/\/sword-auction.com\/product\/27074\/af25166-%e4%ba%8c%e6%89%80%e7%89%a9%ef%bc%88%e7%ac%84%e3%80%81%e5%b0%8f%e6%9f%84%ef%bc%89%e7%ac%84%e5%be%8c%e8%97%a4%e3%80%80%e4%bc%9d%e4%b9%97%e8%8a%b1%e6%8a%bc-%e5%b0%8f%e6%9f%84%ef%bc%9a\/"},"modified":"2025-06-06T15:22:30","modified_gmt":"2025-06-06T06:22:30","slug":"af25166-%e4%ba%8c%e6%89%80%e7%89%a9%ef%bc%88%e7%ac%84%e3%80%81%e5%b0%8f%e6%9f%84%ef%bc%89%e7%ac%84%e5%be%8c%e8%97%a4%e3%80%80%e4%bc%9d%e4%b9%97%e8%8a%b1%e6%8a%bc-%e5%b0%8f%e6%9f%84%ef%bc%9a","status":"publish","type":"product","link":"https:\/\/sword-auction.com\/en\/product\/27074\/af25166-%e4%ba%8c%e6%89%80%e7%89%a9%ef%bc%88%e7%ac%84%e3%80%81%e5%b0%8f%e6%9f%84%ef%bc%89%e7%ac%84%e5%be%8c%e8%97%a4%e3%80%80%e4%bc%9d%e4%b9%97%e8%8a%b1%e6%8a%bc-%e5%b0%8f%e6%9f%84%ef%bc%9a\/","title":{"rendered":"AF25166 Kogai and Kozuka:K\u014dgai: Got\u014d Denj\u014d (Kao)\/Kozuka: Mon tokuj\u014d Mitsutaka (Kao)"},"content":{"rendered":"<p>Kogai and Kozuka: (NBTHK Tokubetsu\u3000Hozon Tosogu)<\/p>\n<p>K\u014dgai:<br \/>\nSignature: Got\u014d Denj\u014d (Kao)<br \/>\nDimensions: 1.27 cm \u00d7 21.7 cm(0.50 in \u00d7 8.54 in)<\/p>\n<p>Kozuka:<br \/>\nSignature: Montokuj\u014d Mitsutaka (Kao)<br \/>\nDimensions: 9.71 cm \u00d7 1.40 cm(3.82 in \u00d7 0.55 in)<\/p>\n<p>Era: The Edo period.<\/p>\n<p>Features:Features:<br \/>\nThe design depicts the famous Chinese historical episode of &#8220;Huang Shigong and Zhang Liang,&#8221; intricately carved in high relief with iroe (colored metal inlay) on a shakud\u014d nanako ground.<\/p>\n<p>Supplement:<br \/>\nThe scene shows Zhang Liang retrieving a shoe that Huang Shigong had deliberately thrown into a river. In the story, Zhang Liang bravely battles a dragon god to retrieve the shoe, riding on a dragon to return it. Huang Shigong is depicted on horseback.<\/p>\n<p>NBTHK Tokubetsu Hozon Paper<br \/>\nAoi Art estimation paper<br \/>\nIn Kiri box.<\/p>\n<p><a href=\"https:\/\/www.aoijapan.com\/img\/fittings\/2025\/F25166.jpg\"><img decoding=\"async\" src=\"https:\/\/www.aoijapan.com\/img\/fittings\/2025\/F25166.jpg\" alt=\"\" width=\"100%\" height=\"100%\" \/><\/a><br \/>\n<a href=\"https:\/\/www.aoijapan.com\/img\/fittings\/2025\/F25166paper-1.jpg\"><img decoding=\"async\" src=\"https:\/\/www.aoijapan.com\/img\/fittings\/2025\/F25166paper-1.jpg\" alt=\"\" width=\"100%\" height=\"100%\" \/><\/a> <\/p>\n","protected":false},"excerpt":{"rendered":"<p>Kogai and Kozuka: (NBTHK Tokubetsu\u3000Hozon Tosogu) K\u014dgai: Signature: Got\u014d Denj\u014d (Kao) Dimensions: 1.27 cm \u00d7 21.7 cm(0.50 in \u00d7 8.54 in) Kozuka: Signature: Montokuj\u014d Mitsutaka (Kao) Dimensions: 9.71 cm \u00d7 1.40 cm(3.82 in \u00d7 0.55 in) Era: The Edo period. Features:Features: The design depicts the famous Chinese historical episode of &#8220;Huang Shigong and Zhang Liang,&#8221; [&#8230;]\n","protected":false},"featured_media":0,"template":"","meta":[],"class_list":["post-27074","product","type-product","status-publish","hentry","product_cat-fittings-en","product_cat-kozuka-en","product_cat-kougai-en"],"_links":{"self":[{"href":"https:\/\/sword-auction.com\/en\/wp-json\/wp\/v2\/product\/27074","targetHints":{"allow":["GET"]}}],"collection":[{"href":"https:\/\/sword-auction.com\/en\/wp-json\/wp\/v2\/product"}],"about":[{"href":"https:\/\/sword-auction.com\/en\/wp-json\/wp\/v2\/types\/product"}],"wp:attachment":[{"href":"https:\/\/sword-auction.com\/en\/wp-json\/wp\/v2\/media?parent=27074"}],"curies":[{"name":"wp","href":"https:\/\/api.w.org\/{rel}","templated":true}]}}