{"id":27040,"date":"2025-06-04T14:44:38","date_gmt":"2025-06-04T05:44:38","guid":{"rendered":"https:\/\/sword-auction.com\/?post_type=product&#038;p=27040"},"modified":"2025-06-04T14:47:25","modified_gmt":"2025-06-04T05:47:25","slug":"af25189-fuchi-kashiranaokane","status":"publish","type":"product","link":"https:\/\/sword-auction.com\/en\/product\/27040\/af25189-fuchi-kashiranaokane\/","title":{"rendered":"AF25189  Fuchi Kashira:Naokane"},"content":{"rendered":"<p>Fuchi Kashira: Peony<br \/>\nSignature: Naokane<br \/>\n\u76f4\u77e9<\/p>\n<p>Fuchi Dimension\uff1a3.78 cm \u00d7 2.09 cm \u00d7 1.26 cm (1.49 in \u00d7 0.82 in \u00d7 0.50 in)<br \/>\nKashira Dimension:3.58 cm \u00d7 1.82 cm \u00d7 0.96 cm (1.41 in \u00d7 0.72 in \u00d7 0.38 in)<\/p>\n<p>Era: The Edo period<\/p>\n<p>Special Feature: Shakudo base. Peonies are engraved with gold.<\/p>\n<p>In Kiri box<br \/>\nAoi Art estimation paper<\/p>\n<p><a href=\"https:\/\/www.aoijapan.com\/img\/fittings\/2025\/F25189.jpg\"><img decoding=\"async\" src=\"https:\/\/www.aoijapan.com\/img\/fittings\/2025\/F25189.jpg\" alt=\"\" width=\"100%\" height=\"100%\" \/><\/a><br \/>\n<a href=\"https:\/\/www.aoijapan.com\/img\/fittings\/2025\/F25189paper-1.jpg\"><img decoding=\"async\" src=\"https:\/\/www.aoijapan.com\/img\/fittings\/2025\/F25189paper-1.jpg\" alt=\"\" width=\"100%\" height=\"100%\" \/><\/a> <\/p>\n","protected":false},"excerpt":{"rendered":"<p>Fuchi Kashira: Peony Signature: Naokane \u76f4\u77e9 Fuchi Dimension\uff1a3.78 cm \u00d7 2.09 cm \u00d7 1.26 cm (1.49 in \u00d7 0.82 in \u00d7 0.50 in) Kashira Dimension:3.58 cm \u00d7 1.82 cm \u00d7 0.96 cm (1.41 in \u00d7 0.72 in \u00d7 0.38 in) Era: The Edo period Special Feature: Shakudo base. Peonies are engraved with gold. In Kiri [&#8230;]\n","protected":false},"featured_media":0,"template":"","meta":[],"class_list":["post-27040","product","type-product","status-publish","hentry","product_cat-fuchikashira-en","product_cat-fittings-en"],"_links":{"self":[{"href":"https:\/\/sword-auction.com\/en\/wp-json\/wp\/v2\/product\/27040","targetHints":{"allow":["GET"]}}],"collection":[{"href":"https:\/\/sword-auction.com\/en\/wp-json\/wp\/v2\/product"}],"about":[{"href":"https:\/\/sword-auction.com\/en\/wp-json\/wp\/v2\/types\/product"}],"wp:attachment":[{"href":"https:\/\/sword-auction.com\/en\/wp-json\/wp\/v2\/media?parent=27040"}],"curies":[{"name":"wp","href":"https:\/\/api.w.org\/{rel}","templated":true}]}}