{"id":26880,"date":"2025-05-23T17:08:05","date_gmt":"2025-05-23T08:08:05","guid":{"rendered":"https:\/\/sword-auction.com\/?post_type=product&#038;p=26880"},"modified":"2025-05-23T17:08:05","modified_gmt":"2025-05-23T08:08:05","slug":"af25181-kozukamumeiunsigned%ef%bc%88nomura%ef%bc%89nbthk-hozon-tosogu","status":"publish","type":"product","link":"https:\/\/sword-auction.com\/en\/product\/26880\/af25181-kozukamumeiunsigned%ef%bc%88nomura%ef%bc%89nbthk-hozon-tosogu\/","title":{"rendered":"AF25181  Kozuka:Mumei(Unsigned)\uff08Nomura\uff09(NBTHK Hozon Tosogu)"},"content":{"rendered":"<p>Kozuka:H\u014dju (Treasure and Longevity) with Noshi Ribbons(NBTHK Hozon Tosogu)<br \/>\nSignature: Mumei(Unsigned)\uff08Nomura\uff09<br \/>\n\uff08\u91ce\u6751\uff09<\/p>\n<p>Dimension:\u3000Dimensions: 9.83 cm \u00d7 1.46 cm \u00d7 0.43 cm<br \/>\n(3.87 in \u00d7 0.57 in \u00d7 0.17 in)<\/p>\n<p>Era: the Edo period<br \/>\nFeatures: Carved in high relief on a shakud\u014d nanako ground, H\u014dju (Treasure and Longevity) with Noshi Ribbons is decorated with gold and silver inlay. The reverse side is finished in gold foil (ura-h\u014dkin).<\/p>\n<p>In Kiri Box<br \/>\nNBTHK Hozon Tosogu<br \/>\nAoi Art estimation paper<\/p>\n<p><a href=\"https:\/\/www.aoijapan.com\/img\/fittings\/2025\/F25181.jpg\"><img decoding=\"async\" src=\"https:\/\/www.aoijapan.com\/img\/fittings\/2025\/F25181.jpg\" alt=\"\" width=\"100%\" height=\"100%\" \/><\/a><br \/>\n<a href=\"https:\/\/www.aoijapan.com\/img\/fittings\/2025\/F25181paper-1.jpg\"><img decoding=\"async\" src=\"https:\/\/www.aoijapan.com\/img\/fittings\/2025\/F25181paper-1.jpg\" alt=\"\" width=\"100%\" height=\"100%\" \/><\/a> <\/p>\n","protected":false},"excerpt":{"rendered":"<p>Kozuka:H\u014dju (Treasure and Longevity) with Noshi Ribbons(NBTHK Hozon Tosogu) Signature: Mumei(Unsigned)\uff08Nomura\uff09 \uff08\u91ce\u6751\uff09 Dimension:\u3000Dimensions: 9.83 cm \u00d7 1.46 cm \u00d7 0.43 cm (3.87 in \u00d7 0.57 in \u00d7 0.17 in) Era: the Edo period Features: Carved in high relief on a shakud\u014d nanako ground, H\u014dju (Treasure and Longevity) with Noshi Ribbons is decorated with gold and [&#8230;]\n","protected":false},"featured_media":0,"template":"","meta":[],"class_list":["post-26880","product","type-product","status-publish","hentry","product_cat-fittings-en","product_cat-kozuka-en"],"_links":{"self":[{"href":"https:\/\/sword-auction.com\/en\/wp-json\/wp\/v2\/product\/26880","targetHints":{"allow":["GET"]}}],"collection":[{"href":"https:\/\/sword-auction.com\/en\/wp-json\/wp\/v2\/product"}],"about":[{"href":"https:\/\/sword-auction.com\/en\/wp-json\/wp\/v2\/types\/product"}],"wp:attachment":[{"href":"https:\/\/sword-auction.com\/en\/wp-json\/wp\/v2\/media?parent=26880"}],"curies":[{"name":"wp","href":"https:\/\/api.w.org\/{rel}","templated":true}]}}