{"id":26810,"date":"2025-05-16T14:02:36","date_gmt":"2025-05-16T05:02:36","guid":{"rendered":"https:\/\/sword-auction.com\/?post_type=product&#038;p=26810"},"modified":"2025-05-16T14:02:36","modified_gmt":"2025-05-16T05:02:36","slug":"af25110-set-of-tosogufuchikashira-kozuka-tsuba%ef%bc%9amumei%ef%bc%88unsigned","status":"publish","type":"product","link":"https:\/\/sword-auction.com\/en\/product\/26810\/af25110-set-of-tosogufuchikashira-kozuka-tsuba%ef%bc%9amumei%ef%bc%88unsigned\/","title":{"rendered":"AF25110  Set of Tosogu(Fuchikashira, Kozuka, Tsuba)\uff1aMumei\uff08Unsigned)"},"content":{"rendered":"<p>Set of Tosogu(Fuchikashira, Kozuka, Tsuba)\uff1aMumei\uff08Unsigned)<br \/>\nFeatures\uff1aMade of shakud\u014d with high-relief carvings of sakura (cherry blossom) motifs.Decorated with gold and silver inlay (iroe).<br \/>\nEra: Edo Period<\/p>\n<p>Fuchigashira (Fuchi and Kashira):<br \/>\nSignature: Mumei (Unsigned)<br \/>\nFuchi Dimensions:3.91 cm \u00d7 2.29 cm \u00d7 1.21 cm<br \/>\n(\u2248 1.54 in \u00d7 0.90 in \u00d7 0.48 in)<\/p>\n<p>Kashira Dimensions:3.39 cm \u00d7 1.80 cm \u00d7 0.63 cm<br \/>\n(\u2248 1.33 in \u00d7 0.71 in \u00d7 0.25 in)<\/p>\n<p>Kozuka:<br \/>\nSignature: Mumei (Unsigned)<br \/>\nDimensions: 9.60 cm \u00d7 1.43 cm \u00d7 0.53 cm<br \/>\n(\u2248 3.78 in \u00d7 0.56 in \u00d7 0.21 in)<\/p>\n<p>Tsuba:<br \/>\nSignature: Mumei (Unsigned)<br \/>\nDimensions: 7.14 cm \u00d7 6.70 cm<br \/>\n(\u2248 2.81 in \u00d7 2.64 in)<br \/>\nThickness : 0.48 cm (\u2248 0.19 in)<br \/>\nWeight: 144 g (\u2248 5.08 oz)<\/p>\n<p>In Kiri box<br \/>\nAoi Art estimation paper<\/p>\n<p><a href=\"https:\/\/www.aoijapan.com\/img\/fittings\/2025\/F25110.jpg\"><img decoding=\"async\" src=\"https:\/\/www.aoijapan.com\/img\/fittings\/2025\/F25110.jpg\" alt=\"\" width=\"100%\" height=\"100%\" \/><\/a><br \/>\n<a href=\"https:\/\/www.aoijapan.com\/img\/fittings\/2025\/F25110paper-1.jpg\"><img decoding=\"async\" src=\"https:\/\/www.aoijapan.com\/img\/fittings\/2025\/F25110paper-1.jpg\" alt=\"\" width=\"100%\" height=\"100%\" \/><\/a><\/p>\n","protected":false},"excerpt":{"rendered":"<p>Set of Tosogu(Fuchikashira, Kozuka, Tsuba)\uff1aMumei\uff08Unsigned) Features\uff1aMade of shakud\u014d with high-relief carvings of sakura (cherry blossom) motifs.Decorated with gold and silver inlay (iroe). Era: Edo Period Fuchigashira (Fuchi and Kashira): Signature: Mumei (Unsigned) Fuchi Dimensions:3.91 cm \u00d7 2.29 cm \u00d7 1.21 cm (\u2248 1.54 in \u00d7 0.90 in \u00d7 0.48 in) Kashira Dimensions:3.39 cm \u00d7 1.80 [&#8230;]\n","protected":false},"featured_media":0,"template":"","meta":[],"class_list":["post-26810","product","type-product","status-publish","hentry","product_cat-fittings-en","product_cat-soroikanagu-en"],"_links":{"self":[{"href":"https:\/\/sword-auction.com\/en\/wp-json\/wp\/v2\/product\/26810","targetHints":{"allow":["GET"]}}],"collection":[{"href":"https:\/\/sword-auction.com\/en\/wp-json\/wp\/v2\/product"}],"about":[{"href":"https:\/\/sword-auction.com\/en\/wp-json\/wp\/v2\/types\/product"}],"wp:attachment":[{"href":"https:\/\/sword-auction.com\/en\/wp-json\/wp\/v2\/media?parent=26810"}],"curies":[{"name":"wp","href":"https:\/\/api.w.org\/{rel}","templated":true}]}}