{"id":26776,"date":"2025-05-14T14:38:27","date_gmt":"2025-05-14T05:38:27","guid":{"rendered":"https:\/\/sword-auction.com\/?post_type=product&#038;p=26776"},"modified":"2025-05-14T14:40:04","modified_gmt":"2025-05-14T05:40:04","slug":"af25137-set-of-fittings-kogai-kozuka-mumei-kyo-kinko-tokubetsu-hozon-tosogu","status":"publish","type":"product","link":"https:\/\/sword-auction.com\/en\/product\/26776\/af25137-set-of-fittings-kogai-kozuka-mumei-kyo-kinko-tokubetsu-hozon-tosogu\/","title":{"rendered":"AF25137  Set of Fittings (K\u014dgai, Kozuka): Mumei (Ky\u014d Kink\u014d) (Tokubetsu Hozon T\u014ds\u014dgu)"},"content":{"rendered":"<p>Set of Fittings (K\u014dgai, Kozuka): Family Crest Scatter Design &#8211; Two-Piece Set (Tokubetsu Hozon T\u014ds\u014dgu)<br \/>\nSignature: Mumei (Ky\u014d Kink\u014d)<br \/>\n\uff08\u4eac\u91d1\u5de5\uff09<\/p>\n<p>K\u014dgai:<br \/>\nDimensions: 21.0 cm \u00d7 1.2 cm (\u2248 8.27 in \u00d7 0.47 in)<\/p>\n<p>Kozuka:<br \/>\nDimensions: 9.71 cm \u00d7 1.39 cm (\u2248 3.82 in \u00d7 0.55 in)<\/p>\n<p>Description: Shakud\u014d nanako-ji with high-relief carving of family crests, accented with colored inlay (iroe).<\/p>\n<p>Era: Edo Period<\/p>\n<p>In Kiri box<br \/>\nAoi Art Appraisal Certificate<br \/>\nNBTHK Tokubetsu Hozon T\u014ds\u014dgu Certificate<br \/>\n<a href=\"https:\/\/www.aoijapan.com\/img\/fittings\/2025\/F25137.jpg\"><img decoding=\"async\" src=\"https:\/\/www.aoijapan.com\/img\/fittings\/2025\/F25137.jpg\" alt=\"\" width=\"100%\" height=\"100%\" \/><\/a><br \/>\n<a href=\"https:\/\/www.aoijapan.com\/img\/fittings\/2025\/F25137paper-1.jpg\"><img decoding=\"async\" src=\"https:\/\/www.aoijapan.com\/img\/fittings\/2025\/F25137paper-1.jpg\" alt=\"\" width=\"100%\" height=\"100%\" \/><\/a> <\/p>\n","protected":false},"excerpt":{"rendered":"<p>Set of Fittings (K\u014dgai, Kozuka): Family Crest Scatter Design &#8211; Two-Piece Set (Tokubetsu Hozon T\u014ds\u014dgu) Signature: Mumei (Ky\u014d Kink\u014d) \uff08\u4eac\u91d1\u5de5\uff09 K\u014dgai: Dimensions: 21.0 cm \u00d7 1.2 cm (\u2248 8.27 in \u00d7 0.47 in) Kozuka: Dimensions: 9.71 cm \u00d7 1.39 cm (\u2248 3.82 in \u00d7 0.55 in) Description: Shakud\u014d nanako-ji with high-relief carving of family crests, [&#8230;]\n","protected":false},"featured_media":0,"template":"","meta":[],"class_list":["post-26776","product","type-product","status-publish","hentry","product_cat-fuchikashira-en","product_cat-fittings-en","product_cat-kozuka-en","product_cat-soroikanagu-en"],"_links":{"self":[{"href":"https:\/\/sword-auction.com\/en\/wp-json\/wp\/v2\/product\/26776","targetHints":{"allow":["GET"]}}],"collection":[{"href":"https:\/\/sword-auction.com\/en\/wp-json\/wp\/v2\/product"}],"about":[{"href":"https:\/\/sword-auction.com\/en\/wp-json\/wp\/v2\/types\/product"}],"wp:attachment":[{"href":"https:\/\/sword-auction.com\/en\/wp-json\/wp\/v2\/media?parent=26776"}],"curies":[{"name":"wp","href":"https:\/\/api.w.org\/{rel}","templated":true}]}}