{"id":26760,"date":"2025-05-13T16:42:53","date_gmt":"2025-05-13T07:42:53","guid":{"rendered":"https:\/\/sword-auction.com\/?post_type=product&#038;p=26760"},"modified":"2025-05-13T16:42:54","modified_gmt":"2025-05-13T07:42:54","slug":"af25107-fuchi-kashira-jochikukaonbthk-tokubetsu-hozon-tosogu","status":"publish","type":"product","link":"https:\/\/sword-auction.com\/en\/product\/26760\/af25107-fuchi-kashira-jochikukaonbthk-tokubetsu-hozon-tosogu\/","title":{"rendered":"AF25107  Fuchi Kashira: Jochiku(Kao)(NBTHK Tokubetsu Hozon Tosogu)"},"content":{"rendered":"<p>Ordering Number: AF25107<\/p>\n<p>Fuchi Kashira: (NBTHK Tokubetsu Hozon Tosogu)<br \/>\nSignature: Jochiku(Kao)<br \/>\n\u5982\u7af9\uff08\u82b1\u62bc\uff09<\/p>\n<p>Fuchi Dimensions: 3.60 cm \u00d7 2.04 cm \u00d7 1.35 cm (\u2248 1.42 in \u00d7 0.80 in \u00d7 0.53 in)<br \/>\nKashira Dimensions: 3.38 cm \u00d7 1.84 cm \u00d7 0.68 cm (\u2248 1.33 in \u00d7 0.72 in \u00d7 0.27 in)<\/p>\n<p>Era: The late Edo period<\/p>\n<p>Special Feature: A shakud\u014d migaki-ji (polished shakud\u014d surface) decorated with a gunbai (war fan) motif inlaid with gold, silver, hi-iro copper, and oborogin (misty silver) using the hira-z\u014dgan (flat inlay) technique.<\/p>\n<p>In Kiri box<br \/>\nNBTHK Tokubetsu Hozon Paper<br \/>\nAoi Art estimation paper<\/p>\n<p><a href=\"https:\/\/www.aoijapan.com\/img\/fittings\/2025\/F25107.jpg\"><img decoding=\"async\" src=\"https:\/\/www.aoijapan.com\/img\/fittings\/2025\/F25107.jpg\" alt=\"\" width=\"100%\" height=\"100%\" \/><\/a><br \/>\n<a href=\"https:\/\/www.aoijapan.com\/img\/fittings\/2025\/F25107paper-1.jpg\"><img decoding=\"async\" src=\"https:\/\/www.aoijapan.com\/img\/fittings\/2025\/F25107paper-1.jpg\" alt=\"\" width=\"100%\" height=\"100%\" \/><\/a> <\/p>\n","protected":false},"excerpt":{"rendered":"<p>Ordering Number: AF25107 Fuchi Kashira: (NBTHK Tokubetsu Hozon Tosogu) Signature: Jochiku(Kao) \u5982\u7af9\uff08\u82b1\u62bc\uff09 Fuchi Dimensions: 3.60 cm \u00d7 2.04 cm \u00d7 1.35 cm (\u2248 1.42 in \u00d7 0.80 in \u00d7 0.53 in) Kashira Dimensions: 3.38 cm \u00d7 1.84 cm \u00d7 0.68 cm (\u2248 1.33 in \u00d7 0.72 in \u00d7 0.27 in) Era: The late Edo period [&#8230;]\n","protected":false},"featured_media":0,"template":"","meta":[],"class_list":["post-26760","product","type-product","status-publish","hentry","product_cat-fuchikashira-en","product_cat-fittings-en"],"_links":{"self":[{"href":"https:\/\/sword-auction.com\/en\/wp-json\/wp\/v2\/product\/26760","targetHints":{"allow":["GET"]}}],"collection":[{"href":"https:\/\/sword-auction.com\/en\/wp-json\/wp\/v2\/product"}],"about":[{"href":"https:\/\/sword-auction.com\/en\/wp-json\/wp\/v2\/types\/product"}],"wp:attachment":[{"href":"https:\/\/sword-auction.com\/en\/wp-json\/wp\/v2\/media?parent=26760"}],"curies":[{"name":"wp","href":"https:\/\/api.w.org\/{rel}","templated":true}]}}