{"id":26699,"date":"2025-05-08T14:38:44","date_gmt":"2025-05-08T05:38:44","guid":{"rendered":"https:\/\/sword-auction.com\/?post_type=product&#038;p=26699"},"modified":"2025-05-08T14:41:46","modified_gmt":"2025-05-08T05:41:46","slug":"af25109-kozukahirata-harunorikaonbthk-tokubetsu-hozon-tosogu","status":"publish","type":"product","link":"https:\/\/sword-auction.com\/en\/product\/26699\/af25109-kozukahirata-harunorikaonbthk-tokubetsu-hozon-tosogu\/","title":{"rendered":"AF25109  Kozuka:Hirata Harunori(Kao)(NBTHK Tokubetsu Hozon Tosogu)"},"content":{"rendered":"<p>Kozuka:Bundle of Noshi(NBTHK Tokubetsu Hozon Tosogu)<br \/>\nSignature: Hirata Harunori(Kao)<\/p>\n<p>Dimensions: 9.79 cm \u00d7 1.46 cm \u00d7 0.45 cm<br \/>\n(\u2248 3.85 in \u00d7 0.57 in \u00d7 0.18 in)<\/p>\n<p>Era: the Edo period<br \/>\nFeatures: A shakud\u014d nanako-ji (fish roe textured) base featuring a high-relief carving of bundle of noshi with colored inlay (iroe).<\/p>\n<p>Hirata Harunori was a skilled artisan in the craft of shippo (cloisonn\u00e9 enamel) and the 8th-generation head of the Hirata family, who served the shogunate. He was active during the late Edo period, from the Bunka and Bunsei eras to the Tenp\u014d era.<\/p>\n<p>In Kiri Box<br \/>\nNBTHK Tokubetsu Hozon Tosogu<br \/>\nAoi Art estimation paper<\/p>\n<p><a href=\"https:\/\/www.aoijapan.com\/img\/fittings\/2025\/F25109.jpg\"><img decoding=\"async\" src=\"https:\/\/www.aoijapan.com\/img\/fittings\/2025\/F25109.jpg\" alt=\"\" width=\"100%\" height=\"100%\" \/><\/a><br \/>\n<a href=\"https:\/\/www.aoijapan.com\/img\/fittings\/2025\/F25109paper-1.jpg\"><img decoding=\"async\" src=\"https:\/\/www.aoijapan.com\/img\/fittings\/2025\/F25109paper-1.jpg\" alt=\"\" width=\"100%\" height=\"100%\" \/><\/a> <\/p>\n","protected":false},"excerpt":{"rendered":"<p>Kozuka:Bundle of Noshi(NBTHK Tokubetsu Hozon Tosogu) Signature: Hirata Harunori(Kao) Dimensions: 9.79 cm \u00d7 1.46 cm \u00d7 0.45 cm (\u2248 3.85 in \u00d7 0.57 in \u00d7 0.18 in) Era: the Edo period Features: A shakud\u014d nanako-ji (fish roe textured) base featuring a high-relief carving of bundle of noshi with colored inlay (iroe). Hirata Harunori was a [&#8230;]\n","protected":false},"featured_media":0,"template":"","meta":[],"class_list":["post-26699","product","type-product","status-publish","hentry","product_cat-tsuba-en","product_cat-fittings-en"],"_links":{"self":[{"href":"https:\/\/sword-auction.com\/en\/wp-json\/wp\/v2\/product\/26699","targetHints":{"allow":["GET"]}}],"collection":[{"href":"https:\/\/sword-auction.com\/en\/wp-json\/wp\/v2\/product"}],"about":[{"href":"https:\/\/sword-auction.com\/en\/wp-json\/wp\/v2\/types\/product"}],"wp:attachment":[{"href":"https:\/\/sword-auction.com\/en\/wp-json\/wp\/v2\/media?parent=26699"}],"curies":[{"name":"wp","href":"https:\/\/api.w.org\/{rel}","templated":true}]}}