{"id":26671,"date":"2025-05-06T16:28:50","date_gmt":"2025-05-06T07:28:50","guid":{"rendered":"https:\/\/sword-auction.com\/?post_type=product&#038;p=26671"},"modified":"2025-05-06T16:31:05","modified_gmt":"2025-05-06T07:31:05","slug":"af25106-fuchikashira-goto-hokyo-ichijo-written-seal-mark-nbthk-hozon-tosogu","status":"publish","type":"product","link":"https:\/\/sword-auction.com\/en\/product\/26671\/af25106-fuchikashira-goto-hokyo-ichijo-written-seal-mark-nbthk-hozon-tosogu\/","title":{"rendered":"AF25106 Fuchikashira: Goto Hokyo Ichijo(NBTHK Hozon Tosogu)"},"content":{"rendered":"<p>Fuchi Kashira: a picture of aurumn grasses (NBTHK Hozon Tosogu)<br \/>\nSignature: Goto Hokyo Ichijo (written seal mark) \u5f8c\u85e4\u6cd5\u6a4b\u4e00\u4e57\u3000<\/p>\n<p>Fuchi Dimension\uff1a3.74cm \u00d7 2.11cm \u00d7 0.97cm (1.47in \u00d7 0.83in \u00d7 0.38in)<br \/>\nKashira Dimension: 3.43cm \u00d7 1.83cm \u00d7 0.77cm (1.35in \u00d7 0.72in \u00d7 0.30in)<\/p>\n<p>Era: The Edo period<\/p>\n<p>Special Feature: Goto Ichijyo was one of the leading meralsmith of the end of the Edo period. He received the title of Hokyo (\u6cd5\u6a4b)<br \/>\nwhen he made sword fittings for Emperor Kogaku in 1824, at the age of 34. Both the inlaying of the autumn grasses and Shakudo nanako base are extremely detailed and delicate.<\/p>\n<p>In Kiri box<br \/>\nNBTHK Hozon Certificate<br \/>\nAoi Art estimation paper<br \/>\n<a href=\"https:\/\/www.aoijapan.com\/img\/fittings\/2025\/F25106.jpg\"><img decoding=\"async\" src=\"https:\/\/www.aoijapan.com\/img\/fittings\/2025\/F25106.jpg\" alt=\"\" width=\"100%\" height=\"100%\" \/><\/a><br \/>\n<a href=\"https:\/\/www.aoijapan.com\/img\/fittings\/2025\/F25106paper-1.jpg\"><img decoding=\"async\" src=\"https:\/\/www.aoijapan.com\/img\/fittings\/2025\/F25106paper-1.jpg\" alt=\"\" width=\"100%\" height=\"100%\" \/><\/a><\/p>\n","protected":false},"excerpt":{"rendered":"<p>Fuchi Kashira: a picture of aurumn grasses (NBTHK Hozon Tosogu) Signature: Goto Hokyo Ichijo (written seal mark) \u5f8c\u85e4\u6cd5\u6a4b\u4e00\u4e57\u3000 Fuchi Dimension\uff1a3.74cm \u00d7 2.11cm \u00d7 0.97cm (1.47in \u00d7 0.83in \u00d7 0.38in) Kashira Dimension: 3.43cm \u00d7 1.83cm \u00d7 0.77cm (1.35in \u00d7 0.72in \u00d7 0.30in) Era: The Edo period Special Feature: Goto Ichijyo was one of the leading meralsmith [&#8230;]\n","protected":false},"featured_media":0,"template":"","meta":[],"class_list":["post-26671","product","type-product","status-publish","hentry","product_cat-menuki-en","product_cat-fittings-en"],"_links":{"self":[{"href":"https:\/\/sword-auction.com\/en\/wp-json\/wp\/v2\/product\/26671","targetHints":{"allow":["GET"]}}],"collection":[{"href":"https:\/\/sword-auction.com\/en\/wp-json\/wp\/v2\/product"}],"about":[{"href":"https:\/\/sword-auction.com\/en\/wp-json\/wp\/v2\/types\/product"}],"wp:attachment":[{"href":"https:\/\/sword-auction.com\/en\/wp-json\/wp\/v2\/media?parent=26671"}],"curies":[{"name":"wp","href":"https:\/\/api.w.org\/{rel}","templated":true}]}}