{"id":26637,"date":"2025-05-03T11:56:26","date_gmt":"2025-05-03T02:56:26","guid":{"rendered":"https:\/\/sword-auction.com\/?post_type=product&#038;p=26637"},"modified":"2025-05-03T11:59:17","modified_gmt":"2025-05-03T02:59:17","slug":"as25139-sasaho-yari%ef%bc%9anaoienbthk-tokubetsu-hozon-token-consignment-sale","status":"publish","type":"product","link":"https:\/\/sword-auction.com\/en\/product\/26637\/as25139-sasaho-yari%ef%bc%9anaoienbthk-tokubetsu-hozon-token-consignment-sale\/","title":{"rendered":"AS25139  Sasaho Yari\uff1aNaoie(NBTHK Tokubetsu Hozon Token) (Consignment Sale)"},"content":{"rendered":"<p>Ordering number:AS25139<\/p>\n<p>Sasaho Yari in Shirasaya (NBTHK Tokubetsu Hozon Token) (Consignment Sale)<\/p>\n<p>Signature: Naoie<br \/>\n\u76f4\u5bb6<\/p>\n<p>We divide 4 sections for each sword as Saijyo Saku, Jyojyo Saku, Jyo Saku and Regular Saku.<br \/>\nThis spear is ranked as Jyojyo Saku among works by Naoie.<br \/>\nBlade Length: 22.0 cm (8.66 in)<br \/>\nCurvature: 0.0 cm (0.00 in)<br \/>\nMekugi Hole: 1<br \/>\nWidth at Base (Motohaba): 3.56 cm (1.40 in)<br \/>\nThickness of rim (Kasane): 1.07 cm (0.42 in)<br \/>\nSword Weight: 390 g<br \/>\nOverall Length in Shirasaya: approx. 70.0 cm (27.56 in)<br \/>\nEra: Edo period, around Ky\u014dh\u014d era (circa 1716\u20131736)<br \/>\nShape: A robust sasa-ho yari (bamboo-leaf shaped spear) with a large groove carved.<br \/>\nJigane: Itame mixed with mokume, clearly visible.<br \/>\nHamon: Nie-deki with pointed gunome-midare.<br \/>\nThis well-made work is accompanied by a Tokubetsu Hozon Token certificate.<\/p>\n<p>Features: Naoie inscribed his name as &#8220;Sessh\u016b-j\u016b Fujiwara Naoie z\u014d&#8221; and is said to be the son of Daid\u014d Naohide.<br \/>\nHe later changed his name to &#8220;Kii-j\u016b Naoshige&#8221;.<br \/>\nThis is a powerful and attractive sasa-ho yari (bamboo-leaf spear).<br \/>\nUnlike ordinary spears with sharp profiles, this rounded form resembles a bamboo leaf and is considered to have been made also for appreciation.<br \/>\nAs this is a well-made work, we highly recommend it.<\/p>\n<p>NBTHK Tokubetsu Hozon Token(*the paper will be issued later)<br \/>\nAoi Art estimation paper<br \/>\nWhole Oshigata<\/p>\n<p><a href=\"https:\/\/www.aoijapan.com\/img\/sword\/2025\/25139-2.jpg\"><img decoding=\"async\" src=\"https:\/\/www.aoijapan.com\/img\/sword\/2025\/25139-2.jpg\" alt=\"\" width=\"30%\" height=\"30%\" \/><\/a> <a href=\"https:\/\/www.aoijapan.com\/img\/sword\/2025\/25139-3.jpg\"><img decoding=\"async\" src=\"https:\/\/www.aoijapan.com\/img\/sword\/2025\/25139-3.jpg\" alt=\"\" width=\"30%\" height=\"30%\" \/><\/a> <a href=\"https:\/\/www.aoijapan.com\/img\/sword\/2025\/25139-4.jpg\"><img decoding=\"async\" src=\"https:\/\/www.aoijapan.com\/img\/sword\/2025\/25139-4.jpg\" alt=\"\" width=\"30%\" height=\"30%\" \/><\/a><br \/>\n<a href=\"https:\/\/www.aoijapan.com\/img\/sword\/2025\/25139paper-1.jpg\"><img decoding=\"async\" src=\"https:\/\/www.aoijapan.com\/img\/sword\/2025\/25139paper-1.jpg\" alt=\"\" width=\"40%\" height=\"40%\" \/><\/a><a href=\"https:\/\/www.aoijapan.com\/img\/sword\/2025\/25139paper-2.jpg\"><img decoding=\"async\" src=\"https:\/\/www.aoijapan.com\/img\/sword\/2025\/25139paper-2.jpg\" alt=\"\" width=\"40%\" height=\"40%\" \/><\/a><br \/>\n<a href=\"https:\/\/www.aoijapan.com\/img\/sword\/2025\/25139sayagaki.jpg\"><img decoding=\"async\" src=\"https:\/\/www.aoijapan.com\/img\/sword\/2025\/25139sayagaki.jpg\" alt=\"\" width=\u201c40%\" height=\u201c40%\" \/><\/a><br \/>\n<a href=\"https:\/\/www.aoijapan.com\/img\/sword\/2025\/25139_p.jpg\"><img decoding=\"async\" src=\"https:\/\/www.aoijapan.com\/img\/sword\/2025\/25139_p.jpg\" alt=\"\" width=\u201c70%\" height=\u201c70%\" \/><\/a><\/p>\n<p><a href=\"https:\/\/www.aoijapan.com\/img\/sword\/tokuho.jpg\"><img decoding=\"async\" src=\"https:\/\/www.aoijapan.com\/img\/sword\/tokuho.jpg\" alt=\"\" width=\"40%\" height=\"40%\" \/><\/a> <\/p>\n","protected":false},"excerpt":{"rendered":"<p>Ordering number:AS25139 Sasaho Yari in Shirasaya (NBTHK Tokubetsu Hozon Token) (Consignment Sale) Signature: Naoie \u76f4\u5bb6 We divide 4 sections for each sword as Saijyo Saku, Jyojyo Saku, Jyo Saku and Regular Saku. This spear is ranked as Jyojyo Saku among works by Naoie. Blade Length: 22.0 cm (8.66 in) Curvature: 0.0 cm (0.00 in) Mekugi [&#8230;]\n","protected":false},"featured_media":0,"template":"","meta":[],"class_list":["post-26637","product","type-product","status-publish","hentry","product_cat-sword-en","product_cat-yari_ken_naginagta-en"],"_links":{"self":[{"href":"https:\/\/sword-auction.com\/en\/wp-json\/wp\/v2\/product\/26637","targetHints":{"allow":["GET"]}}],"collection":[{"href":"https:\/\/sword-auction.com\/en\/wp-json\/wp\/v2\/product"}],"about":[{"href":"https:\/\/sword-auction.com\/en\/wp-json\/wp\/v2\/types\/product"}],"wp:attachment":[{"href":"https:\/\/sword-auction.com\/en\/wp-json\/wp\/v2\/media?parent=26637"}],"curies":[{"name":"wp","href":"https:\/\/api.w.org\/{rel}","templated":true}]}}