{"id":26629,"date":"2025-05-02T17:44:45","date_gmt":"2025-05-02T08:44:45","guid":{"rendered":"https:\/\/sword-auction.com\/product\/26629\/af25120-%e9%8e%a7%e5%85%9c-%ef%bc%9a%e6%98%8e%e7%8f%8d%e5%ae%97%e9%95%b7%e8%8a%b1%e6%8a%bc\/"},"modified":"2025-05-03T09:27:59","modified_gmt":"2025-05-03T00:27:59","slug":"af25120-%e9%8e%a7%e5%85%9c-%ef%bc%9a%e6%98%8e%e7%8f%8d%e5%ae%97%e9%95%b7%e8%8a%b1%e6%8a%bc","status":"publish","type":"product","link":"https:\/\/sword-auction.com\/en\/product\/26629\/af25120-%e9%8e%a7%e5%85%9c-%ef%bc%9a%e6%98%8e%e7%8f%8d%e5%ae%97%e9%95%b7%e8%8a%b1%e6%8a%bc\/","title":{"rendered":"AF25120 Yoroi and Kabuto (Armor) :Myochin Munenaga"},"content":{"rendered":"<p>Ordering number: AF25120<\/p>\n<p>Yoroi and Kabuto (Armor)<br \/>\nSignature:\u3000Myochin Munenaga(Kao)\u660e\u73cd\u5b97\u9577(\u82b1\u62bc)<br \/>\nEra: the late Edo period.<\/p>\n<p>Kabuto: Iron Helmet<br \/>\nMaedate: Circle with sword design with Kuwagata<br \/>\nCrescent moon motifs are present on the fukigaeshi, kote, and d\u014d.<br \/>\nMempo: Black lacquered front, vermilion lacquered back.<br \/>\nD\u014d: Kusazuri and \u014d-sode<br \/>\nHaidate, kote, and suneate<\/p>\n<p>Aoi-Art estimation paper.<br \/>\n*Please note : The price does not include international shipping cost.<\/p>\n<p><a href=\"http:\/\/www.aoijapan.com\/img\/fittings\/2025\/F25120-1.jpg\"><img decoding=\"async\" src=\"http:\/\/www.aoijapan.com\/img\/fittings\/2025\/F25120-1.jpg\" alt=\"\" width=\"100%\" height=\"100%\" \/><\/a><br \/>\n<a href=\"http:\/\/www.aoijapan.com\/img\/fittings\/2025\/F25120-2.jpg\"><img decoding=\"async\" src=\"http:\/\/www.aoijapan.com\/img\/fittings\/2025\/F25120-2.jpg\" alt=\"\" width=\"15%\" height=\"15%\" \/><\/a> <a href=\"http:\/\/www.aoijapan.com\/img\/fittings\/2025\/F25120-3.jpg\"><img decoding=\"async\" src=\"http:\/\/www.aoijapan.com\/img\/fittings\/2025\/F25120-3.jpg\" alt=\"\" width=\"15%\" height=\"15%\" \/><\/a> <a href=\"http:\/\/www.aoijapan.com\/img\/fittings\/2025\/F25120-4.jpg\"><img decoding=\"async\" src=\"http:\/\/www.aoijapan.com\/img\/fittings\/2025\/F25120-4.jpg\" alt=\"\" width=\"15%\" height=\"15%\" \/><\/a> <a href=\"http:\/\/www.aoijapan.com\/img\/fittings\/2025\/F25120-5.jpg\"><img decoding=\"async\" src=\"http:\/\/www.aoijapan.com\/img\/fittings\/2025\/F25120-5.jpg\" alt=\"\" width=\"15%\" height=\"15%\" \/><\/a> <a href=\"http:\/\/www.aoijapan.com\/img\/fittings\/2025\/F25120-6.jpg\"><img decoding=\"async\" src=\"http:\/\/www.aoijapan.com\/img\/fittings\/2025\/F25120-6.jpg\" alt=\"\" width=\"15%\" height=\"15%\" \/><\/a> <a href=\"http:\/\/www.aoijapan.com\/img\/fittings\/2025\/F25120-7.jpg\"><img decoding=\"async\" src=\"http:\/\/www.aoijapan.com\/img\/fittings\/2025\/F25120-7.jpg\" alt=\"\" width=\"15%\" height=\"15%\" \/><\/a>\u3000<\/p>\n","protected":false},"excerpt":{"rendered":"<p>Ordering number: AF25120 Yoroi and Kabuto (Armor) Signature:\u3000Myochin Munenaga(Kao)\u660e\u73cd\u5b97\u9577(\u82b1\u62bc) Era: the late Edo period. Kabuto: Iron Helmet Maedate: Circle with sword design with Kuwagata Crescent moon motifs are present on the fukigaeshi, kote, and d\u014d. Mempo: Black lacquered front, vermilion lacquered back. D\u014d: Kusazuri and \u014d-sode Haidate, kote, and suneate Aoi-Art estimation paper. *Please note [&#8230;]\n","protected":false},"featured_media":0,"template":"","meta":[],"class_list":["post-26629","product","type-product","status-publish","hentry","product_cat-fittings-en","product_cat-yoroikabuto-en"],"_links":{"self":[{"href":"https:\/\/sword-auction.com\/en\/wp-json\/wp\/v2\/product\/26629","targetHints":{"allow":["GET"]}}],"collection":[{"href":"https:\/\/sword-auction.com\/en\/wp-json\/wp\/v2\/product"}],"about":[{"href":"https:\/\/sword-auction.com\/en\/wp-json\/wp\/v2\/types\/product"}],"wp:attachment":[{"href":"https:\/\/sword-auction.com\/en\/wp-json\/wp\/v2\/media?parent=26629"}],"curies":[{"name":"wp","href":"https:\/\/api.w.org\/{rel}","templated":true}]}}