{"id":26588,"date":"2025-04-30T16:13:25","date_gmt":"2025-04-30T07:13:25","guid":{"rendered":"https:\/\/sword-auction.com\/product\/26588\/af25101-%e7%b8%81%e9%a0%ad%ef%bc%9a%e5%ae%97%e5%af%bf%ef%bc%88%e8%8a%b1%e6%8a%bc%ef%bc%89%ef%bc%88%e4%bf%9d%e5%ad%98%e5%88%80%e8%a3%85%e5%85%b7%ef%bc%89\/"},"modified":"2025-04-30T16:14:01","modified_gmt":"2025-04-30T07:14:01","slug":"af25101-%e7%b8%81%e9%a0%ad%ef%bc%9a%e5%ae%97%e5%af%bf%ef%bc%88%e8%8a%b1%e6%8a%bc%ef%bc%89%ef%bc%88%e4%bf%9d%e5%ad%98%e5%88%80%e8%a3%85%e5%85%b7%ef%bc%89","status":"publish","type":"product","link":"https:\/\/sword-auction.com\/en\/product\/26588\/af25101-%e7%b8%81%e9%a0%ad%ef%bc%9a%e5%ae%97%e5%af%bf%ef%bc%88%e8%8a%b1%e6%8a%bc%ef%bc%89%ef%bc%88%e4%bf%9d%e5%ad%98%e5%88%80%e8%a3%85%e5%85%b7%ef%bc%89\/","title":{"rendered":"AF25101  Fuchi Kashira: Souju(Kao)(NBTHK Hozon Tosogu)"},"content":{"rendered":"<p>Fuchi Kashira: Lily(NBTHK Hozon Tosogu)<br \/>\nSignature: Souju(Kao)<br \/>\n\u5b97\u5bff\uff08\u82b1\u62bc\uff09<\/p>\n<p>Fuchi Dimensions: 3.89 cm \u00d7 2.50 cm \u00d7 1.32 cm (\u2248 1.53 in \u00d7 0.98 in \u00d7 0.52 in)<\/p>\n<p>Kashira Dimensions: 3.58 cm \u00d7 1.92 cm \u00d7 0.64 cm (\u2248 1.41 in \u00d7 0.76 in \u00d7 0.25 in)<br \/>\nEra: The Edo period<\/p>\n<p>Special Feature: Shakudo rocky-texture. Lily is engraved and inlaid with color.<\/p>\n<p>In Kiri box<br \/>\nNBTHK Hozon Paper<br \/>\nAoi Art estimation paper<\/p>\n<p><a href=\"https:\/\/www.aoijapan.com\/img\/fittings\/2025\/F25101.jpg\"><img decoding=\"async\" src=\"https:\/\/www.aoijapan.com\/img\/fittings\/2025\/F25101.jpg\" alt=\"\" width=\"100%\" height=\"100%\" \/><\/a><br \/>\n<a href=\"https:\/\/www.aoijapan.com\/img\/fittings\/2025\/F25101paper-1.jpg\"><img decoding=\"async\" src=\"https:\/\/www.aoijapan.com\/img\/fittings\/2025\/F25101paper-1.jpg\" alt=\"\" width=\"100%\" height=\"100%\" \/><\/a> <\/p>\n","protected":false},"excerpt":{"rendered":"<p>Fuchi Kashira: Lily(NBTHK Hozon Tosogu) Signature: Souju(Kao) \u5b97\u5bff\uff08\u82b1\u62bc\uff09 Fuchi Dimensions: 3.89 cm \u00d7 2.50 cm \u00d7 1.32 cm (\u2248 1.53 in \u00d7 0.98 in \u00d7 0.52 in) Kashira Dimensions: 3.58 cm \u00d7 1.92 cm \u00d7 0.64 cm (\u2248 1.41 in \u00d7 0.76 in \u00d7 0.25 in) Era: The Edo period Special Feature: Shakudo rocky-texture. Lily [&#8230;]\n","protected":false},"featured_media":0,"template":"","meta":[],"class_list":["post-26588","product","type-product","status-publish","hentry","product_cat-fuchikashira-en","product_cat-fittings-en"],"_links":{"self":[{"href":"https:\/\/sword-auction.com\/en\/wp-json\/wp\/v2\/product\/26588","targetHints":{"allow":["GET"]}}],"collection":[{"href":"https:\/\/sword-auction.com\/en\/wp-json\/wp\/v2\/product"}],"about":[{"href":"https:\/\/sword-auction.com\/en\/wp-json\/wp\/v2\/types\/product"}],"wp:attachment":[{"href":"https:\/\/sword-auction.com\/en\/wp-json\/wp\/v2\/media?parent=26588"}],"curies":[{"name":"wp","href":"https:\/\/api.w.org\/{rel}","templated":true}]}}