{"id":26582,"date":"2025-04-30T15:01:44","date_gmt":"2025-04-30T06:01:44","guid":{"rendered":"https:\/\/sword-auction.com\/product\/26582\/as24658-%e7%9f%ad%e5%88%80%ef%bc%9a%e6%b2%b3%e5%86%85%e5%ae%88%e5%9b%bd%e5%8a%a9\/"},"modified":"2025-04-30T15:02:15","modified_gmt":"2025-04-30T06:02:15","slug":"as24658-%e7%9f%ad%e5%88%80%ef%bc%9a%e6%b2%b3%e5%86%85%e5%ae%88%e5%9b%bd%e5%8a%a9","status":"publish","type":"product","link":"https:\/\/sword-auction.com\/en\/product\/26582\/as24658-%e7%9f%ad%e5%88%80%ef%bc%9a%e6%b2%b3%e5%86%85%e5%ae%88%e5%9b%bd%e5%8a%a9\/","title":{"rendered":"AS24658  Tanto\uff1aKawachi no Kami Kunisuke"},"content":{"rendered":"<p>Tanto in Koshirae<\/p>\n<p>Signature: Kawachi no Kami Kunisuke<br \/>\nEnp\u014d 2 Nen 8 Gatsu Hi (August,1674)<br \/>\n\u6cb3\u5185\u5b88\u56fd\u52a9<br \/>\n\u5ef6\u5b9d\u4e8c\u5e74\u516b\u6708\u65e5<\/p>\n<p>We divide 4 sections for each sword as Saijyo Saku, Jyojyo Saku, Jyo Saku and Regular Saku.<br \/>\nThis work is ranked as Jyo Saku among the works of Kawachi no Kami Kunisuke.<br \/>\nHabaki: Single-layered copper habaki<br \/>\nBlade Length: 28.6 cm (11.26 in)<br \/>\nCurvature: 0.9 cm (0.35 in)<br \/>\nMekugi Hole: 2<br \/>\nWidth at Base (Motohaba): 0.49 cm (0.19 in)<br \/>\nThickness of rim (Kasane): 0.86 cm (0.34 in)<br \/>\nSword Weight: 270 g<br \/>\nEra: Edo period, Shinshinto<br \/>\nShape: Thick blade with slight curvature, featuring a kurikara carving of Fud\u014d My\u014d\u014d and dragon on the front, and two carvings with characters on the reverse side.<br \/>\nJigane: Well-forged ko-itame hada forming a beautiful jigane.<br \/>\nHamon: Nie-based gunome-midare.<\/p>\n<p>Features: Although signed as Kawachi no Kami Kunisuke, the signature is regrettably considered to be gimei (false signature).<br \/>\nNevertheless, the blade is thick and solidly made.<br \/>\nThe production period is thought to be from the Yokoyama school of the Shinshinto era.<\/p>\n<p>Koshirae:<br \/>\nTsuba: Vertical oval-shaped iron tsuba with openwork carving.<br \/>\nSignature: Sadahiro<br \/>\nFuchikashira: Shakudo nanako base with carvings of persimmons and crows, decorated with gold and copper.<br \/>\nSaya (Scabbard): Aogai chirashi (scattered shell inlay) lacquered saya.<br \/>\nMenuki: Carvings of human and animal figures with gold highlights.<br \/>\nKozuka &#038; small blade: Iron base with designs of bell crickets, butterflies, and flowers in gold.<\/p>\n<p>Aoi Art\u2019s Comment: Though this piece is signed Kawachi no Kami Kunisuke, we believe it is a gimei.<br \/>\nHowever, it is a robustly made work, with carvings on the upper section of the tanto, and is considered to be well-made.<\/p>\n<p>Aoi Art estimation paper: Whole Oshigata<br \/>\n*Please note: The price does not include shipping fees.<\/p>\n<p><a href=\"https:\/\/www.aoijapan.com\/img\/sword\/2024\/24658-2.jpg\"><img decoding=\"async\" src=\"https:\/\/www.aoijapan.com\/img\/sword\/2024\/24658-2.jpg\" alt=\"\" width=\"20%\" height=\"20%\" \/><\/a> <a href=\"https:\/\/www.aoijapan.com\/img\/sword\/2024\/24658-3.jpg\"><img decoding=\"async\" src=\"https:\/\/www.aoijapan.com\/img\/sword\/2024\/24658-3.jpg\" alt=\"\" width=\"20%\" height=\"20%\" \/><\/a> <a href=\"https:\/\/www.aoijapan.com\/img\/sword\/2024\/24658-4.jpg\"><img decoding=\"async\" src=\"https:\/\/www.aoijapan.com\/img\/sword\/2024\/24658-4.jpg\" alt=\"\" width=\"20%\" height=\"20%\" \/><\/a>  <a href=\"https:\/\/www.aoijapan.com\/img\/sword\/2024\/24658koshirae.jpg\"><img decoding=\"async\" src=\"https:\/\/www.aoijapan.com\/img\/sword\/2024\/24658koshirae.jpg\" alt=\"\" width=\"20%\" height=\"20%\" \/><\/a><br \/>\n<a href=\"https:\/\/www.aoijapan.com\/img\/sword\/2024\/24658paper-1.jpg\"><img decoding=\"async\" src=\"https:\/\/www.aoijapan.com\/img\/sword\/2024\/24658paper-1.jpg\" alt=\"\" width=\u201c60%\" height=\u201c60%\" \/><\/a> <a href=\"https:\/\/www.aoijapan.com\/img\/sword\/2024\/24658paper-2.jpg\"><img decoding=\"async\" src=\"https:\/\/www.aoijapan.com\/img\/sword\/2024\/24658paper-2.jpg\" alt=\"\" width=\u201c60%\" height=\u201c60%\" \/><\/a><br \/>\n<a href=\"https:\/\/www.aoijapan.com\/img\/sword\/2024\/24658sayagaki.jpg\"><img decoding=\"async\" src=\"https:\/\/www.aoijapan.com\/img\/sword\/2024\/24658sayagaki.jpg\" alt=\"\" width=\"30%\" height=\"30%\" \/><\/a><br \/>\n<a href=\"https:\/\/www.aoijapan.com\/img\/sword\/2024\/24658_p.jpg\"><img decoding=\"async\" src=\"https:\/\/www.aoijapan.com\/img\/sword\/2024\/24658_p.jpg\" alt=\"\" width=\u201c70%\u201d height=\u201c70%\u201d \/><\/a\n<\/p>\n","protected":false},"excerpt":{"rendered":"<p>Tanto in Koshirae Signature: Kawachi no Kami Kunisuke Enp\u014d 2 Nen 8 Gatsu Hi (August,1674) \u6cb3\u5185\u5b88\u56fd\u52a9 \u5ef6\u5b9d\u4e8c\u5e74\u516b\u6708\u65e5 We divide 4 sections for each sword as Saijyo Saku, Jyojyo Saku, Jyo Saku and Regular Saku. This work is ranked as Jyo Saku among the works of Kawachi no Kami Kunisuke. Habaki: Single-layered copper habaki Blade Length: [&#8230;]\n","protected":false},"featured_media":0,"template":"","meta":[],"class_list":["post-26582","product","type-product","status-publish","hentry","product_cat-sword-en","product_cat-tanto-en"],"_links":{"self":[{"href":"https:\/\/sword-auction.com\/en\/wp-json\/wp\/v2\/product\/26582","targetHints":{"allow":["GET"]}}],"collection":[{"href":"https:\/\/sword-auction.com\/en\/wp-json\/wp\/v2\/product"}],"about":[{"href":"https:\/\/sword-auction.com\/en\/wp-json\/wp\/v2\/types\/product"}],"wp:attachment":[{"href":"https:\/\/sword-auction.com\/en\/wp-json\/wp\/v2\/media?parent=26582"}],"curies":[{"name":"wp","href":"https:\/\/api.w.org\/{rel}","templated":true}]}}