{"id":26412,"date":"2025-04-16T15:47:11","date_gmt":"2025-04-16T06:47:11","guid":{"rendered":"https:\/\/sword-auction.com\/product\/26412\/af25009-%e9%8d%94%e6%9d%b1%e5%90%9f%e4%ba%ad%e3%80%80%e7%be%a9%e7%85%a7%ef%bc%88%e8%8a%b1%e6%8a%bc%ef%bc%89\/"},"modified":"2025-04-16T15:47:41","modified_gmt":"2025-04-16T06:47:41","slug":"af25009-%e9%8d%94%e6%9d%b1%e5%90%9f%e4%ba%ad%e3%80%80%e7%be%a9%e7%85%a7%ef%bc%88%e8%8a%b1%e6%8a%bc%ef%bc%89","status":"publish","type":"product","link":"https:\/\/sword-auction.com\/en\/product\/26412\/af25009-%e9%8d%94%e6%9d%b1%e5%90%9f%e4%ba%ad%e3%80%80%e7%be%a9%e7%85%a7%ef%bc%88%e8%8a%b1%e6%8a%bc%ef%bc%89\/","title":{"rendered":"AF25009  Tsuba:Tohgintei Yoshiteru(Kao)"},"content":{"rendered":"<p>Tsuba:Herons and landscape.<br \/>\nInscription: Tohgintei Yoshiteru(Kao)<br \/>\n\u7fa9\u7167\uff08\u82b1\u62bc\uff09<\/p>\n<p>Dimensions: 9.26 cm \u00d7 8.50 cm (\u2248 3.65 inches \u00d7 3.35 inches)<br \/>\nThickness (Seppa-dai): 0.47 cm (\u2248 0.19 inches)<br \/>\nWeight: 184\u3000g<\/p>\n<p>Era: the late Edo ~ the early Meiji period<br \/>\nFeatures: Carved design of herons and other birds along with a landscape scene on a shakud\u014d nanako-ji (fish roe textured) base.<br \/>\nSat\u014d Yoshiteru was born in 1828 (Bunsei 11). He studied metal engraving under Araki T\u014dmei and Got\u014d K\u014dbun, and later became the adopted son-in-law of Sat\u014d T\u014dh\u014d, who was granted access to the Fushimi-no-miya household.He passed away at his 75th age.Skilled artisan.<\/p>\n<p>In Kiri box<br \/>\nAoi Art estimation paper<\/p>\n<p><a href=\"https:\/\/www.aoijapan.com\/img\/fittings\/2025\/F25009.jpg\"><img decoding=\"async\" src=\"https:\/\/www.aoijapan.com\/img\/fittings\/2025\/F25009.jpg\" alt=\"\" width=\"100%\" height=\"100%\" \/><\/a><br \/>\n<a href=\"https:\/\/www.aoijapan.com\/img\/fittings\/2025\/F25009paper-1.jpg\"><img decoding=\"async\" src=\"https:\/\/www.aoijapan.com\/img\/fittings\/2025\/F25009paper-1.jpg\" alt=\"\" width=\"100%\" height=\"100%\" \/><\/a> <\/p>\n","protected":false},"excerpt":{"rendered":"<p>Tsuba:Herons and landscape. Inscription: Tohgintei Yoshiteru(Kao) \u7fa9\u7167\uff08\u82b1\u62bc\uff09 Dimensions: 9.26 cm \u00d7 8.50 cm (\u2248 3.65 inches \u00d7 3.35 inches) Thickness (Seppa-dai): 0.47 cm (\u2248 0.19 inches) Weight: 184\u3000g Era: the late Edo ~ the early Meiji period Features: Carved design of herons and other birds along with a landscape scene on a shakud\u014d nanako-ji (fish [&#8230;]\n","protected":false},"featured_media":0,"template":"","meta":[],"class_list":["post-26412","product","type-product","status-publish","hentry","product_cat-tsuba-en","product_cat-fittings-en"],"_links":{"self":[{"href":"https:\/\/sword-auction.com\/en\/wp-json\/wp\/v2\/product\/26412","targetHints":{"allow":["GET"]}}],"collection":[{"href":"https:\/\/sword-auction.com\/en\/wp-json\/wp\/v2\/product"}],"about":[{"href":"https:\/\/sword-auction.com\/en\/wp-json\/wp\/v2\/types\/product"}],"wp:attachment":[{"href":"https:\/\/sword-auction.com\/en\/wp-json\/wp\/v2\/media?parent=26412"}],"curies":[{"name":"wp","href":"https:\/\/api.w.org\/{rel}","templated":true}]}}