{"id":26402,"date":"2025-04-16T11:15:09","date_gmt":"2025-04-16T02:15:09","guid":{"rendered":"https:\/\/sword-auction.com\/product\/26402\/as25015-%e8%84%87%e5%b7%ae%ef%bc%9a%e7%84%a1%e9%8a%98%e5%85%bc%e5%bb%b6%e9%87%91%e8%b1%a1%e5%b5%8c%e4%b8%8a%e8%84%87%e6%af%9b%e4%b8%8b%e8%83%b4%e4%ba%8c%e3%83%8e%e8%83%b4%e9%87%8d%e4%ba%8c\/"},"modified":"2025-04-16T11:31:28","modified_gmt":"2025-04-16T02:31:28","slug":"as25015-%e8%84%87%e5%b7%ae%ef%bc%9a%e7%84%a1%e9%8a%98%e5%85%bc%e5%bb%b6%e9%87%91%e8%b1%a1%e5%b5%8c%e4%b8%8a%e8%84%87%e6%af%9b%e4%b8%8b%e8%83%b4%e4%ba%8c%e3%83%8e%e8%83%b4%e9%87%8d%e4%ba%8c","status":"publish","type":"product","link":"https:\/\/sword-auction.com\/en\/product\/26402\/as25015-%e8%84%87%e5%b7%ae%ef%bc%9a%e7%84%a1%e9%8a%98%e5%85%bc%e5%bb%b6%e9%87%91%e8%b1%a1%e5%b5%8c%e4%b8%8a%e8%84%87%e6%af%9b%e4%b8%8b%e8%83%b4%e4%ba%8c%e3%83%8e%e8%83%b4%e9%87%8d%e4%ba%8c\/","title":{"rendered":"AS25015  Wakizashi: Mumei (Kanenobu) (Gold inlay) Kami-wakige-shita-d\u014d, Ni-no-d\u014d, Omoi futatsu-d\u014d kiriotoshi(NBTHK Hozon Token) (Menuki: NBTHK Hozon Tosogu)"},"content":{"rendered":"<p>Wakizashi: Shirasaya with Koshirae (NBTHK Hozon Token) (Menuki: NBTHK Hozon Tosogu)<\/p>\n<p>Signature: Mumei (Kanenobu)<br \/>\n(Gold inlay) Kami-wakige-shita-d\u014d, Ni-no-d\u014d, Omoi futatsu-d\u014d kiriotoshi<br \/>\nManji 3rd year, 8th month, 29th day<br \/>\nYamano Kanjur\u014d<br \/>\nYoshinari shoji kore<br \/>\nYamano Kayaemon chiji kore<br \/>\n\u7121\u9298(\u517c\u5ef6)<br \/>\n(\u91d1\u8c61\u5d4c)\u4e0a\u8107\u6bdb\u4e0b\u80f4\u4e8c\u30ce\u80f4\u91cd\u4e8c\u30c4\u80f4\u5207\u843d\u3000<br \/>\n\u4e07\u6cbb\u4e09\u5e74\u516b\u6708\u5eff\u4e5d\u65e5<br \/>\n\u5c71\u91ce\u52d8\u5341\u90ce<br \/>\n\u5409\u6210\u6240\u6301\u662f\u3000<br \/>\n\u5c71\u91ce\u52a0\u53f3\u885b\u9580\u77e5\u662f\u3000<\/p>\n<p>Sayagaki: Author: Unknown<br \/>\nChikush\u016b-j\u016b Sa<br \/>\nYoshinari shoji kore, Yamano Kayaemon chiji kore<br \/>\nManji 3rd year, 8th month, day &#8211; by the same Kanjur\u014d<br \/>\nWakige-shita-d\u014d, futatsu-d\u014d, omoi futatsu-d\u014d<\/p>\n<p>We divide 4 sections for each sword as Saijyo Saku, Jyojyo Saku, Jyo Saku and Regular Saku.<br \/>\nThis work is ranked as a Jyojyo-saku among Mumei (Kanenobu) blades.<br \/>\nHabaki: Double-layered, gold-covered<br \/>\nBlade Length: 49.4 cm (19.45 in)<br \/>\nCurvature: 1.0 cm (0.39 in)<br \/>\nMekugi Hole: 1<br \/>\nWidth at Base (Motohaba): 3.69 cm (1.45 in)<br \/>\nWidth at Tip (Sakihaba): 3.41 cm (1.34 in)<br \/>\nThickness of Rim (Kasane): 0.66 cm (0.26 in)<br \/>\nSword Weight: 580 grams<br \/>\nEra: Early Muromachi period<br \/>\nShape: A wide and thick blade with a large, extended kissaki. Carved with two grooves (futatsu-hi).<br \/>\nJigane: Well-forged ko-itame hada with a refined appearance.<br \/>\nHamon: Nioi-deki with a wavy temper line. The boshi is long and returns in a small circle.<\/p>\n<p>Features: This is a rare piece originally a blade by Kanenobu (early Muromachi period), later adorned with gold inlay inscriptions.<br \/>\nKanenobu is believed to be a disciple of Naoue Shizu Kanetsugu and the younger brother of Kanetoshi.<br \/>\nThe first generation Kanetoshi lived during the K\u014dsei era, initially residing in Mino, then relocating to Owari Shiga, where he was known as Shigaseki.<br \/>\nThe initial appraisal identified the blade as \u201cChikush\u016b-j\u016b Sa,\u201d but was later revised to Kanenobu.<br \/>\nIt is a powerful and excellent work.<\/p>\n<p>Koshirae:<br \/>\nTsuba: Circular shakud\u014d base engraved with floral motifs.<br \/>\nSaya: Black lacquered scabbard.<br \/>\nFuchikashira: Shakud\u014d nanako-ji base with chrysanthemum flowers in high relief and gold detailing.<br \/>\nMenuki: Shakud\u014d base with chrysanthemum flowers in high relief and gold detailing.<br \/>\n(NBTHK Hozon Tosogu: Mumei [Mino])<br \/>\nKozuka &#038; Kogatana: Shakud\u014d base with a gold-inlaid grapevine design.<\/p>\n<p>NBTHK Hozon Token Certificate<br \/>\nMenuki: NBTHK Hozon Tosogu Certificate<br \/>\nAoi Art Estimation Paper with Whole Oshigata<\/p>\n<p><a href=\"https:\/\/www.aoijapan.com\/img\/sword\/2025\/25015-2.jpg\"><img decoding=\"async\" src=\"https:\/\/www.aoijapan.com\/img\/sword\/2025\/25015-2.jpg\" alt=\"\" width=\"20%\" height=\"20%\" \/><\/a> <a href=\"https:\/\/www.aoijapan.com\/img\/sword\/2025\/25015-3.jpg\"><img decoding=\"async\" src=\"https:\/\/www.aoijapan.com\/img\/sword\/2025\/25015-3.jpg\" alt=\"\" width=\"20%\" height=\"20%\" \/><\/a> <a href=\"https:\/\/www.aoijapan.com\/img\/sword\/2025\/25015-4.jpg\"><img decoding=\"async\" src=\"https:\/\/www.aoijapan.com\/img\/sword\/2025\/25015-4.jpg\" alt=\"\" width=\"20%\" height=\"20%\" \/><\/a>  <a href=\"https:\/\/www.aoijapan.com\/img\/sword\/2025\/25015koshirae.jpg\"><img decoding=\"async\" src=\"https:\/\/www.aoijapan.com\/img\/sword\/2025\/25015koshirae.jpg\" alt=\"\" width=\"20%\" height=\"20%\" \/><\/a><br \/>\n<a href=\"https:\/\/www.aoijapan.com\/img\/sword\/2025\/25015paper-1.jpg\"><img decoding=\"async\" src=\"https:\/\/www.aoijapan.com\/img\/sword\/2025\/25015paper-1.jpg\" alt=\"\" width=\u201c60%\" height=\u201c60%\" \/><\/a> <a href=\"https:\/\/www.aoijapan.com\/img\/sword\/2025\/25015paper-2.jpg\"><img decoding=\"async\" src=\"https:\/\/www.aoijapan.com\/img\/sword\/2025\/25015paper-2.jpg\" alt=\"\" width=\u201c60%\" height=\u201c60%\" \/><\/a><br \/>\n<a href=\"https:\/\/www.aoijapan.com\/img\/sword\/2025\/25015sayagaki.jpg\"><img decoding=\"async\" src=\"https:\/\/www.aoijapan.com\/img\/sword\/2025\/25015sayagaki.jpg\" alt=\"\" width=\"30%\" height=\"30%\" \/><\/a><br \/>\n<a href=\"https:\/\/www.aoijapan.com\/img\/sword\/2025\/25015_p.jpg\"><img decoding=\"async\" src=\"https:\/\/www.aoijapan.com\/img\/sword\/2025\/25015_p.jpg\" alt=\"\" width=\u201c70%\u201d height=\u201c70%\u201d \/><\/a\n<\/p>\n","protected":false},"excerpt":{"rendered":"<p>Wakizashi: Shirasaya with Koshirae (NBTHK Hozon Token) (Menuki: NBTHK Hozon Tosogu) Signature: Mumei (Kanenobu) (Gold inlay) Kami-wakige-shita-d\u014d, Ni-no-d\u014d, Omoi futatsu-d\u014d kiriotoshi Manji 3rd year, 8th month, 29th day Yamano Kanjur\u014d Yoshinari shoji kore Yamano Kayaemon chiji kore \u7121\u9298(\u517c\u5ef6) (\u91d1\u8c61\u5d4c)\u4e0a\u8107\u6bdb\u4e0b\u80f4\u4e8c\u30ce\u80f4\u91cd\u4e8c\u30c4\u80f4\u5207\u843d\u3000 \u4e07\u6cbb\u4e09\u5e74\u516b\u6708\u5eff\u4e5d\u65e5 \u5c71\u91ce\u52d8\u5341\u90ce \u5409\u6210\u6240\u6301\u662f\u3000 \u5c71\u91ce\u52a0\u53f3\u885b\u9580\u77e5\u662f\u3000 Sayagaki: Author: Unknown Chikush\u016b-j\u016b Sa Yoshinari shoji kore, Yamano Kayaemon chiji kore [&#8230;]\n","protected":false},"featured_media":0,"template":"","meta":[],"class_list":["post-26402","product","type-product","status-publish","hentry","product_cat-wakizashi-en","product_cat-sword-en"],"_links":{"self":[{"href":"https:\/\/sword-auction.com\/en\/wp-json\/wp\/v2\/product\/26402","targetHints":{"allow":["GET"]}}],"collection":[{"href":"https:\/\/sword-auction.com\/en\/wp-json\/wp\/v2\/product"}],"about":[{"href":"https:\/\/sword-auction.com\/en\/wp-json\/wp\/v2\/types\/product"}],"wp:attachment":[{"href":"https:\/\/sword-auction.com\/en\/wp-json\/wp\/v2\/media?parent=26402"}],"curies":[{"name":"wp","href":"https:\/\/api.w.org\/{rel}","templated":true}]}}