{"id":26248,"date":"2025-04-01T17:27:12","date_gmt":"2025-04-01T08:27:12","guid":{"rendered":"https:\/\/sword-auction.com\/?post_type=product&#038;p=26248"},"modified":"2025-04-01T17:27:13","modified_gmt":"2025-04-01T08:27:13","slug":"af25008-fuchi-kashirajochiku","status":"publish","type":"product","link":"https:\/\/sword-auction.com\/en\/product\/26248\/af25008-fuchi-kashirajochiku\/","title":{"rendered":"AF25008  Fuchi Kashira:Jochiku"},"content":{"rendered":"<p>Ordering Number: AF25008<\/p>\n<p>Fuchi Kashira:Kachimushi<br \/>\nSignature: Jochiku<br \/>\n\u5982\u7af9<\/p>\n<p>Fuchi Dimensions: 3.65 cm \u00d7 2.18 cm \u00d7 1.25 cm (\u2248 1.44 in \u00d7 0.86 in \u00d7 0.49 in)<br \/>\nKashira Dimensions: 3.22 cm \u00d7 1.79 cm \u00d7 0.75 cm (\u2248 1.27 in \u00d7 0.70 in \u00d7 0.30 in)<\/p>\n<p>Era: The Edo period<\/p>\n<p>Special Feature: On the Shakudo base, Kachimushi\uff08Dragonfly\uff09 is engraved with gold.<\/p>\n<p>In Kiri box<br \/>\nAoi Art estimation paper<\/p>\n<p><a href=\"https:\/\/www.aoijapan.com\/img\/fittings\/2025\/F25008.jpg\"><img decoding=\"async\" src=\"https:\/\/www.aoijapan.com\/img\/fittings\/2025\/F25008.jpg\" alt=\"\" width=\"100%\" height=\"100%\" \/><\/a><br \/>\n<a href=\"https:\/\/www.aoijapan.com\/img\/fittings\/2025\/F25008paper-1.jpg\"><img decoding=\"async\" src=\"https:\/\/www.aoijapan.com\/img\/fittings\/2025\/F25008paper-1.jpg\" alt=\"\" width=\"100%\" height=\"100%\" \/><\/a> <\/p>\n","protected":false},"excerpt":{"rendered":"<p>Ordering Number: AF25008 Fuchi Kashira:Kachimushi Signature: Jochiku \u5982\u7af9 Fuchi Dimensions: 3.65 cm \u00d7 2.18 cm \u00d7 1.25 cm (\u2248 1.44 in \u00d7 0.86 in \u00d7 0.49 in) Kashira Dimensions: 3.22 cm \u00d7 1.79 cm \u00d7 0.75 cm (\u2248 1.27 in \u00d7 0.70 in \u00d7 0.30 in) Era: The Edo period Special Feature: On the Shakudo [&#8230;]\n","protected":false},"featured_media":0,"template":"","meta":[],"class_list":["post-26248","product","type-product","status-publish","hentry","product_cat-fuchikashira-en","product_cat-fittings-en"],"_links":{"self":[{"href":"https:\/\/sword-auction.com\/en\/wp-json\/wp\/v2\/product\/26248","targetHints":{"allow":["GET"]}}],"collection":[{"href":"https:\/\/sword-auction.com\/en\/wp-json\/wp\/v2\/product"}],"about":[{"href":"https:\/\/sword-auction.com\/en\/wp-json\/wp\/v2\/types\/product"}],"wp:attachment":[{"href":"https:\/\/sword-auction.com\/en\/wp-json\/wp\/v2\/media?parent=26248"}],"curies":[{"name":"wp","href":"https:\/\/api.w.org\/{rel}","templated":true}]}}