{"id":26203,"date":"2025-03-28T13:43:20","date_gmt":"2025-03-28T04:43:20","guid":{"rendered":"https:\/\/sword-auction.com\/product\/26203\/af25022-%e7%b8%81%e9%a0%ad%ef%bc%9a%e7%84%a1%e9%8a%98%ef%bc%88%e6%9f%b3%e5%b7%9d%ef%bc%89%ef%bc%88%e4%bf%9d%e5%ad%98%e5%88%80%e8%a3%85%e5%85%b7%ef%bc%89\/"},"modified":"2025-03-28T13:44:39","modified_gmt":"2025-03-28T04:44:39","slug":"af25022-%e7%b8%81%e9%a0%ad%ef%bc%9a%e7%84%a1%e9%8a%98%ef%bc%88%e6%9f%b3%e5%b7%9d%ef%bc%89%ef%bc%88%e4%bf%9d%e5%ad%98%e5%88%80%e8%a3%85%e5%85%b7%ef%bc%89","status":"publish","type":"product","link":"https:\/\/sword-auction.com\/en\/product\/26203\/af25022-%e7%b8%81%e9%a0%ad%ef%bc%9a%e7%84%a1%e9%8a%98%ef%bc%88%e6%9f%b3%e5%b7%9d%ef%bc%89%ef%bc%88%e4%bf%9d%e5%ad%98%e5%88%80%e8%a3%85%e5%85%b7%ef%bc%89\/","title":{"rendered":"AF25022  Fuchi Kashira:Mumei(Unsigned)\uff08Yanagawa\uff09 (NBTHK Hozon Tosogu)"},"content":{"rendered":"<p>Fuchi Kashira: Peony and Shishi-dog (NBTHK Hozon Tosogu)<br \/>\nSignature: Mumei(Unsigned)\uff08Yanagawa\uff09<br \/>\n\uff08\u67f3\u5ddd\uff09<\/p>\n<p>Fuchi Dimensions: 3.88 cm \u00d7 2.52 cm \u00d7 1.44 cm (\u2248 1.53 in \u00d7 0.99 in \u00d7 0.57 in)<br \/>\nKashira Dimensions: 3.57 cm \u00d7 2.04 cm \u00d7 0.90 cm (\u2248 1.41 in \u00d7 0.80 in \u00d7 0.35 in)<\/p>\n<p>Era: The Edo period<\/p>\n<p>Special Feature: On the Shakudo nanako base, Peony and Shishi-dog are egraved with color.<\/p>\n<p>In Kiri box<br \/>\nNBTHK Hozon Paper<br \/>\nAoi Art estimation paper<\/p>\n<p><a href=\"https:\/\/www.aoijapan.com\/img\/fittings\/2025\/F25022.jpg\"><img decoding=\"async\" src=\"https:\/\/www.aoijapan.com\/img\/fittings\/2025\/F25022.jpg\" alt=\"\" width=\"100%\" height=\"100%\" \/><\/a><br \/>\n<a href=\"https:\/\/www.aoijapan.com\/img\/fittings\/2025\/F25022paper-1.jpg\"><img decoding=\"async\" src=\"https:\/\/www.aoijapan.com\/img\/fittings\/2025\/F25022paper-1.jpg\" alt=\"\" width=\"100%\" height=\"100%\" \/><\/a><\/p>\n","protected":false},"excerpt":{"rendered":"<p>Fuchi Kashira: Peony and Shishi-dog (NBTHK Hozon Tosogu) Signature: Mumei(Unsigned)\uff08Yanagawa\uff09 \uff08\u67f3\u5ddd\uff09 Fuchi Dimensions: 3.88 cm \u00d7 2.52 cm \u00d7 1.44 cm (\u2248 1.53 in \u00d7 0.99 in \u00d7 0.57 in) Kashira Dimensions: 3.57 cm \u00d7 2.04 cm \u00d7 0.90 cm (\u2248 1.41 in \u00d7 0.80 in \u00d7 0.35 in) Era: The Edo period Special Feature: [&#8230;]\n","protected":false},"featured_media":0,"template":"","meta":[],"class_list":["post-26203","product","type-product","status-publish","hentry","product_cat-fuchikashira-en","product_cat-fittings-en"],"_links":{"self":[{"href":"https:\/\/sword-auction.com\/en\/wp-json\/wp\/v2\/product\/26203","targetHints":{"allow":["GET"]}}],"collection":[{"href":"https:\/\/sword-auction.com\/en\/wp-json\/wp\/v2\/product"}],"about":[{"href":"https:\/\/sword-auction.com\/en\/wp-json\/wp\/v2\/types\/product"}],"wp:attachment":[{"href":"https:\/\/sword-auction.com\/en\/wp-json\/wp\/v2\/media?parent=26203"}],"curies":[{"name":"wp","href":"https:\/\/api.w.org\/{rel}","templated":true}]}}