{"id":26165,"date":"2025-03-26T14:25:00","date_gmt":"2025-03-26T05:25:00","guid":{"rendered":"https:\/\/sword-auction.com\/product\/26165\/af25021-%e7%b8%81%e9%a0%ad%ef%bc%9a%e7%84%a1%e9%8a%98%ef%bc%88%e9%98%bf%e6%b3%a2%e9%87%8e%e6%9d%91%e6%b4%be%ef%bc%89%e7%89%b9%e5%88%a5%e4%bf%9d%e5%ad%98%e5%88%80%e8%a3%85%e5%85%b7\/"},"modified":"2025-03-26T14:25:32","modified_gmt":"2025-03-26T05:25:32","slug":"af25021-%e7%b8%81%e9%a0%ad%ef%bc%9a%e7%84%a1%e9%8a%98%ef%bc%88%e9%98%bf%e6%b3%a2%e9%87%8e%e6%9d%91%e6%b4%be%ef%bc%89%e7%89%b9%e5%88%a5%e4%bf%9d%e5%ad%98%e5%88%80%e8%a3%85%e5%85%b7","status":"publish","type":"product","link":"https:\/\/sword-auction.com\/en\/product\/26165\/af25021-%e7%b8%81%e9%a0%ad%ef%bc%9a%e7%84%a1%e9%8a%98%ef%bc%88%e9%98%bf%e6%b3%a2%e9%87%8e%e6%9d%91%e6%b4%be%ef%bc%89%e7%89%b9%e5%88%a5%e4%bf%9d%e5%ad%98%e5%88%80%e8%a3%85%e5%85%b7\/","title":{"rendered":"AF25021  Fuchi Kashira:Mumei(Unsigned)\uff08Awa-Nomura School\uff09(NBTHK Tokubetsu Hozon Tosogu)"},"content":{"rendered":"<p>Fuchi Kashira: Nanten and a small bird(NBTHK Tokubetsu Hozon Tosogu)\u5357\u5929\u5c0f\u79bd<br \/>\nSignature: Mumei(Unsigned)\uff08Awa-Nomura School\uff09<br \/>\n\uff08\u963f\u6ce2\u91ce\u6751\u6d3e\uff09<\/p>\n<p>Fuchi Dimensions: 3.99 cm \u00d7 2.23 cm \u00d7 1.21 cm (\u2248 1.57 inches \u00d7 0.88 inches \u00d7 0.48 inches)<br \/>\nKashira Dimensions: 3.48 cm \u00d7 1.83 cm \u00d7 0.79 cm (\u2248 1.37 inches \u00d7 0.72 inches \u00d7 0.31 inches)<br \/>\nEra: The Edo period<\/p>\n<p>Special Feature: On the Shakudo base, Nanten* and a small bird are engraved with color.<br \/>\n*In Japan, nandina (Nanten) has long been cherished as an auspicious plant. It is used as a herbal remedy for relieving coughs, and its name is associated with the phrase &#8220;nan o tenjite fuku to nasu&#8221; (&#8220;turning misfortune into good fortune&#8221;), making it a symbol of good luck.<\/p>\n<p>In Kiri box<br \/>\nNBTHK Tokubetsu Hozon Paper<br \/>\nAoi Art estimation paper<\/p>\n<p><a href=\"https:\/\/www.aoijapan.com\/img\/fittings\/2025\/F25021.jpg\"><img decoding=\"async\" src=\"https:\/\/www.aoijapan.com\/img\/fittings\/2025\/F25021.jpg\" alt=\"\" width=\"100%\" height=\"100%\" \/><\/a><br \/>\n<a href=\"https:\/\/www.aoijapan.com\/img\/fittings\/2025\/F25021paper-1.jpg\"><img decoding=\"async\" src=\"https:\/\/www.aoijapan.com\/img\/fittings\/2025\/F25021paper-1.jpg\" alt=\"\" width=\"100%\" height=\"100%\" \/><\/a><\/p>\n","protected":false},"excerpt":{"rendered":"<p>Fuchi Kashira: Nanten and a small bird(NBTHK Tokubetsu Hozon Tosogu)\u5357\u5929\u5c0f\u79bd Signature: Mumei(Unsigned)\uff08Awa-Nomura School\uff09 \uff08\u963f\u6ce2\u91ce\u6751\u6d3e\uff09 Fuchi Dimensions: 3.99 cm \u00d7 2.23 cm \u00d7 1.21 cm (\u2248 1.57 inches \u00d7 0.88 inches \u00d7 0.48 inches) Kashira Dimensions: 3.48 cm \u00d7 1.83 cm \u00d7 0.79 cm (\u2248 1.37 inches \u00d7 0.72 inches \u00d7 0.31 inches) Era: The Edo [&#8230;]\n","protected":false},"featured_media":0,"template":"","meta":[],"class_list":["post-26165","product","type-product","status-publish","hentry","product_cat-fuchikashira-en","product_cat-fittings-en"],"_links":{"self":[{"href":"https:\/\/sword-auction.com\/en\/wp-json\/wp\/v2\/product\/26165","targetHints":{"allow":["GET"]}}],"collection":[{"href":"https:\/\/sword-auction.com\/en\/wp-json\/wp\/v2\/product"}],"about":[{"href":"https:\/\/sword-auction.com\/en\/wp-json\/wp\/v2\/types\/product"}],"wp:attachment":[{"href":"https:\/\/sword-auction.com\/en\/wp-json\/wp\/v2\/media?parent=26165"}],"curies":[{"name":"wp","href":"https:\/\/api.w.org\/{rel}","templated":true}]}}