{"id":25835,"date":"2025-03-02T15:28:40","date_gmt":"2025-03-02T06:28:40","guid":{"rendered":"https:\/\/sword-auction.com\/product\/25835\/af24759-%e5%8d%b0%e7%b1%a0%ef%bc%88%e5%90%88%e8%a8%8815%e7%82%b9%ef%bc%89%e5%a7%94%e8%a8%97%e5%93%81\/"},"modified":"2025-03-02T15:29:12","modified_gmt":"2025-03-02T06:29:12","slug":"af24759-%e5%8d%b0%e7%b1%a0%ef%bc%88%e5%90%88%e8%a8%8815%e7%82%b9%ef%bc%89%e5%a7%94%e8%a8%97%e5%93%81","status":"publish","type":"product","link":"https:\/\/sword-auction.com\/en\/product\/25835\/af24759-%e5%8d%b0%e7%b1%a0%ef%bc%88%e5%90%88%e8%a8%8815%e7%82%b9%ef%bc%89%e5%a7%94%e8%a8%97%e5%93%81\/","title":{"rendered":"AF24759 Inro Collection (Total 15 Pieces) (Consignment Sale)"},"content":{"rendered":"<p>Ordering Number: AF24759<\/p>\n<p>Inro Collection (Total 15 Pieces) (Consignment Sale)<br \/>\nBox Dimensions: 23.5 cm \u00d7 24 cm<br \/>\nWeight: 1935 g (before packaging)<\/p>\n<p>1)<br \/>\nSignature: Mumei (Unsigned)<br \/>\nInro Dimensions: 9.59 cm \u00d7 4.90 cm \u00d7 2.63 cm<br \/>\nNetsuke (Boat): 5.32 cm \u00d7 2.10 cm<br \/>\nFeatures: The inro is decorated with flowers and a tree stump.<\/p>\n<p>2)<br \/>\nSignature: Kansh\u014dsai (\u89c0\u677e\u658e)<br \/>\nInro Dimensions: 7.17 cm \u00d7 8.90 cm \u00d7 2.49 cm<br \/>\nNetsuke (Monkey): 3.51 cm \u00d7 2.83 cm<br \/>\nFeatures: The inro is adorned with turbulent waves and pine trees.<\/p>\n<p>3)<br \/>\nSignature: Mumei (Unsigned)<br \/>\nInro Dimensions: 7.37 cm \u00d7 4.93 cm \u00d7 2.02 cm<br \/>\nNetsuke (Monkey): 3.51 cm \u00d7 2.83 cm<br \/>\nFeatures: The inro depicts a landscape scene.<\/p>\n<p>4)<br \/>\nSignature: Mumei (Unsigned)<br \/>\nInro Dimensions: 8.02 cm \u00d7 6.03 cm \u00d7 2.24 cm<br \/>\nNetsuke (Shell): 3.51 cm \u00d7 2.83 cm<br \/>\nFeatures: The inro is decorated with chrysanthemums.<\/p>\n<p>5)<br \/>\nSignature: Sh\u014dkasai (\u677e\u82b1\u658e)<br \/>\nInro Dimensions: 8.89 cm \u00d7 5.53 cm \u00d7 2.15 cm<br \/>\nNetsuke (Shell): 3.42 cm \u00d7 4.63 cm<br \/>\nFeatures: The inro depicts a rooster, with vibrant red tones.<\/p>\n<p>6)<br \/>\nSignature: Kajikawa Saku (\u68b6\u5ddd\u4f5c) (with Kao)<br \/>\nInro Dimensions: 6.82 cm \u00d7 5.08 cm \u00d7 2.05 cm<br \/>\nNetsuke (Bells) \u00d7 2: 3.04 cm \u00d7 1.62 cm<br \/>\nFeatures: The inro is decorated with birds in silver maki-e.<\/p>\n<p>7)<br \/>\nSignature: Mumei (Unsigned)<br \/>\nInro Dimensions: 7.27 cm \u00d7 6.48 cm \u00d7 2.03 cm<br \/>\nNetsuke (Elderly Man): 3.04 cm \u00d7 3.11 cm<br \/>\nFeatures: The inro depicts a scene of a hen and chicks in gold and silver maki-e.<\/p>\n<p>8)<br \/>\nSignature: Kajikawa Saku (\u68b6\u5ddd\u4f5c) (with Kao)<br \/>\nInro Dimensions: 8.36 cm \u00d7 5.14 cm \u00d7 2.06 cm<br \/>\nNetsuke (Shishi\/Lion Dog): 3.30 cm \u00d7 2.37 cm<br \/>\nFeatures: The inro is adorned with a curtained dais and a bouquet, featuring silver painting.<\/p>\n<p>9)<br \/>\nSignature: Mumei (Unsigned)<br \/>\nInro Dimensions: 8.93 cm \u00d7 4.56 cm \u00d7 2.70 cm<br \/>\nNetsuke (Human Figure): 3.74 cm \u00d7 1.97 cm<br \/>\nFeatures: The inro features a design of cranes in gold maki-e.<\/p>\n<p>10)<br \/>\nSignature: Nikk\u014dsai (\u65e5\u5149\u658e)<br \/>\nInro Dimensions: 8.96 cm \u00d7 5.79 cm \u00d7 2.09 cm<br \/>\nNetsuke (Shishi\/Lion Dog): 4.12 cm \u00d7 2.77 cm<br \/>\nFeatures: The inro depicts a raptor (bird of prey) in gold maki-e.<\/p>\n<p>11)<br \/>\nSignature: Hirakawasai (\u5e73\u5ddd\u658e)<br \/>\nInro Dimensions: 8.91 cm \u00d7 6.27 cm \u00d7 1.92 cm<br \/>\nNetsuke (Tiger): 3.28 cm \u00d7 3.22 cm<br \/>\nFeatures: The inro is decorated with dragons and tigers in gold maki-e.<\/p>\n<p>12)<br \/>\nSignature: Mumei (Unsigned)<br \/>\nInro Dimensions: 8.32 cm \u00d7 4.10 cm \u00d7 1.88 cm<br \/>\nNetsuke (Peach): 3.91 cm \u00d7 1.37 cm<br \/>\nFeatures: The inro depicts cherry blossoms and birds in gold maki-e.<\/p>\n<p>13)<br \/>\nSignature: Mumei (Unsigned)<br \/>\nInro Dimensions: 8.73 cm \u00d7 4.89 cm \u00d7 2.85 cm<br \/>\nNetsuke (Dog): 3.59 cm \u00d7 2.64 cm<br \/>\nFeatures: The inro is decorated with plum blossoms and a fence in gold and silver maki-e, with blue shell inlays.<\/p>\n<p>14)<br \/>\nSignature: Mumei (Unsigned)<br \/>\nOuter Box Dimensions: 8.59 cm \u00d7 5.58 cm \u00d7 3.08 cm<br \/>\nInro Dimensions: 8.73 cm \u00d7 4.49 cm \u00d7 2.59 cm<br \/>\nNetsuke (Human Figure): 3.91 cm \u00d7 3.04 cm<br \/>\nFeatures: The outer box features a waterfall scene in gold and silver maki-e.<br \/>\nThe inro is decorated with a crescent moon, pampas grass, and bamboo blinds in gold maki-e.<\/p>\n<p>15)<br \/>\nSignature: Harumasa (\u6625\u6b63) (with Kao)<br \/>\nInro Dimensions: 9.82 cm \u00d7 4.93 cm \u00d7 3.27 cm<br \/>\nNetsuke (Gama Sennin &#8211; Toad Sage): 3.60 cm \u00d7 2.15 cm<br \/>\nFeatures: The inro depicts various flowers in gold maki-e.<\/p>\n<p>Includes a Box<br \/>\nAoi Art\u2019s Appraisal and Certificate<br \/>\n\u203b International shipping fee separate.<\/p>\n<p><a href=\"https:\/\/www.aoijapan.com\/img\/fittings\/2024\/F24759-1.jpg\"><img decoding=\"async\" src=\"https:\/\/www.aoijapan.com\/img\/fittings\/2024\/F24759-1.jpg\" alt=\"\" width=\"18%\" height=\"18%\" \/><\/a> <a href=\"https:\/\/www.aoijapan.com\/img\/fittings\/2024\/F24759-2.jpg\"><img decoding=\"async\" src=\"https:\/\/www.aoijapan.com\/img\/fittings\/2024\/F24759-2.jpg\" alt=\"\" width=\"18%\" height=\"18%\" \/><\/a> <a href=\"https:\/\/www.aoijapan.com\/img\/fittings\/2024\/F24759-3.jpg\"><img decoding=\"async\" src=\"https:\/\/www.aoijapan.com\/img\/fittings\/2024\/F24759-3.jpg\" alt=\"\" width=\"18%\" height=\"18%\" \/><\/a> <a href=\"https:\/\/www.aoijapan.com\/img\/fittings\/2024\/F24759-4.jpg\"><img decoding=\"async\" src=\"https:\/\/www.aoijapan.com\/img\/fittings\/2024\/F24759-4.jpg\" alt=\"\" width=\"18%\" height=\"18%\" \/><\/a> <a href=\"https:\/\/www.aoijapan.com\/img\/fittings\/2024\/F24759-5.jpg\"><img decoding=\"async\" src=\"https:\/\/www.aoijapan.com\/img\/fittings\/2024\/F24759-5.jpg\" alt=\"\" width=\"18%\" height=\"18%\" \/><\/a><\/p>\n","protected":false},"excerpt":{"rendered":"<p>Ordering Number: AF24759 Inro Collection (Total 15 Pieces) (Consignment Sale) Box Dimensions: 23.5 cm \u00d7 24 cm Weight: 1935 g (before packaging) 1) Signature: Mumei (Unsigned) Inro Dimensions: 9.59 cm \u00d7 4.90 cm \u00d7 2.63 cm Netsuke (Boat): 5.32 cm \u00d7 2.10 cm Features: The inro is decorated with flowers and a tree stump. 2) [&#8230;]\n","protected":false},"featured_media":0,"template":"","meta":[],"class_list":["post-25835","product","type-product","status-publish","hentry","product_cat-others-en"],"_links":{"self":[{"href":"https:\/\/sword-auction.com\/en\/wp-json\/wp\/v2\/product\/25835","targetHints":{"allow":["GET"]}}],"collection":[{"href":"https:\/\/sword-auction.com\/en\/wp-json\/wp\/v2\/product"}],"about":[{"href":"https:\/\/sword-auction.com\/en\/wp-json\/wp\/v2\/types\/product"}],"wp:attachment":[{"href":"https:\/\/sword-auction.com\/en\/wp-json\/wp\/v2\/media?parent=25835"}],"curies":[{"name":"wp","href":"https:\/\/api.w.org\/{rel}","templated":true}]}}