{"id":25767,"date":"2025-02-26T14:58:18","date_gmt":"2025-02-26T05:58:18","guid":{"rendered":"https:\/\/sword-auction.com\/?post_type=product&#038;p=25767"},"modified":"2025-03-05T12:53:19","modified_gmt":"2025-03-05T03:53:19","slug":"af24742-book-title-complete-collection-of-juyo-bijutsuall-9-volumes-vol-1-8-index-reference-materials","status":"publish","type":"product","link":"https:\/\/sword-auction.com\/en\/product\/25767\/af24742-book-title-complete-collection-of-juyo-bijutsuall-9-volumes-vol-1-8-index-reference-materials\/","title":{"rendered":"AF24742  Book Title: Complete Collection of Juyo Bijutsu(All 9 volumes: Vol. 1\u20138 + Index &#038; Reference Materials)"},"content":{"rendered":"<p>Ordering number: AF24742<\/p>\n<p>Book Title: Complete Collection of Juyo Bijutsu(All 9 volumes: Vol. 1\u20138 + Index &#038; Reference Materials)<br \/>\n\u65e5\u672c\u91cd\u8981\u7f8e\u8853\u54c1\u5168\u96c6<\/p>\n<p>Publisher: Seish\u014dsha<br \/>\nSupervised by: Junji Honma<br \/>\nEdited by: Y\u016bichi Hiroi<\/p>\n<p>Issued year:1986<\/p>\n<p>Total Weight (Before Packaging): 14,230g<br \/>\nTotal Dimensions: 30.5 cm \u00d7 21.8 cm \u00d7 24.8 cm (\u2248 12.01 inches \u00d7 8.58 inches \u00d7 9.76 inches)<\/p>\n<p>Explanation\uff1aAs the title suggests, this book features swords and fittings that were recognized as Juyo Bijutsu up until the year of publication. In good condition.<\/p>\n<p>\u203b\u3000Not available for individual sale<br \/>\n\u203b Domestic and international shipping costs are additional.<\/p>\n<p><a href=\"https:\/\/www.aoijapan.com\/img\/fittings\/book\/F24742.jpg\"><img decoding=\"async\" src=\"https:\/\/www.aoijapan.com\/img\/fittings\/book\/F24742.jpg\" alt=\"\" width=\"100%\" height=\"100%\" \/><\/a><\/p>\n","protected":false},"excerpt":{"rendered":"<p>Ordering number: AF24742 Book Title: Complete Collection of Juyo Bijutsu(All 9 volumes: Vol. 1\u20138 + Index &#038; Reference Materials) \u65e5\u672c\u91cd\u8981\u7f8e\u8853\u54c1\u5168\u96c6 Publisher: Seish\u014dsha Supervised by: Junji Honma Edited by: Y\u016bichi Hiroi Issued year:1986 Total Weight (Before Packaging): 14,230g Total Dimensions: 30.5 cm \u00d7 21.8 cm \u00d7 24.8 cm (\u2248 12.01 inches \u00d7 8.58 inches \u00d7 9.76 [&#8230;]\n","protected":false},"featured_media":0,"template":"","meta":[],"class_list":["post-25767","product","type-product","status-publish","hentry","product_cat-fittings-en","product_cat-other-en"],"_links":{"self":[{"href":"https:\/\/sword-auction.com\/en\/wp-json\/wp\/v2\/product\/25767","targetHints":{"allow":["GET"]}}],"collection":[{"href":"https:\/\/sword-auction.com\/en\/wp-json\/wp\/v2\/product"}],"about":[{"href":"https:\/\/sword-auction.com\/en\/wp-json\/wp\/v2\/types\/product"}],"wp:attachment":[{"href":"https:\/\/sword-auction.com\/en\/wp-json\/wp\/v2\/media?parent=25767"}],"curies":[{"name":"wp","href":"https:\/\/api.w.org\/{rel}","templated":true}]}}