{"id":25708,"date":"2025-02-22T16:33:32","date_gmt":"2025-02-22T07:33:32","guid":{"rendered":"https:\/\/sword-auction.com\/?post_type=product&#038;p=25708"},"modified":"2025-02-23T10:03:51","modified_gmt":"2025-02-23T01:03:51","slug":"af23752-set-of-tosogukozuka%e3%83%bbkogai%ef%bc%9agoto-mitsutomokao%e3%80%81menuki%ef%bc%9aunsignedmumeimitsutomo%ef%bc%88kogai-kozuka-menuki","status":"publish","type":"product","link":"https:\/\/sword-auction.com\/en\/product\/25708\/af23752-set-of-tosogukozuka%e3%83%bbkogai%ef%bc%9agoto-mitsutomokao%e3%80%81menuki%ef%bc%9aunsignedmumeimitsutomo%ef%bc%88kogai-kozuka-menuki\/","title":{"rendered":"AF23752 Set of Tosogu:Kozuka\u30fbKogai\uff1aGot\u014d Mitsutomo(Kao)\u3001Menuki\uff1aUnsigned(Mumei)(Mitsutomo)(Kogai, Kozuka, Menuki)(NBTHK Tokubetsu Hozon Tosogu)"},"content":{"rendered":"<p>Set of Tosogu: Branch Chrysanthemum Motif\uff08Kogai, Kozuka, Menuki\uff09(NBTHK Tokubetsu Hozon Tosogu)<br \/>\nSignatures:<br \/>\nKozuka\u30fbKogai\uff1aGot\u014d Mitsutomo\uff08Kao)<br \/>\n(\u5f8c\u85e4\u5149\u502b)\uff08\u82b1\u62bc\uff09<br \/>\nMenuki\uff1aUnsigned\uff08Mumei)(Mitsutomo\uff09<br \/>\n\uff08\u5149\u502b\uff09<\/p>\n<p>K\u014dgai:<br \/>\nDimensions: 21.0 cm \u00d7 1.22 cm (\u2248 8.27 inches \u00d7 0.48 inches)<\/p>\n<p>Kozuka:<br \/>\nDimensions: 9.69 cm \u00d7 1.43 cm (\u2248 3.81 inches \u00d7 0.56 inches)<\/p>\n<p>Menuki:<br \/>\nDimension 1: 4.53 cm \u00d7 1.36 cm (\u2248 1.78 inches \u00d7 0.54 inches)<br \/>\nDimension 2: 4.56 cm \u00d7 1.44 cm (\u2248 1.80 inches \u00d7 0.57 inches)<\/p>\n<p>Jidai(era): the middle Edo period<\/p>\n<p>Features:<br \/>\nEngraved design of branch chrysanthemum motifs on a nanako-patterned shakud\u014d base, highlighted with colored inlays.<\/p>\n<p>Supplementary Information:<br \/>\nGot\u014d Mitsutomo (\u5f8c\u85e4\u5149\u502b) was the same person as Got\u014d Zenj\u014d (\u5f8c\u85e4\u5168\u4e57) of the so-called Waki-Got\u014d (Got\u014d Rihei family). He was originally known as Tomisabur\u014d before succeeding to the name Rihei. He passed away on October 25, Kansei 9 (1797), at the age of 78.<\/p>\n<p>The Got\u014d Rihei family continued for seven generations as follows:<br \/>\nKenj\u014d (Masutsugu) \u2192 Teij\u014d (Mitsumasa) \u2192 Etsuj\u014d (Mitsukuni) \u2192 Ranj\u014d (Mitsutaira) \u2192 Zenj\u014d (Mitsutomo) \u2192 Kakuj\u014d (Mitsuyasu) \u2192 Genj\u014d (Mitsuhiro).<\/p>\n<p>NBTHK Tokubetsu Hozon Tosogu<br \/>\nAoi estimation paper<br \/>\nIn Kiri box.<\/p>\n<p><a href=\"https:\/\/www.aoijapan.com\/img\/fittings\/2023\/F23752.jpg\"><img decoding=\"async\" src=\"https:\/\/www.aoijapan.com\/img\/fittings\/2023\/F23752.jpg\" alt=\"\" width=\"100%\" height=\"100%\" \/><\/a><br \/>\n<a href=\"https:\/\/www.aoijapan.com\/img\/fittings\/2023\/F23752paper-1.jpg\"><img decoding=\"async\" src=\"https:\/\/www.aoijapan.com\/img\/fittings\/2023\/F23752paper-1.jpg\" alt=\"\" width=\"100%\" height=\"100%\" \/><\/a> <\/p>\n","protected":false},"excerpt":{"rendered":"<p>Set of Tosogu: Branch Chrysanthemum Motif\uff08Kogai, Kozuka, Menuki\uff09(NBTHK Tokubetsu Hozon Tosogu) Signatures: Kozuka\u30fbKogai\uff1aGot\u014d Mitsutomo\uff08Kao) (\u5f8c\u85e4\u5149\u502b)\uff08\u82b1\u62bc\uff09 Menuki\uff1aUnsigned\uff08Mumei)(Mitsutomo\uff09 \uff08\u5149\u502b\uff09 K\u014dgai: Dimensions: 21.0 cm \u00d7 1.22 cm (\u2248 8.27 inches \u00d7 0.48 inches) Kozuka: Dimensions: 9.69 cm \u00d7 1.43 cm (\u2248 3.81 inches \u00d7 0.56 inches) Menuki: Dimension 1: 4.53 cm \u00d7 1.36 cm (\u2248 1.78 inches \u00d7 [&#8230;]\n","protected":false},"featured_media":0,"template":"","meta":[],"class_list":["post-25708","product","type-product","status-publish","hentry","product_cat-menuki-en","product_cat-fittings-en","product_cat-kozuka-en","product_cat-kougai-en"],"_links":{"self":[{"href":"https:\/\/sword-auction.com\/en\/wp-json\/wp\/v2\/product\/25708","targetHints":{"allow":["GET"]}}],"collection":[{"href":"https:\/\/sword-auction.com\/en\/wp-json\/wp\/v2\/product"}],"about":[{"href":"https:\/\/sword-auction.com\/en\/wp-json\/wp\/v2\/types\/product"}],"wp:attachment":[{"href":"https:\/\/sword-auction.com\/en\/wp-json\/wp\/v2\/media?parent=25708"}],"curies":[{"name":"wp","href":"https:\/\/api.w.org\/{rel}","templated":true}]}}