{"id":1568,"date":"2020-06-04T16:18:33","date_gmt":"2020-06-04T07:18:33","guid":{"rendered":"https:\/\/sword-auction.com\/all-auctions"},"modified":"2020-06-04T16:20:10","modified_gmt":"2020-06-04T07:20:10","slug":"all-auctions","status":"publish","type":"page","link":"https:\/\/sword-auction.com\/en\/all-auctions\/","title":{"rendered":"All Auctions"},"content":{"rendered":"<div class=\"woocommerce\">\n\t\t\t\n<p class=\"woocommerce-result-count hide-for-medium\">\n\tShowing 1&ndash;10 of 1697 results<\/p>\n\n\t\t\t<div class=\"products row row-small has-box-vertical large-columns-4 medium-columns-1 small-columns-1 has-shadow row-box-shadow-3\">\n\n\t\t\t\t\n\t\t\t\t\t\n<div class=\"product-small col has-hover product type-product post-25853 status-publish first instock product_cat-sword-en product_cat-tanto-en sold-individually shipping-taxable product-type-auction uwa_auction_status_expired\">\n\n<table class=\"text-main-table table small bg-white\" style=\"width: 100% !important\"><tr><th colspan=\"2\" class=\"text-center\">Product<\/th><th width=\"25%\" class=\"text-center\">Time Left:<\/th><th width=\"20%\" class=\"text-center\">Current bid<\/th><\/tr><tr><td width=\"18%\" class=\"text-center\"><a href=\"https:\/\/sword-auction.com\/en\/product\/25853\/as24312-%e7%9f%ad%e5%88%80%e5%90%89%e5%85%89%e4%bf%9d%e5%ad%98%e5%88%80%e5%89%a3\/\"><img decoding=\"async\" src=\"https:\/\/www.aoijapan.com\/img\/sword\/2024\/24312paper-1.jpg\" alt=\"\" width=\"40%\" height=\"40%\" \/><\/a><a href=\"https:\/\/www.aoijapan.com\/img\/sword\/2024\/24312paper-2.jpg\" width=\"100px\"><\/a><\/td><td><h6><small>Sword<\/small> &gt; <small>tanto<\/small><\/h6><h5><a href=\"https:\/\/sword-auction.com\/en\/product\/25853\/as24312-%e7%9f%ad%e5%88%80%e5%90%89%e5%85%89%e4%bf%9d%e5%ad%98%e5%88%80%e5%89%a3\/\">:AS24312  Tanto:YoshimitsuNBTHK Hozon Token)<\/a><\/h5><\/td><td><div style=\"color: red; font-weight: bold; text-align: center\">Expired<\/div><\/td><td class=\"text-center\">\uffe5300,000<br><small><small>bid count<b>\uff1a-<\/b><\/small><\/small><\/td><\/tr><\/table><\/div>\n\t\t\t\t\n\t\t\t\t\t\n<div class=\"product-small col has-hover product type-product post-28960 status-publish instock product_cat-sword-en product_cat-tanto-en sold-individually shipping-taxable product-type-auction uwa_auction_status_expired\">\n\n<table class=\"text-main-table table small bg-white\" style=\"width: 100% !important\"><tr><th colspan=\"2\" class=\"text-center\">Product<\/th><th width=\"25%\" class=\"text-center\">Time Left:<\/th><th width=\"20%\" class=\"text-center\">Current bid<\/th><\/tr><tr><td colspan=\"2\"><h6><small>Sword<\/small> &gt; <small>tanto<\/small><\/h6><h5><a href=\"https:\/\/sword-auction.com\/en\/product\/28960\/as24853-tantofujiwara-tomoshigenot-guarantee\/\">:AS24853  Tant\u014d:Fujiwara Tomoshige(Not Guarantee)<\/a><\/h5><\/td><td><div style=\"color: red; font-weight: bold; text-align: center\">Expired<\/div><\/td><td class=\"text-center\">\uffe5200,000<br><small><small>bid count<b>\uff1a1<\/b><\/small><\/small><\/td><\/tr><\/table><\/div>\n\t\t\t\t\n\t\t\t\t\t\n<div class=\"product-small col has-hover out-of-stock product type-product post-29300 status-publish outofstock product_cat-wakizashi-en product_cat-sword-en sold-individually shipping-taxable product-type-auction uwa_auction_status_expired\">\n\n<table class=\"text-main-table table small bg-white\" style=\"width: 100% !important\"><tr><th colspan=\"2\" class=\"text-center\">Product<\/th><th width=\"25%\" class=\"text-center\">Time Left:<\/th><th width=\"20%\" class=\"text-center\">Current bid<\/th><\/tr><tr><td colspan=\"2\"><h6><small>wakizashi<\/small> &gt; <small>Sword<\/small><\/h6><h5><a href=\"https:\/\/sword-auction.com\/en\/product\/29300\/as25486-wakizashiomi-daijo-fujiwara-tadahironbthk-tokubetsu-hozon-token\/\">:AS25486  Wakizashi:Omi Daijo Fujiwara Tadahiro(NBTHK Tokubetsu Hozon Token)<\/a><\/h5><\/td><td><div style=\"color: red; font-weight: bold; text-align: center\">Expired<\/div><\/td><td class=\"text-center\">\uffe5854,000<br><small><small>bid count<b>\uff1a5<\/b><\/small><\/small><\/td><\/tr><\/table><\/div>\n\t\t\t\t\n\t\t\t\t\t\n<div class=\"product-small col has-hover out-of-stock product type-product post-26228 status-publish last outofstock product_cat-fittings-en product_cat-other-en sold-individually shipping-taxable product-type-auction uwa_auction_status_expired\">\n\n<table class=\"text-main-table table small bg-white\" style=\"width: 100% !important\"><tr><th colspan=\"2\" class=\"text-center\">Product<\/th><th width=\"25%\" class=\"text-center\">Time Left:<\/th><th width=\"20%\" class=\"text-center\">Current bid<\/th><\/tr><tr><td colspan=\"2\"><h6><small>Fittings<\/small> &gt; <small>other<\/small><\/h6><h5><a href=\"https:\/\/sword-auction.com\/en\/product\/26228\/%e6%9b%b8%e7%b1%8d%ef%bc%9a%e8%8b%b1%e8%aa%9e%e7%89%88%ef%bc%9a%e6%97%a5%e6%9c%ac%e5%88%80%e4%ba%94%e3%83%b6%e4%bc%9d%e3%81%ae%e6%97%85%e3%80%80%e5%a4%a7%e5%92%8c%e4%bc%9d-4\/\">A JOURNEY THROUGH THE FIVE TRADITIONS OF JAPANESE SWORD MAKING THE YAMATO TRADIITON<\/a><\/h5><\/td><td><div style=\"color: red; font-weight: bold; text-align: center\">Expired<\/div><\/td><td class=\"text-center\">\uffe56,500<br><small><small>bid count<b>\uff1a1<\/b><\/small><\/small><\/td><\/tr><\/table><\/div>\n\t\t\t\t\n\t\t\t\t\t\n<div class=\"product-small col has-hover product type-product post-29602 status-publish first instock product_cat-fittings-en product_cat-kougai-en sold-individually shipping-taxable product-type-auction uwa_auction_status_expired\">\n\n<table class=\"text-main-table table small bg-white\" style=\"width: 100% !important\"><tr><th colspan=\"2\" class=\"text-center\">Product<\/th><th width=\"25%\" class=\"text-center\">Time Left:<\/th><th width=\"20%\" class=\"text-center\">Current bid<\/th><\/tr><tr><td colspan=\"2\"><h6><small>Fittings<\/small> &gt; <small>kouga<\/small><\/h6><h5><a href=\"https:\/\/sword-auction.com\/en\/product\/29602\/af-25571-%e7%ac%84%ef%bc%9a%e7%84%a1%e9%8a%98%ef%bc%88%e5%8f%a4%e9%87%91%e5%b7%a5%ef%bc%89%ef%bc%88%e4%bf%9d%e5%ad%98%e5%88%80%e8%a3%85%e5%85%b7%ef%bc%89\/\">AF 25571  K\u014dgai: Mumei (Unsigned, Ko-Kinko school)(NBTHK Hozon T\u014ds\u014dgu)<\/a><\/h5><\/td><td><div style=\"color: red; font-weight: bold; text-align: center\">Expired<\/div><\/td><td class=\"text-center\">\uffe575,000<br><small><small>bid count<b>\uff1a1<\/b><\/small><\/small><\/td><\/tr><\/table><\/div>\n\t\t\t\t\n\t\t\t\t\t\n<div class=\"product-small col has-hover product type-product post-29585 status-publish instock product_cat-fittings-en product_cat-kougai-en sold-individually shipping-taxable product-type-auction uwa_auction_status_expired\">\n\n<table class=\"text-main-table table small bg-white\" style=\"width: 100% !important\"><tr><th colspan=\"2\" class=\"text-center\">Product<\/th><th width=\"25%\" class=\"text-center\">Time Left:<\/th><th width=\"20%\" class=\"text-center\">Current bid<\/th><\/tr><tr><td colspan=\"2\"><h6><small>Fittings<\/small> &gt; <small>kouga<\/small><\/h6><h5><a href=\"https:\/\/sword-auction.com\/en\/product\/29585\/af-25572-kogaiunsigned\/\">AF 25572  K\u014dgai:Unsigned<\/a><\/h5><\/td><td><div style=\"color: red; font-weight: bold; text-align: center\">Expired<\/div><\/td><td class=\"text-center\">\uffe550,000<br><small><small>bid count<b>\uff1a-<\/b><\/small><\/small><\/td><\/tr><\/table><\/div>\n\t\t\t\t\n\t\t\t\t\t\n<div class=\"product-small col has-hover product type-product post-30921 status-publish instock product_cat-fittings-en product_cat-yoroikabuto-en sold-individually shipping-taxable product-type-auction uwa_auction_status_live\">\n\n<table class=\"text-main-table table small bg-white\" style=\"width: 100% !important\"><tr><th colspan=\"2\" class=\"text-center\">Product<\/th><th width=\"25%\" class=\"text-center\">Time Left:<\/th><th width=\"20%\" class=\"text-center\">Current bid<\/th><\/tr><tr><td colspan=\"2\"><h6><small>Fittings<\/small> &gt; <small>yoroikabuto<\/small><\/h6><h5><a href=\"https:\/\/sword-auction.com\/en\/product\/30921\/af12316-2-child-sized-replica-armor-unsigned\/\">AF12316-2 Child-sized replica armor: Unsigned<\/a><\/h5><\/td><td><script>var servertime='Apr 8, 2026 06:44:33 +0900'; console.log(222221111);<\/script><div class=\" uwa-main-auction-product-loop uwa_auction_product_countdown\" data-time=\"2026-04-09\"<\/td><td class=\"text-center\">\uffe550,000<br><small><small>bid count<b>\uff1a1<\/b><\/small><\/small><\/td><\/tr><\/table><\/div>\n\t\t\t\t\n\t\t\t\t\t\n<div class=\"product-small col has-hover product type-product post-30567 status-publish last instock product_cat-menuki-en product_cat-fittings-en sold-individually shipping-taxable product-type-auction uwa_auction_status_expired\">\n\n<table class=\"text-main-table table small bg-white\" style=\"width: 100% !important\"><tr><th colspan=\"2\" class=\"text-center\">Product<\/th><th width=\"25%\" class=\"text-center\">Time Left:<\/th><th width=\"20%\" class=\"text-center\">Current bid<\/th><\/tr><tr><td colspan=\"2\"><h6><small>menuki<\/small> &gt; <small>Fittings<\/small><\/h6><h5><a href=\"https:\/\/sword-auction.com\/en\/product\/30567\/af19063-1-menuki-mumei-unsigned-lion\/\">AF19063-1 Menuki: Mumei (unsigned) (Lion)<\/a><\/h5><\/td><td><div style=\"color: red; font-weight: bold; text-align: center\">Expired<\/div><\/td><td class=\"text-center\">\uffe549,000<br><small><small>bid count<b>\uff1a6<\/b><\/small><\/small><\/td><\/tr><\/table><\/div>\n\t\t\t\t\n\t\t\t\t\t\n<div class=\"product-small col has-hover product type-product post-25771 status-publish first instock product_cat-fittings-en product_cat-other-en sold-individually shipping-taxable product-type-auction uwa_auction_status_expired\">\n\n<table class=\"text-main-table table small bg-white\" style=\"width: 100% !important\"><tr><th colspan=\"2\" class=\"text-center\">Product<\/th><th width=\"25%\" class=\"text-center\">Time Left:<\/th><th width=\"20%\" class=\"text-center\">Current bid<\/th><\/tr><tr><td colspan=\"2\"><h6><small>Fittings<\/small> &gt; <small>other<\/small><\/h6><h5><a href=\"https:\/\/sword-auction.com\/en\/product\/25771\/af20525-yanonearrow-headmumei\/\">AF20525  Yanone(Arrow head):Mumei<\/a><\/h5><\/td><td><div style=\"color: red; font-weight: bold; text-align: center\">Expired<\/div><\/td><td class=\"text-center\">\uffe550,000<br><small><small>bid count<b>\uff1a-<\/b><\/small><\/small><\/td><\/tr><\/table><\/div>\n\t\t\t\t\n\t\t\t\t\t\n<div class=\"product-small col has-hover out-of-stock product type-product post-29129 status-publish outofstock product_cat-tsuba-en product_cat-fittings-en sold-individually shipping-taxable product-type-auction uwa_auction_status_expired\">\n\n<table class=\"text-main-table table small bg-white\" style=\"width: 100% !important\"><tr><th colspan=\"2\" class=\"text-center\">Product<\/th><th width=\"25%\" class=\"text-center\">Time Left:<\/th><th width=\"20%\" class=\"text-center\">Current bid<\/th><\/tr><tr><td colspan=\"2\"><h6><small>tsuba<\/small> &gt; <small>Fittings<\/small><\/h6><h5><a href=\"https:\/\/sword-auction.com\/en\/product\/29129\/af225617-tsuba-mumeiunsigned-waves-and-a-dragon-consignment-sale\/\">AF225617 Tsuba: Mumei(unsigned) waves and a dragon (Consignment Sale)<\/a><\/h5><\/td><td><div style=\"color: red; font-weight: bold; text-align: center\">Expired<\/div><\/td><td class=\"text-center\">\uffe561,000<br><small><small>bid count<b>\uff1a7<\/b><\/small><\/small><\/td><\/tr><\/table><\/div>\n\t\t\t\t\n\t\t\t\t<\/div><!-- row -->\n\n\t   \t<nav class=\"woocommerce-pagination\"><span aria-current=\"page\" class=\"page-numbers current\">1<\/span>\n<a class=\"page-numbers\" href=\"https:\/\/sword-auction.com\/en\/wp-json\/wp\/v2\/pages\/1568\/page\/2\/\">2<\/a>\n<a class=\"page-numbers\" href=\"https:\/\/sword-auction.com\/en\/wp-json\/wp\/v2\/pages\/1568\/page\/3\/\">3<\/a>\n<a class=\"page-numbers\" href=\"https:\/\/sword-auction.com\/en\/wp-json\/wp\/v2\/pages\/1568\/page\/4\/\">4<\/a>\n<span class=\"page-numbers dots\">&hellip;<\/span>\n<a class=\"page-numbers\" href=\"https:\/\/sword-auction.com\/en\/wp-json\/wp\/v2\/pages\/1568\/page\/168\/\">168<\/a>\n<a class=\"page-numbers\" href=\"https:\/\/sword-auction.com\/en\/wp-json\/wp\/v2\/pages\/1568\/page\/169\/\">169<\/a>\n<a class=\"page-numbers\" href=\"https:\/\/sword-auction.com\/en\/wp-json\/wp\/v2\/pages\/1568\/page\/170\/\">170<\/a>\n<a class=\"next page-numbers\" href=\"https:\/\/sword-auction.com\/en\/wp-json\/wp\/v2\/pages\/1568\/page\/2\/\">&rarr;<\/a><\/nav><\/div>\n","protected":false},"excerpt":{"rendered":"","protected":false},"author":6,"featured_media":0,"parent":0,"menu_order":0,"comment_status":"closed","ping_status":"closed","template":"","meta":{"footnotes":""},"class_list":["post-1568","page","type-page","status-publish","hentry"],"_links":{"self":[{"href":"https:\/\/sword-auction.com\/en\/wp-json\/wp\/v2\/pages\/1568","targetHints":{"allow":["GET"]}}],"collection":[{"href":"https:\/\/sword-auction.com\/en\/wp-json\/wp\/v2\/pages"}],"about":[{"href":"https:\/\/sword-auction.com\/en\/wp-json\/wp\/v2\/types\/page"}],"author":[{"embeddable":true,"href":"https:\/\/sword-auction.com\/en\/wp-json\/wp\/v2\/users\/6"}],"replies":[{"embeddable":true,"href":"https:\/\/sword-auction.com\/en\/wp-json\/wp\/v2\/comments?post=1568"}],"version-history":[{"count":0,"href":"https:\/\/sword-auction.com\/en\/wp-json\/wp\/v2\/pages\/1568\/revisions"}],"wp:attachment":[{"href":"https:\/\/sword-auction.com\/en\/wp-json\/wp\/v2\/media?parent=1568"}],"curies":[{"name":"wp","href":"https:\/\/api.w.org\/{rel}","templated":true}]}}